{"id":11482,"date":"2021-10-01T06:15:00","date_gmt":"2021-10-01T05:15:00","guid":{"rendered":"https:\/\/cosyowl.com\/product\/uncategorized\/wax-melt-letter-mould-48"},"modified":"2026-04-30T16:22:54","modified_gmt":"2026-04-30T15:22:54","slug":"vaxsmalta-brevformar-48","status":"publish","type":"product","link":"https:\/\/cosyowl.com\/sv\/craft-supplies\/wax-melt-supplies\/moulds-for-wax-melts\/wax-melt-letter-mould-48","title":{"rendered":"Vaxsm\u00e4ltningsform f\u00f6r bokst\u00e4ver - 48"},"content":{"rendered":"<p>Den h\u00e4r roliga bokstavsformen \u00e4r perfekt f\u00f6r att g\u00f6ra skr\u00e4ddarsydda <a href=\"https:\/\/cosyowl.com\/sv\/guides\/sandalwood-vanilla-leaf-wax-melts-guide\">vaxsm\u00e4ltor<\/a>, vilket ger dig m\u00f6jlighet att skapa valfria ord eller fraser.<\/p>\n<p><a href=\"https:\/\/cosyowl.com\/sv\/guides\/weighing-fragrance\">M\u00e4tningar<\/a> av denna m\u00f6gel*:<\/p>\n<p>Fullst\u00e4ndig form (l\u00e4ngd x bredd): 240 mm x 181 mm<\/p>\n<p>Storlek p\u00e5 brevform (l\u00e4ngd x bredd x djup): 20 mm x 20 mm x 15 mm<\/p>\n<p>*Observera att alla m\u00e5tt \u00e4r ungef\u00e4rliga.<\/p>","protected":false},"excerpt":{"rendered":"<p>Den h\u00e4r roliga bokstavsformen \u00e4r perfekt f\u00f6r att g\u00f6ra egna vaxsm\u00e4ltor och ger dig m\u00f6jlighet att skapa ord eller fraser. M\u00e5tt p\u00e5 denna form*: Hel form (l\u00e4ngd x bredd): 240 mm x 181 mm Bokstavsformens storlek (l\u00e4ngd x bredd x djup): 20mm x 20mm x 15mm *Observera att alla m\u00e5tt \u00e4r ungef\u00e4rliga.<\/p>","protected":false},"featured_media":12131,"comment_status":"open","ping_status":"closed","template":"","meta":{"_acf_changed":false},"product_brand":[],"product_cat":[535,790,843],"product_tag":[1595,1593,926],"class_list":{"0":"post-11482","1":"product","2":"type-product","3":"status-publish","4":"has-post-thumbnail","6":"product_cat-wax-melts-moulds","7":"product_cat-easter","8":"product_cat-halloween","9":"product_tag-easter","10":"product_tag-halloween","11":"product_tag-mould","12":"product_shipping_class-royal_mail","14":"first","15":"instock","16":"sale","17":"taxable","18":"shipping-taxable","19":"purchasable","20":"product-type-simple"},"acf":[],"_links":{"self":[{"href":"https:\/\/cosyowl.com\/sv\/wp-json\/wp\/v2\/product\/11482","targetHints":{"allow":["GET"]}}],"collection":[{"href":"https:\/\/cosyowl.com\/sv\/wp-json\/wp\/v2\/product"}],"about":[{"href":"https:\/\/cosyowl.com\/sv\/wp-json\/wp\/v2\/types\/product"}],"replies":[{"embeddable":true,"href":"https:\/\/cosyowl.com\/sv\/wp-json\/wp\/v2\/comments?post=11482"}],"wp:featuredmedia":[{"embeddable":true,"href":"https:\/\/cosyowl.com\/sv\/wp-json\/wp\/v2\/media\/12131"}],"wp:attachment":[{"href":"https:\/\/cosyowl.com\/sv\/wp-json\/wp\/v2\/media?parent=11482"}],"wp:term":[{"taxonomy":"product_brand","embeddable":true,"href":"https:\/\/cosyowl.com\/sv\/wp-json\/wp\/v2\/product_brand?post=11482"},{"taxonomy":"product_cat","embeddable":true,"href":"https:\/\/cosyowl.com\/sv\/wp-json\/wp\/v2\/product_cat?post=11482"},{"taxonomy":"product_tag","embeddable":true,"href":"https:\/\/cosyowl.com\/sv\/wp-json\/wp\/v2\/product_tag?post=11482"}],"curies":[{"name":"wp","href":"https:\/\/api.w.org\/{rel}","templated":true}]}}