{"id":11437,"date":"2021-01-07T06:15:00","date_gmt":"2021-01-07T06:15:00","guid":{"rendered":"https:\/\/cosyowl.com\/product\/uncategorized\/import-placeholder-for-tcdl-ccar-bowl-njoj-544"},"modified":"2026-04-30T16:22:55","modified_gmt":"2026-04-30T15:22:55","slug":"raffinerad-jojoba-bararolja","status":"publish","type":"product","link":"https:\/\/cosyowl.com\/sv\/craft-supplies\/body-care-supplies\/base-oils-and-butters-for-body-care\/refined-jojoba-carrier-oil","title":{"rendered":"Jojoba b\u00e4rarolja"},"content":{"rendered":"<p>Denna fantastiska raffinerade Jojoba Carrier Oil \u00e4r en <a href=\"https:\/\/cosyowl.com\/sv\/fragrance-oils\/strawberry-bon-bon\">f\u00f6rtjusande<\/a> transport\u00f6r f\u00f6r din <a href=\"https:\/\/cosyowl.com\/sv\/craft-supplies\/body-care-supplies\/fragrance-oils-for-body-care\/tea-tree-fragrance-oil\">eterisk olja<\/a>. Jojobaolja utvinns ur fr\u00f6na fr\u00e5n jojobabusken, som h\u00e4rstammar fr\u00e5n Nordamerika. Denna olja har m\u00e5nga antiinflammatoriska egenskaper, vilket h\u00e5ller din hud <a href=\"https:\/\/cosyowl.com\/sv\/guides\/scent-and-relaxation\">Lugn<\/a> och bekv\u00e4m medan vitamin B-komplexet hj\u00e4lper till att skydda och reparera hudbarri\u00e4ren. Jojobaolja inneh\u00e5ller ocks\u00e5 gadoleinsyra, som s\u00e4kerst\u00e4ller att oljan inte blockerar hudens porer och till\u00e5ter ett fritt fl\u00f6de av syre.<\/p>\n<p>F\u00f6rvara din jojobaolja i en <a href=\"https:\/\/cosyowl.com\/sv\/candle-making-supplies\/glitters\/lake-blue-biodegradable\">cool<\/a>F\u00f6rvara oljan torrt i rumstemperatur, eller om du f\u00f6redrar en kallare, fastare olja, f\u00f6rvara den i kylen.<\/p>\n<p>Observera att eftersom detta \u00e4r en kallpressad olja som inte har raffinerats. Det \u00e4r typiskt att i svalare temperaturer <a href=\"https:\/\/cosyowl.com\/sv\/candle-making-supplies\/fragrance-oils-for-candle-making\/all-fragrances\/honey-fragrance-oil\">naturlig<\/a> vaxerna i oljan b\u00f6rjar stelna och oljan ser dimmig ut och\/eller bildar vaxartade partiklar. Detta utseende p\u00e5verkar inte <a href=\"https:\/\/cosyowl.com\/sv\/candle-wicks\/wedo-lx-wick-raw\">kvalitet<\/a> av oljan. Om oljan f\u00f6rsiktigt v\u00e4rms upp till rumstemperatur sm\u00e4lter dessa vaxer och oljan blir <a href=\"https:\/\/cosyowl.com\/sv\/candle-making-extras\/50mm-candle-safety-label-white-black-text\">klar<\/a> och ljus.<\/p>\n<p><strong>Specifik gravitation<\/strong> 20\/25\u00b0<br \/>\n<strong>Brytningsindex<\/strong> 20\/40\u00b0 1.450-1.470<\/p>\n<p><em>Observera att v\u00e5r Jojoba Golden Oil endast \u00e4r av kosmetisk kvalitet.\u00a0<\/em><\/p>","protected":false},"excerpt":{"rendered":"<p>This stunning Refined Jojoba Carrier Oil is a delightful carrier for your essential oil. Jojoba oil is extracted from the seeds of the Jojoba bush, native to North America. This oil has many anti-inflammatory properties, keeping your skin calm and comfortable while the Vitamin B complex helps to protect and repair the skin barrier. Jojoba [&hellip;]<\/p>\n","protected":false},"featured_media":53359,"comment_status":"open","ping_status":"closed","template":"","meta":{"_acf_changed":false},"product_brand":[],"product_cat":[646,579,577,547,752,717],"product_tag":[932],"class_list":{"0":"post-11437","1":"product","2":"type-product","3":"status-publish","4":"has-post-thumbnail","6":"product_cat-soap-making-supplies-base","7":"product_cat-body-care-base-oils-butters","8":"product_cat-hair-care-carrier-oils","9":"product_cat-beard-oil-carrier-oils","10":"product_cat-sale-containers","11":"product_cat-sale","12":"product_tag-carrier-oil","13":"pa_bottle-size-100ml","14":"pa_bottle-size-1litre","15":"pa_bottle-size-250ml","16":"pa_bottle-size-5litre","17":"pa_bottle-size-500ml","19":"first","20":"instock","21":"sale","22":"taxable","23":"shipping-taxable","24":"purchasable","25":"product-type-variable"},"acf":[],"_links":{"self":[{"href":"https:\/\/cosyowl.com\/sv\/wp-json\/wp\/v2\/product\/11437","targetHints":{"allow":["GET"]}}],"collection":[{"href":"https:\/\/cosyowl.com\/sv\/wp-json\/wp\/v2\/product"}],"about":[{"href":"https:\/\/cosyowl.com\/sv\/wp-json\/wp\/v2\/types\/product"}],"replies":[{"embeddable":true,"href":"https:\/\/cosyowl.com\/sv\/wp-json\/wp\/v2\/comments?post=11437"}],"wp:featuredmedia":[{"embeddable":true,"href":"https:\/\/cosyowl.com\/sv\/wp-json\/wp\/v2\/media\/53359"}],"wp:attachment":[{"href":"https:\/\/cosyowl.com\/sv\/wp-json\/wp\/v2\/media?parent=11437"}],"wp:term":[{"taxonomy":"product_brand","embeddable":true,"href":"https:\/\/cosyowl.com\/sv\/wp-json\/wp\/v2\/product_brand?post=11437"},{"taxonomy":"product_cat","embeddable":true,"href":"https:\/\/cosyowl.com\/sv\/wp-json\/wp\/v2\/product_cat?post=11437"},{"taxonomy":"product_tag","embeddable":true,"href":"https:\/\/cosyowl.com\/sv\/wp-json\/wp\/v2\/product_tag?post=11437"}],"curies":[{"name":"wp","href":"https:\/\/api.w.org\/{rel}","templated":true}]}}