{"id":11379,"date":"2021-07-01T06:14:00","date_gmt":"2021-07-01T05:14:00","guid":{"rendered":"https:\/\/cosyowl.com\/product\/uncategorized\/import-placeholder-for-tcdl-cess-bowl-ncin-517"},"modified":"2026-03-03T13:45:22","modified_gmt":"2026-03-03T13:45:22","slug":"eterisk-olja-av-kanel","status":"publish","type":"product","link":"https:\/\/cosyowl.com\/sv\/candle-making-supplies\/essential-oils\/cinnamon-essential-oil","title":{"rendered":"Eterisk olja av kanel"},"content":{"rendered":"<p>Detta <strong>v\u00e4rmande kanel <a href=\"https:\/\/cosyowl.com\/sv\/craft-supplies\/body-care-supplies\/fragrance-oils-for-body-care\/tea-tree-fragrance-oil\">eterisk olja<\/a><\/strong> \u00e4r <strong>tr\u00f6stande och <a href=\"https:\/\/cosyowl.com\/sv\/candle-making-kits\/soy-wax-christmas-spice-candle-making-kit\">kryddig<\/a><\/strong> med en <strong><a href=\"https:\/\/cosyowl.com\/sv\/guides\/a-guide-to-creating-marshmallow-wax-melts\">s\u00f6t doft<\/a><\/strong> och en <strong>jordn\u00e4ra underton<\/strong>. Den kan anv\u00e4ndas individuellt eller som en del av en skr\u00e4ddarsydd doftblandning och passar utm\u00e4rkt ihop med andra <a href=\"https:\/\/cosyowl.com\/sv\/guides\/essential-oil-benefits\">eteriska oljor<\/a> som till exempel: <strong>Kryddnejlika<\/strong> och <strong>Orange<\/strong>. Denna eteriska olja kan anv\u00e4ndas i ljus, tv\u00e5lar och diffusorer.<\/p>\n<p>Alla v\u00e5ra eteriska oljor \u00e4r exklusiva f\u00f6r <a href=\"https:\/\/cosyowl.com\/sv\/\">Mysig uggla<\/a> och har utvecklats av v\u00e5ra experter f\u00f6r \u00f6verl\u00e4gsen doftupplevelse och anm\u00e4rkningsv\u00e4rda aromaterapeutiska egenskaper. V\u00e5ra oljor \u00e4r 100% koncentrerade \u00e4r kompatibla med alla v\u00e5ra vaxer, <a href=\"https:\/\/cosyowl.com\/sv\/guides\/how-to-melt-wax-soap-bases\">tv\u00e5lbaser<\/a> och augeooljor.<\/p>\n<p>Eteriska oljor b\u00f6r f\u00f6rvaras i en <a href=\"https:\/\/cosyowl.com\/sv\/candle-making-supplies\/glitters\/lake-blue-biodegradable\">cool<\/a>, m\u00f6rka platser f\u00f6r att f\u00f6rhindra oxidation. Den perfekta f\u00f6rvaringsplatsen \u00e4r i kylsk\u00e5pet, men om det inte \u00e4r idealiskt ska du se till att de h\u00e5lls borta fr\u00e5n direkt ljus och h\u00f6ga temperaturer.<\/p>\n<p><strong>Hur mycket eterisk olja ska jag tills\u00e4tta?<\/strong><\/p>\n<p>Alla v\u00e5ra eteriska oljor \u00e4r av h\u00f6g <a href=\"https:\/\/cosyowl.com\/sv\/candle-wicks\/wedo-lx-wick-raw\">kvalitet<\/a> och utformade f\u00f6r att ge en fantastisk doft och aromaterapeutiska egenskaper, s\u00e5 i allm\u00e4nhet \u00e4r mindre mer. Eteriska oljor b\u00f6r sp\u00e4das ut till en liten koncentration, t.ex:<\/p>\n<p>- 2% f\u00f6r utsp\u00e4dning i en b\u00e4rarolja<\/p>\n<p>- 3% f\u00f6r utsp\u00e4dning i tv\u00e5lbas<\/p>\n<p>- 3% f\u00f6r utsp\u00e4dning i <a href=\"https:\/\/cosyowl.com\/sv\/guides\/a-summers-beach-gel-votive-candle\">ljus<\/a> vax<\/p>\n<p>- 25% f\u00f6r utsp\u00e4dning i augeoolja<\/p>\n<p>Alla eteriska oljor har en s\u00e5 kallad flampunkt - den l\u00e4gsta temperatur vid vilken oljan b\u00f6rjar brinna och b\u00e5de doft- och l\u00e4keegenskaperna frig\u00f6rs.<\/p>\n<p>Flampunkten f\u00f6r kanel \u00e4r &gt;<strong>88\u00b0c <\/strong> ,f\u00f6r mer information om Flash Points <a href=\"https:\/\/cosyowl.com\/sv\/guider\/?p=770&wmc-currency=EUR\">f\u00f6lj denna l\u00e4nk<\/a><\/p>\n<p><strong><em>Observera att v\u00e5r eteriska kanelolja inte \u00e4r ekologisk och endast \u00e4r av kosmetisk kvalitet.<\/em><\/strong><\/p>","protected":false},"excerpt":{"rendered":"<p>This warming cinnamon essential oil is comforting and spicy with a sweet aroma and an earthy undertone. It can be used individually or as part of a bespoke fragrance medley, pairing brilliantly well with other essential oils such as: Clove and Orange. This essential oil can be used in candles, soaps and diffusers. All our [&hellip;]<\/p>\n","protected":false},"featured_media":12095,"comment_status":"open","ping_status":"closed","template":"","meta":{"_acf_changed":false},"product_brand":[],"product_cat":[542,765,544,585,582,649,543,545,637,753,717],"product_tag":[1599,938],"class_list":{"0":"post-11379","1":"product","2":"type-product","3":"status-publish","4":"has-post-thumbnail","6":"product_cat-candle-making-supplies-essential-oils","7":"product_cat-autumnal-fragrance-oils","8":"product_cat-beard-oil-essential-oils","9":"product_cat-hair-care-essential-oils","10":"product_cat-lip-balm-essential-oils","11":"product_cat-reed-diffusers-essential-oils","12":"product_cat-soap-making-supplies-essential-oils","13":"product_cat-wax-melts-essential-oils","14":"product_cat-body-care-essential-oils","15":"product_cat-sale-fragrance-oils","16":"product_cat-sale","17":"product_tag-autumn","18":"product_tag-essential-oil","19":"pa_bottle-size-10ml","20":"pa_bottle-size-30ml","21":"pa_bottle-size-50ml","23":"first","24":"instock","25":"sale","26":"taxable","27":"shipping-taxable","28":"purchasable","29":"product-type-variable"},"acf":[],"_links":{"self":[{"href":"https:\/\/cosyowl.com\/sv\/wp-json\/wp\/v2\/product\/11379","targetHints":{"allow":["GET"]}}],"collection":[{"href":"https:\/\/cosyowl.com\/sv\/wp-json\/wp\/v2\/product"}],"about":[{"href":"https:\/\/cosyowl.com\/sv\/wp-json\/wp\/v2\/types\/product"}],"replies":[{"embeddable":true,"href":"https:\/\/cosyowl.com\/sv\/wp-json\/wp\/v2\/comments?post=11379"}],"wp:featuredmedia":[{"embeddable":true,"href":"https:\/\/cosyowl.com\/sv\/wp-json\/wp\/v2\/media\/12095"}],"wp:attachment":[{"href":"https:\/\/cosyowl.com\/sv\/wp-json\/wp\/v2\/media?parent=11379"}],"wp:term":[{"taxonomy":"product_brand","embeddable":true,"href":"https:\/\/cosyowl.com\/sv\/wp-json\/wp\/v2\/product_brand?post=11379"},{"taxonomy":"product_cat","embeddable":true,"href":"https:\/\/cosyowl.com\/sv\/wp-json\/wp\/v2\/product_cat?post=11379"},{"taxonomy":"product_tag","embeddable":true,"href":"https:\/\/cosyowl.com\/sv\/wp-json\/wp\/v2\/product_tag?post=11379"}],"curies":[{"name":"wp","href":"https:\/\/api.w.org\/{rel}","templated":true}]}}