{"id":11348,"date":"2021-07-01T06:14:00","date_gmt":"2021-07-01T05:14:00","guid":{"rendered":"https:\/\/cosyowl.com\/product\/uncategorized\/import-placeholder-for-tcdl-cess-bowl-nrse-508"},"modified":"2026-03-03T13:45:22","modified_gmt":"2026-03-03T13:45:22","slug":"eterisk-olja-av-rosmarin","status":"publish","type":"product","link":"https:\/\/cosyowl.com\/sv\/candle-making-supplies\/essential-oils\/rosemary-essential-oil","title":{"rendered":"Eterisk olja av rosmarin"},"content":{"rendered":"<p>Detta <strong>upplyftande Rosmarin <a href=\"https:\/\/cosyowl.com\/sv\/craft-supplies\/body-care-supplies\/fragrance-oils-for-body-care\/tea-tree-fragrance-oil\">eterisk olja<\/a><\/strong> \u00e4r <strong><a href=\"https:\/\/cosyowl.com\/sv\/craft-kits\/candle-making-kits\/soy-wax-mulled-wine-christmas-candle-making-kit\">varm<\/a> och energigivande <\/strong>med en <strong><a href=\"https:\/\/cosyowl.com\/sv\/candle-making-supplies\/essential-oils\/marjoram-essential-oil\">\u00f6rtartad<\/a> arom<\/strong> och en <strong>citrusliknande underton<\/strong>. Den kan anv\u00e4ndas individuellt eller som en del av en skr\u00e4ddarsydd doftblandning och passar utm\u00e4rkt ihop med andra <a href=\"https:\/\/cosyowl.com\/sv\/guides\/essential-oil-benefits\">eteriska oljor<\/a> som till exempel: <strong>Citrongr\u00e4s<\/strong> och <strong>Pepparmint<\/strong>. Denna eteriska olja kan anv\u00e4ndas i ljus, tv\u00e5lar och diffusorer.<\/p>\n<p>Alla v\u00e5ra eteriska oljor \u00e4r exklusiva f\u00f6r <a href=\"https:\/\/cosyowl.com\/sv\/\">Mysig uggla<\/a> och har utvecklats av v\u00e5ra experter f\u00f6r \u00f6verl\u00e4gsen doftupplevelse och anm\u00e4rkningsv\u00e4rda aromaterapeutiska egenskaper. V\u00e5ra oljor \u00e4r 100% koncentrerade \u00e4r kompatibla med alla v\u00e5ra vaxer, <a href=\"https:\/\/cosyowl.com\/sv\/guides\/how-to-melt-wax-soap-bases\">tv\u00e5lbaser<\/a> och augeooljor.<\/p>\n<p>Eteriska oljor b\u00f6r f\u00f6rvaras i en <a href=\"https:\/\/cosyowl.com\/sv\/candle-making-supplies\/glitters\/lake-blue-biodegradable\">cool<\/a>, m\u00f6rka platser f\u00f6r att f\u00f6rhindra oxidation. Den perfekta f\u00f6rvaringsplatsen \u00e4r i kylsk\u00e5pet, men om det inte \u00e4r idealiskt ska du se till att de h\u00e5lls borta fr\u00e5n direkt ljus och h\u00f6ga temperaturer.<\/p>\n<p><strong>Hur mycket eterisk olja ska jag tills\u00e4tta?<\/strong><\/p>\n<p>Alla v\u00e5ra eteriska oljor \u00e4r av h\u00f6g <a href=\"https:\/\/cosyowl.com\/sv\/candle-wicks\/wedo-lx-wick-raw\">kvalitet<\/a> och utformade f\u00f6r att ge en fantastisk doft och aromaterapeutiska egenskaper, s\u00e5 i allm\u00e4nhet \u00e4r mindre mer. Eteriska oljor b\u00f6r sp\u00e4das ut till en liten koncentration, t.ex:<\/p>\n<ul>\n<li>2% f\u00f6r utsp\u00e4dning i en b\u00e4rarolja<\/li>\n<li>3% f\u00f6r utsp\u00e4dning i tv\u00e5lbas<\/li>\n<li>3% f\u00f6r utsp\u00e4dning i <a href=\"https:\/\/cosyowl.com\/sv\/guides\/a-summers-beach-gel-votive-candle\">ljus<\/a> vax<\/li>\n<li>25% f\u00f6r utsp\u00e4dning i augeoolja<\/li>\n<\/ul>\n<p>Alla eteriska oljor har en s\u00e5 kallad flampunkt - den l\u00e4gsta temperatur vid vilken oljan b\u00f6rjar brinna och b\u00e5de doft- och l\u00e4keegenskaperna frig\u00f6rs.<\/p>\n<p>Den<strong> Flampunkten f\u00f6r Rosmarin \u00e4r 43\u00b0c<\/strong> ,f\u00f6r mer information om Flash Points <a href=\"https:\/\/cosyowl.com\/sv\/guider\/?p=770&wmc-currency=EUR\">f\u00f6lj denna l\u00e4nk<\/a><\/p>\n<p><strong>Relativ densitet @ 20\u00b0C<\/strong> - 0.890-0.912<br \/>\n<strong>Brytningsindex @ 20\u00b0C<\/strong> - 1.464-1.476<br \/>\n<strong>Optisk rotation (\u00b0C)<\/strong> -6,0 till 12,0<\/p>\n<p><strong><em>Observera att v\u00e5r Rosemary Essential Oil inte \u00e4r ekologisk.<\/em><\/strong><\/p>","protected":false},"excerpt":{"rendered":"<p>This uplifting Rosemary essential oil is warm and energizing with an herbaceous aroma and a citrus-like undertone. It can be used individually or as part of a bespoke fragrance medley, pairing brilliantly well with other essential oils such as: Lemongrass and Peppermint. This essential oil can be used in candles, soaps and diffusers. All our [&hellip;]<\/p>\n","protected":false},"featured_media":12086,"comment_status":"open","ping_status":"closed","template":"","meta":{"_acf_changed":false},"product_brand":[],"product_cat":[542,544,585,582,649,543,545,637,753,717],"product_tag":[938],"class_list":{"0":"post-11348","1":"product","2":"type-product","3":"status-publish","4":"has-post-thumbnail","6":"product_cat-candle-making-supplies-essential-oils","7":"product_cat-beard-oil-essential-oils","8":"product_cat-hair-care-essential-oils","9":"product_cat-lip-balm-essential-oils","10":"product_cat-reed-diffusers-essential-oils","11":"product_cat-soap-making-supplies-essential-oils","12":"product_cat-wax-melts-essential-oils","13":"product_cat-body-care-essential-oils","14":"product_cat-sale-fragrance-oils","15":"product_cat-sale","16":"product_tag-essential-oil","17":"pa_bottle-size-10ml","18":"pa_bottle-size-30ml","19":"pa_bottle-size-50ml","21":"first","22":"instock","23":"sale","24":"taxable","25":"shipping-taxable","26":"purchasable","27":"product-type-variable"},"acf":[],"_links":{"self":[{"href":"https:\/\/cosyowl.com\/sv\/wp-json\/wp\/v2\/product\/11348","targetHints":{"allow":["GET"]}}],"collection":[{"href":"https:\/\/cosyowl.com\/sv\/wp-json\/wp\/v2\/product"}],"about":[{"href":"https:\/\/cosyowl.com\/sv\/wp-json\/wp\/v2\/types\/product"}],"replies":[{"embeddable":true,"href":"https:\/\/cosyowl.com\/sv\/wp-json\/wp\/v2\/comments?post=11348"}],"wp:featuredmedia":[{"embeddable":true,"href":"https:\/\/cosyowl.com\/sv\/wp-json\/wp\/v2\/media\/12086"}],"wp:attachment":[{"href":"https:\/\/cosyowl.com\/sv\/wp-json\/wp\/v2\/media?parent=11348"}],"wp:term":[{"taxonomy":"product_brand","embeddable":true,"href":"https:\/\/cosyowl.com\/sv\/wp-json\/wp\/v2\/product_brand?post=11348"},{"taxonomy":"product_cat","embeddable":true,"href":"https:\/\/cosyowl.com\/sv\/wp-json\/wp\/v2\/product_cat?post=11348"},{"taxonomy":"product_tag","embeddable":true,"href":"https:\/\/cosyowl.com\/sv\/wp-json\/wp\/v2\/product_tag?post=11348"}],"curies":[{"name":"wp","href":"https:\/\/api.w.org\/{rel}","templated":true}]}}