{"id":11312,"date":"2021-01-10T06:13:00","date_gmt":"2021-01-10T06:13:00","guid":{"rendered":"https:\/\/cosyowl.com\/product\/uncategorized\/import-placeholder-for-tcdl-cmca-bowl-llco-501"},"modified":"2026-03-03T13:45:40","modified_gmt":"2026-03-03T13:45:40","slug":"ljus-koppar-biologiskt-nedbrytbart-ljus-glitter","status":"publish","type":"product","link":"https:\/\/cosyowl.com\/sv\/craft-supplies\/wax-melt-supplies\/mica-powder-glitter\/light-copper-biodegradable-candle-glitter","title":{"rendered":"Ljus koppar biologiskt nedbrytbar ljusglitter"},"content":{"rendered":"<p>Denna vackra ljusa koppar <a href=\"https:\/\/cosyowl.com\/sv\/candle-making-supplies\/glitters\/apple-green-biodegradable\">biologiskt nedbrytbar<\/a> glitter \u00e4r en <a href=\"https:\/\/cosyowl.com\/sv\/candle-making-supplies\/glitters\/pure-white-biodegradable\">elegant<\/a> tillsats till din <a href=\"https:\/\/cosyowl.com\/sv\/guides\/sandalwood-vanilla-leaf-wax-melts-guide\">vaxsm\u00e4ltor<\/a>. Den metalliska kopparskuggan fungerar vackert med ljuset f\u00f6r att skapa en fantastisk reflektion i vaxet. Detta glitter kan anv\u00e4ndas i kosmetika, \u00f6gonskugga, tv\u00e5l, nagelkonst och hantverk.<\/p>\n<p>Denna produkt anv\u00e4nds b\u00e4st i vaxsm\u00e4ltor, om den anv\u00e4nds i ljus kan den t\u00e4ppa till veken!<\/p>","protected":false},"excerpt":{"rendered":"<p>This beautiful light copper biodegradable glitter is an elegant additive to your wax melts. The metallic copper shade works beautifully with the light to create stunning reflection within the wax. This glitter can be used in cosmetics, eyeshadow, soaps, nail art and crafts. This product is best used in wax melts, if used in candles [&hellip;]<\/p>\n","protected":false},"featured_media":12079,"comment_status":"open","ping_status":"closed","template":"","meta":{"_acf_changed":false},"product_brand":[],"product_cat":[541,540],"product_tag":[909,914],"class_list":{"0":"post-11312","1":"product","2":"type-product","3":"status-publish","4":"has-post-thumbnail","6":"product_cat-wax-melts-mica-powder-and-glitter","7":"product_cat-candle-making-supplies-mica-powder-glitter","8":"product_tag-black-friday","9":"product_tag-glitter","11":"first","12":"instock","13":"taxable","14":"shipping-taxable","15":"purchasable","16":"product-type-variable"},"acf":[],"_links":{"self":[{"href":"https:\/\/cosyowl.com\/sv\/wp-json\/wp\/v2\/product\/11312","targetHints":{"allow":["GET"]}}],"collection":[{"href":"https:\/\/cosyowl.com\/sv\/wp-json\/wp\/v2\/product"}],"about":[{"href":"https:\/\/cosyowl.com\/sv\/wp-json\/wp\/v2\/types\/product"}],"replies":[{"embeddable":true,"href":"https:\/\/cosyowl.com\/sv\/wp-json\/wp\/v2\/comments?post=11312"}],"wp:featuredmedia":[{"embeddable":true,"href":"https:\/\/cosyowl.com\/sv\/wp-json\/wp\/v2\/media\/12079"}],"wp:attachment":[{"href":"https:\/\/cosyowl.com\/sv\/wp-json\/wp\/v2\/media?parent=11312"}],"wp:term":[{"taxonomy":"product_brand","embeddable":true,"href":"https:\/\/cosyowl.com\/sv\/wp-json\/wp\/v2\/product_brand?post=11312"},{"taxonomy":"product_cat","embeddable":true,"href":"https:\/\/cosyowl.com\/sv\/wp-json\/wp\/v2\/product_cat?post=11312"},{"taxonomy":"product_tag","embeddable":true,"href":"https:\/\/cosyowl.com\/sv\/wp-json\/wp\/v2\/product_tag?post=11312"}],"curies":[{"name":"wp","href":"https:\/\/api.w.org\/{rel}","templated":true}]}}