{"id":11285,"date":"2021-01-10T06:13:15","date_gmt":"2021-01-10T06:13:15","guid":{"rendered":"https:\/\/cosyowl.com\/product\/uncategorized\/import-placeholder-for-tcdl-cmca-bowl-lblk-496"},"modified":"2026-03-03T13:45:40","modified_gmt":"2026-03-03T13:45:40","slug":"svart-biologiskt-nedbrytbart-ljusglitter","status":"publish","type":"product","link":"https:\/\/cosyowl.com\/sv\/candle-making-supplies\/glitters\/black-biodegradable","title":{"rendered":"Svart biologiskt nedbrytbart ljusglitter"},"content":{"rendered":"<p>Denna kolsvarta <a href=\"https:\/\/cosyowl.com\/sv\/candle-making-supplies\/glitters\/apple-green-biodegradable\">biologiskt nedbrytbar<\/a> glitter \u00e4r en extremt elegant tillsats till din <a href=\"https:\/\/cosyowl.com\/sv\/guides\/sandalwood-vanilla-leaf-wax-melts-guide\">vaxsm\u00e4ltor<\/a>. Med svart som en s\u00e5dan <a href=\"https:\/\/cosyowl.com\/sv\/candle-making-supplies\/candle-containers\/candle-glasses\/glass-candle-container-100cl-classic-jar-with-lid\">uttalande<\/a> f\u00e4rg kan den blandas med vilken annan f\u00e4rg som helst f\u00f6r att skapa en intressant kombination. Detta glitter kan anv\u00e4ndas i kosmetika, \u00f6gonskuggor, tv\u00e5lar, nagelkonst och hantverk.<\/p>\n<p>Denna produkt anv\u00e4nds b\u00e4st i vaxsm\u00e4ltor, om den anv\u00e4nds i ljus kan den t\u00e4ppa till veken!<\/p>","protected":false},"excerpt":{"rendered":"<p>This carbon black biodegradable glitter is an extremely classy additive to your wax melts. With black being such a statement colour, it can be mixed with any other colour to make for an interesting combination. This glitter can be used in cosmetics, eyeshadows, soaps, nail art and crafts. This product is best used in wax [&hellip;]<\/p>\n","protected":false},"featured_media":12074,"comment_status":"open","ping_status":"closed","template":"","meta":{"_acf_changed":false},"product_brand":[],"product_cat":[541,540],"product_tag":[909,914],"class_list":{"0":"post-11285","1":"product","2":"type-product","3":"status-publish","4":"has-post-thumbnail","6":"product_cat-wax-melts-mica-powder-and-glitter","7":"product_cat-candle-making-supplies-mica-powder-glitter","8":"product_tag-black-friday","9":"product_tag-glitter","11":"first","12":"instock","13":"taxable","14":"shipping-taxable","15":"purchasable","16":"product-type-variable"},"acf":[],"_links":{"self":[{"href":"https:\/\/cosyowl.com\/sv\/wp-json\/wp\/v2\/product\/11285","targetHints":{"allow":["GET"]}}],"collection":[{"href":"https:\/\/cosyowl.com\/sv\/wp-json\/wp\/v2\/product"}],"about":[{"href":"https:\/\/cosyowl.com\/sv\/wp-json\/wp\/v2\/types\/product"}],"replies":[{"embeddable":true,"href":"https:\/\/cosyowl.com\/sv\/wp-json\/wp\/v2\/comments?post=11285"}],"wp:featuredmedia":[{"embeddable":true,"href":"https:\/\/cosyowl.com\/sv\/wp-json\/wp\/v2\/media\/12074"}],"wp:attachment":[{"href":"https:\/\/cosyowl.com\/sv\/wp-json\/wp\/v2\/media?parent=11285"}],"wp:term":[{"taxonomy":"product_brand","embeddable":true,"href":"https:\/\/cosyowl.com\/sv\/wp-json\/wp\/v2\/product_brand?post=11285"},{"taxonomy":"product_cat","embeddable":true,"href":"https:\/\/cosyowl.com\/sv\/wp-json\/wp\/v2\/product_cat?post=11285"},{"taxonomy":"product_tag","embeddable":true,"href":"https:\/\/cosyowl.com\/sv\/wp-json\/wp\/v2\/product_tag?post=11285"}],"curies":[{"name":"wp","href":"https:\/\/api.w.org\/{rel}","templated":true}]}}