{"id":11284,"date":"2021-01-10T06:13:15","date_gmt":"2021-01-10T06:13:15","guid":{"rendered":"https:\/\/cosyowl.com\/product\/uncategorized\/import-placeholder-for-tcdl-cmca-bowl-lagr-495"},"modified":"2026-03-03T13:45:40","modified_gmt":"2026-03-03T13:45:40","slug":"appelgront-biologiskt-nedbrytbart-ljusglitter","status":"publish","type":"product","link":"https:\/\/cosyowl.com\/sv\/candle-making-supplies\/glitters\/apple-green-biodegradable","title":{"rendered":"Apple Green Biologiskt nedbrytbart ljusglitter"},"content":{"rendered":"<p>Detta imponerande \u00e4pple <a href=\"https:\/\/cosyowl.com\/sv\/fragrance-oils\/fresh-cut-grass\">gr\u00f6n<\/a> <a href=\"https:\/\/cosyowl.com\/sv\/craft-supplies\/wax-melt-supplies\/mica-powder-glitter\/orange-pink-biodegradable-candle-glitter\">biologiskt nedbrytbar<\/a> glitter \u00e4r ett m\u00e5ste f\u00f6r din <a href=\"https:\/\/cosyowl.com\/sv\/guides\/sandalwood-vanilla-leaf-wax-melts-guide\">vaxsm\u00e4ltor<\/a>. Med sin kraftfulla nyans framh\u00e4ver detta glitter andra skimmer i liknande f\u00e4rger. Detta glitter kan anv\u00e4ndas i kosmetika, \u00f6gonskugga, tv\u00e5l, nagelkonst och hantverk.<\/p>\n<p>Denna produkt anv\u00e4nds b\u00e4st i vaxsm\u00e4ltor, om den anv\u00e4nds i ljus kan den t\u00e4ppa till veken!<\/p>","protected":false},"excerpt":{"rendered":"<p>This impressive apple green biodegradable glitter is a must-have for your wax melts. With its powerful hue, this glitter enhances other shimmers of similar colours. This glitter can be used in cosmetics, eyeshadow, soaps, nail art and crafts. This product is best used in wax melts, if used in candles it can clog up the [&hellip;]<\/p>\n","protected":false},"featured_media":12073,"comment_status":"open","ping_status":"closed","template":"","meta":{"_acf_changed":false},"product_brand":[],"product_cat":[541,540],"product_tag":[909,914],"class_list":{"0":"post-11284","1":"product","2":"type-product","3":"status-publish","4":"has-post-thumbnail","6":"product_cat-wax-melts-mica-powder-and-glitter","7":"product_cat-candle-making-supplies-mica-powder-glitter","8":"product_tag-black-friday","9":"product_tag-glitter","11":"first","12":"instock","13":"taxable","14":"shipping-taxable","15":"purchasable","16":"product-type-variable"},"acf":[],"_links":{"self":[{"href":"https:\/\/cosyowl.com\/sv\/wp-json\/wp\/v2\/product\/11284","targetHints":{"allow":["GET"]}}],"collection":[{"href":"https:\/\/cosyowl.com\/sv\/wp-json\/wp\/v2\/product"}],"about":[{"href":"https:\/\/cosyowl.com\/sv\/wp-json\/wp\/v2\/types\/product"}],"replies":[{"embeddable":true,"href":"https:\/\/cosyowl.com\/sv\/wp-json\/wp\/v2\/comments?post=11284"}],"wp:featuredmedia":[{"embeddable":true,"href":"https:\/\/cosyowl.com\/sv\/wp-json\/wp\/v2\/media\/12073"}],"wp:attachment":[{"href":"https:\/\/cosyowl.com\/sv\/wp-json\/wp\/v2\/media?parent=11284"}],"wp:term":[{"taxonomy":"product_brand","embeddable":true,"href":"https:\/\/cosyowl.com\/sv\/wp-json\/wp\/v2\/product_brand?post=11284"},{"taxonomy":"product_cat","embeddable":true,"href":"https:\/\/cosyowl.com\/sv\/wp-json\/wp\/v2\/product_cat?post=11284"},{"taxonomy":"product_tag","embeddable":true,"href":"https:\/\/cosyowl.com\/sv\/wp-json\/wp\/v2\/product_tag?post=11284"}],"curies":[{"name":"wp","href":"https:\/\/api.w.org\/{rel}","templated":true}]}}