{"id":11282,"date":"2021-01-10T06:13:00","date_gmt":"2021-01-10T06:13:00","guid":{"rendered":"https:\/\/cosyowl.com\/product\/uncategorized\/import-placeholder-for-tcdl-cmca-bowl-lpgo-493"},"modified":"2026-03-03T13:45:40","modified_gmt":"2026-03-03T13:45:40","slug":"platina-guld-biologiskt-nedbrytbart-ljusglitter","status":"publish","type":"product","link":"https:\/\/cosyowl.com\/sv\/craft-supplies\/wax-melt-supplies\/mica-powder-glitter\/platinum-gold-biodegradable-candle-glitter","title":{"rendered":"Platinum Gold Biologiskt nedbrytbart ljusglitter"},"content":{"rendered":"<p>Detta <a href=\"https:\/\/cosyowl.com\/sv\/candle-making-supplies\/glitters\/pure-white-biodegradable\">elegant<\/a> platina guld <a href=\"https:\/\/cosyowl.com\/sv\/candle-making-supplies\/glitters\/apple-green-biodegradable\">biologiskt nedbrytbar<\/a> glitter \u00e4r ett bl\u00e4ndande ackompanjemang till din <a href=\"https:\/\/cosyowl.com\/sv\/guides\/sandalwood-vanilla-leaf-wax-melts-guide\">vaxsm\u00e4ltor<\/a>. Med f\u00e4rgen p\u00e5 detta glitter l\u00e4gger det till en annan niv\u00e5 av klass och sofistikering till ditt vax. Detta glitter kan anv\u00e4ndas i kosmetika, \u00f6gonskugga, tv\u00e5l, nagelkonst och hantverk.<\/p>\n<p>Denna produkt anv\u00e4nds b\u00e4st i vaxsm\u00e4ltor, om den anv\u00e4nds i ljus kan den t\u00e4ppa till veken!<\/p>","protected":false},"excerpt":{"rendered":"<p>This elegant platinum gold biodegradable glitter is a dazzling accompaniment to your wax melts. With the hue of this glitter, it adds another level of class and sophistication to your wax. This glitter can be used in cosmetics, eyeshadow, soaps, nail art and crafts. This product is best used in wax melts, if used in [&hellip;]<\/p>\n","protected":false},"featured_media":12071,"comment_status":"open","ping_status":"closed","template":"","meta":{"_acf_changed":false},"product_brand":[],"product_cat":[541,498,540],"product_tag":[909,1594,914],"class_list":{"0":"post-11282","1":"product","2":"type-product","3":"status-publish","4":"has-post-thumbnail","6":"product_cat-wax-melts-mica-powder-and-glitter","7":"product_cat-christmas","8":"product_cat-candle-making-supplies-mica-powder-glitter","9":"product_tag-black-friday","10":"product_tag-christmas","11":"product_tag-glitter","13":"first","14":"instock","15":"taxable","16":"shipping-taxable","17":"purchasable","18":"product-type-variable"},"acf":[],"_links":{"self":[{"href":"https:\/\/cosyowl.com\/sv\/wp-json\/wp\/v2\/product\/11282","targetHints":{"allow":["GET"]}}],"collection":[{"href":"https:\/\/cosyowl.com\/sv\/wp-json\/wp\/v2\/product"}],"about":[{"href":"https:\/\/cosyowl.com\/sv\/wp-json\/wp\/v2\/types\/product"}],"replies":[{"embeddable":true,"href":"https:\/\/cosyowl.com\/sv\/wp-json\/wp\/v2\/comments?post=11282"}],"wp:featuredmedia":[{"embeddable":true,"href":"https:\/\/cosyowl.com\/sv\/wp-json\/wp\/v2\/media\/12071"}],"wp:attachment":[{"href":"https:\/\/cosyowl.com\/sv\/wp-json\/wp\/v2\/media?parent=11282"}],"wp:term":[{"taxonomy":"product_brand","embeddable":true,"href":"https:\/\/cosyowl.com\/sv\/wp-json\/wp\/v2\/product_brand?post=11282"},{"taxonomy":"product_cat","embeddable":true,"href":"https:\/\/cosyowl.com\/sv\/wp-json\/wp\/v2\/product_cat?post=11282"},{"taxonomy":"product_tag","embeddable":true,"href":"https:\/\/cosyowl.com\/sv\/wp-json\/wp\/v2\/product_tag?post=11282"}],"curies":[{"name":"wp","href":"https:\/\/api.w.org\/{rel}","templated":true}]}}