{"id":11279,"date":"2021-01-10T06:13:15","date_gmt":"2021-01-10T06:13:15","guid":{"rendered":"https:\/\/cosyowl.com\/product\/uncategorized\/import-placeholder-for-tcdl-cmca-bowl-lwab-490"},"modified":"2026-03-03T13:45:40","modified_gmt":"2026-03-03T13:45:40","slug":"vit-bla-cirkel-glitter","status":"publish","type":"product","link":"https:\/\/cosyowl.com\/sv\/candle-making-supplies\/glitters\/white-blue-circle-glitter","title":{"rendered":"Vit &amp; bl\u00e5 cirkelglitter"},"content":{"rendered":"<p>Den h\u00e4r fantastiska blandningen av olika nyanser av bl\u00e5tt och vitt \u00e4r en intressant tillsats till ditt vax. Med de varierande bl\u00e5 nyanserna ger det en illusion av bubblor i vaxet. Detta glitter kan anv\u00e4ndas i tv\u00e5lar, nagellack, hantverk, f\u00e4rger och bel\u00e4ggningar och grafisk konst.<\/p>\n<p>Denna produkt anv\u00e4nds b\u00e4st i <a href=\"https:\/\/cosyowl.com\/sv\/guides\/sandalwood-vanilla-leaf-wax-melts-guide\">vaxsm\u00e4ltor<\/a>, om det anv\u00e4nds i ljus kan det t\u00e4ppa till veken!<\/p>","protected":false},"excerpt":{"rendered":"<p>This stunning blend of assorted shades of blue and whites is an interesting additive to your wax. With the varied blue hues, it provides the illusion of bubbles in the wax. This glitter can be used in soaps, nail polish, crafts, paints and coatings and graphic arts. This product is best used in wax melts, [&hellip;]<\/p>\n","protected":false},"featured_media":42460,"comment_status":"open","ping_status":"closed","template":"","meta":{"_acf_changed":false},"product_brand":[],"product_cat":[541,540],"product_tag":[909,914],"class_list":{"0":"post-11279","1":"product","2":"type-product","3":"status-publish","4":"has-post-thumbnail","6":"product_cat-wax-melts-mica-powder-and-glitter","7":"product_cat-candle-making-supplies-mica-powder-glitter","8":"product_tag-black-friday","9":"product_tag-glitter","11":"first","12":"instock","13":"taxable","14":"shipping-taxable","15":"purchasable","16":"product-type-variable"},"acf":[],"_links":{"self":[{"href":"https:\/\/cosyowl.com\/sv\/wp-json\/wp\/v2\/product\/11279","targetHints":{"allow":["GET"]}}],"collection":[{"href":"https:\/\/cosyowl.com\/sv\/wp-json\/wp\/v2\/product"}],"about":[{"href":"https:\/\/cosyowl.com\/sv\/wp-json\/wp\/v2\/types\/product"}],"replies":[{"embeddable":true,"href":"https:\/\/cosyowl.com\/sv\/wp-json\/wp\/v2\/comments?post=11279"}],"wp:featuredmedia":[{"embeddable":true,"href":"https:\/\/cosyowl.com\/sv\/wp-json\/wp\/v2\/media\/42460"}],"wp:attachment":[{"href":"https:\/\/cosyowl.com\/sv\/wp-json\/wp\/v2\/media?parent=11279"}],"wp:term":[{"taxonomy":"product_brand","embeddable":true,"href":"https:\/\/cosyowl.com\/sv\/wp-json\/wp\/v2\/product_brand?post=11279"},{"taxonomy":"product_cat","embeddable":true,"href":"https:\/\/cosyowl.com\/sv\/wp-json\/wp\/v2\/product_cat?post=11279"},{"taxonomy":"product_tag","embeddable":true,"href":"https:\/\/cosyowl.com\/sv\/wp-json\/wp\/v2\/product_tag?post=11279"}],"curies":[{"name":"wp","href":"https:\/\/api.w.org\/{rel}","templated":true}]}}