{"id":11225,"date":"2021-07-01T06:12:00","date_gmt":"2021-07-01T05:12:00","guid":{"rendered":"https:\/\/cosyowl.com\/product\/uncategorized\/import-placeholder-for-tcdl-cmca-bowl-lflb-481"},"modified":"2026-03-03T13:45:37","modified_gmt":"2026-03-03T13:45:37","slug":"flashblatt-glimmerpulver","status":"publish","type":"product","link":"https:\/\/cosyowl.com\/sv\/candle-making-supplies\/mica-powders\/flash-blue","title":{"rendered":"Flash Blue Mica-pulver"},"content":{"rendered":"<p>Denna imponerande koboltnyans g\u00f6r en <a href=\"https:\/\/cosyowl.com\/sv\/candle-making-supplies\/glitters\/fluorescent-green\">dj\u00e4rv<\/a> <a href=\"https:\/\/cosyowl.com\/sv\/candle-making-supplies\/candle-containers\/candle-glasses\/glass-candle-container-100cl-classic-jar-with-lid\">uttalande<\/a>. N\u00e4r den \u00e4r suspenderad i vax \u00e4r denna str\u00e5lande bl\u00e5 f\u00e4rg \u00f6vertygande n\u00e4r den virvlar runt i vaxet.  Detta glimmerpulver kan anv\u00e4ndas i kosmetika, personlig v\u00e5rd, tv\u00e5lar, nagellack, hantverk, f\u00e4rger och bel\u00e4ggningar och grafisk konst. Ingredienserna i detta glimmerpulver \u00e4r: Fluorflogopit, titandioxid, tennoxid och ultramarinbl\u00e5tt.<br \/>\nDenna produkt anv\u00e4nds b\u00e4st i <a href=\"https:\/\/cosyowl.com\/sv\/guides\/sandalwood-vanilla-leaf-wax-melts-guide\">vaxsm\u00e4ltor<\/a>, om det anv\u00e4nds i ljus kan det t\u00e4ppa till veken!<\/p>","protected":false},"excerpt":{"rendered":"<p>This impressive cobalt hue makes a bold statement. When suspended in wax, this beaming blue is compelling as it whirls around in the wax.\u00a0 This mica powder can be used in cosmetics, personal care, soaps, nail polish, crafts, paints and coatings and graphic arts. The ingredients of this mica powder are: Fluorphlogopite, Titanium Dioxide, Tin [&hellip;]<\/p>\n","protected":false},"featured_media":12059,"comment_status":"open","ping_status":"closed","template":"","meta":{"_acf_changed":false},"product_brand":[],"product_cat":[541,583,540,580],"product_tag":[909,915],"class_list":{"0":"post-11225","1":"product","2":"type-product","3":"status-publish","4":"has-post-thumbnail","6":"product_cat-wax-melts-mica-powder-and-glitter","7":"product_cat-lip-balm-tints","8":"product_cat-candle-making-supplies-mica-powder-glitter","9":"product_cat-soap-making-supplies-mica-powder-glitter","10":"product_tag-black-friday","11":"product_tag-mica-powder","13":"first","14":"instock","15":"taxable","16":"shipping-taxable","17":"purchasable","18":"product-type-variable"},"acf":[],"_links":{"self":[{"href":"https:\/\/cosyowl.com\/sv\/wp-json\/wp\/v2\/product\/11225","targetHints":{"allow":["GET"]}}],"collection":[{"href":"https:\/\/cosyowl.com\/sv\/wp-json\/wp\/v2\/product"}],"about":[{"href":"https:\/\/cosyowl.com\/sv\/wp-json\/wp\/v2\/types\/product"}],"replies":[{"embeddable":true,"href":"https:\/\/cosyowl.com\/sv\/wp-json\/wp\/v2\/comments?post=11225"}],"wp:featuredmedia":[{"embeddable":true,"href":"https:\/\/cosyowl.com\/sv\/wp-json\/wp\/v2\/media\/12059"}],"wp:attachment":[{"href":"https:\/\/cosyowl.com\/sv\/wp-json\/wp\/v2\/media?parent=11225"}],"wp:term":[{"taxonomy":"product_brand","embeddable":true,"href":"https:\/\/cosyowl.com\/sv\/wp-json\/wp\/v2\/product_brand?post=11225"},{"taxonomy":"product_cat","embeddable":true,"href":"https:\/\/cosyowl.com\/sv\/wp-json\/wp\/v2\/product_cat?post=11225"},{"taxonomy":"product_tag","embeddable":true,"href":"https:\/\/cosyowl.com\/sv\/wp-json\/wp\/v2\/product_tag?post=11225"}],"curies":[{"name":"wp","href":"https:\/\/api.w.org\/{rel}","templated":true}]}}