{"id":11224,"date":"2021-01-07T06:12:00","date_gmt":"2021-01-07T06:12:00","guid":{"rendered":"https:\/\/cosyowl.com\/product\/uncategorized\/import-placeholder-for-tcdl-cmca-bowl-lppi-480"},"modified":"2026-03-03T13:45:37","modified_gmt":"2026-03-03T13:45:37","slug":"persikorosa-glimmerpulver","status":"publish","type":"product","link":"https:\/\/cosyowl.com\/sv\/craft-supplies\/wax-melt-supplies\/mica-powder-glitter\/peach-pink-mica-powder","title":{"rendered":"Peach Pink Mica-pulver"},"content":{"rendered":"<p>Denna fantastiska thulianrosa f\u00e4rg \u00e4r vackert n\u00e4tt. N\u00e4r den blandas med andra skimrar blir f\u00e4rgens imperialitet extremt kraftfull. Detta glimmerpulver kan anv\u00e4ndas i tv\u00e5lar, nagellack, hantverk, f\u00e4rger och ytbel\u00e4ggningar samt grafisk konst. Ingredienserna i detta glimmerpulver \u00e4r: Mica, titandioxid, j\u00e4rnoxid och kiseldioxid.<br \/>\nDenna produkt anv\u00e4nds b\u00e4st i <a href=\"https:\/\/cosyowl.com\/sv\/guides\/sandalwood-vanilla-leaf-wax-melts-guide\">vaxsm\u00e4ltor<\/a>, om det anv\u00e4nds i ljus kan det t\u00e4ppa till veken!<\/p>","protected":false},"excerpt":{"rendered":"<p>This stunning thulian pink is beautifully dainty. When mixed with other shimmers, the imperiality of the colour is extremely powerful.\u00a0This mica powder can be used in soaps, nail polish, crafts, paints and coatings and graphic arts. The ingredients of this mica powder are: Mica, Titanium Dioxide, Iron Oxide and Silica. This product is best used [&hellip;]<\/p>\n","protected":false},"featured_media":12058,"comment_status":"open","ping_status":"closed","template":"","meta":{"_acf_changed":false},"product_brand":[],"product_cat":[541,540,580,750],"product_tag":[909,915,1596],"class_list":{"0":"post-11224","1":"product","2":"type-product","3":"status-publish","4":"has-post-thumbnail","6":"product_cat-wax-melts-mica-powder-and-glitter","7":"product_cat-candle-making-supplies-mica-powder-glitter","8":"product_cat-soap-making-supplies-mica-powder-glitter","9":"product_cat-valentines-day","10":"product_tag-black-friday","11":"product_tag-mica-powder","12":"product_tag-valentines","14":"first","15":"instock","16":"taxable","17":"shipping-taxable","18":"purchasable","19":"product-type-variable"},"acf":[],"_links":{"self":[{"href":"https:\/\/cosyowl.com\/sv\/wp-json\/wp\/v2\/product\/11224","targetHints":{"allow":["GET"]}}],"collection":[{"href":"https:\/\/cosyowl.com\/sv\/wp-json\/wp\/v2\/product"}],"about":[{"href":"https:\/\/cosyowl.com\/sv\/wp-json\/wp\/v2\/types\/product"}],"replies":[{"embeddable":true,"href":"https:\/\/cosyowl.com\/sv\/wp-json\/wp\/v2\/comments?post=11224"}],"wp:featuredmedia":[{"embeddable":true,"href":"https:\/\/cosyowl.com\/sv\/wp-json\/wp\/v2\/media\/12058"}],"wp:attachment":[{"href":"https:\/\/cosyowl.com\/sv\/wp-json\/wp\/v2\/media?parent=11224"}],"wp:term":[{"taxonomy":"product_brand","embeddable":true,"href":"https:\/\/cosyowl.com\/sv\/wp-json\/wp\/v2\/product_brand?post=11224"},{"taxonomy":"product_cat","embeddable":true,"href":"https:\/\/cosyowl.com\/sv\/wp-json\/wp\/v2\/product_cat?post=11224"},{"taxonomy":"product_tag","embeddable":true,"href":"https:\/\/cosyowl.com\/sv\/wp-json\/wp\/v2\/product_tag?post=11224"}],"curies":[{"name":"wp","href":"https:\/\/api.w.org\/{rel}","templated":true}]}}