{"id":11223,"date":"2021-01-07T06:12:00","date_gmt":"2021-01-07T06:12:00","guid":{"rendered":"https:\/\/cosyowl.com\/product\/uncategorized\/import-placeholder-for-tcdl-cmca-bowl-lmvi-479"},"modified":"2026-03-03T13:45:37","modified_gmt":"2026-03-03T13:45:37","slug":"magiskt-violett-glimmerpulver","status":"publish","type":"product","link":"https:\/\/cosyowl.com\/sv\/craft-supplies\/wax-melt-supplies\/mica-powder-glitter\/magic-violet-mica-powder","title":{"rendered":"Magic Violet Glimmerpulver"},"content":{"rendered":"<p>Denna bl\u00e4ndande plommonskugga \u00e4r en vibrerande sensation n\u00e4r den r\u00f6rs i vax. Det s\u00e4tt p\u00e5 vilket skimret r\u00f6r sig i vaxet s\u00e5 fint och raffinerat \u00e4r hisnande.  Detta glimmerpulver kan anv\u00e4ndas i tv\u00e5lar, nagellack, hantverk, f\u00e4rger och ytbel\u00e4ggningar samt grafisk konst. Ingredienserna i detta glimmerpulver \u00e4r: Mica, titandioxid, tenndioxid och manganviolett.<br \/>\nDenna produkt anv\u00e4nds b\u00e4st i <a href=\"https:\/\/cosyowl.com\/sv\/guides\/sandalwood-vanilla-leaf-wax-melts-guide\">vaxsm\u00e4ltor<\/a>, om det anv\u00e4nds i ljus kan det t\u00e4ppa till veken!<\/p>","protected":false},"excerpt":{"rendered":"<p>This dazzling plum shade is a vibrancy sensation when agitated in wax. The way in which the shimmer moves in the wax so delicately and refined is breath-taking.\u00a0 This mica powder can be used in soaps, nail polish, crafts, paints and coatings and graphic arts. The ingredients of this mica powder are: Mica, Titanium Dioxide, [&hellip;]<\/p>\n","protected":false},"featured_media":12057,"comment_status":"open","ping_status":"closed","template":"","meta":{"_acf_changed":false},"product_brand":[],"product_cat":[541,843,540,580],"product_tag":[909,1593,915],"class_list":{"0":"post-11223","1":"product","2":"type-product","3":"status-publish","4":"has-post-thumbnail","6":"product_cat-wax-melts-mica-powder-and-glitter","7":"product_cat-halloween","8":"product_cat-candle-making-supplies-mica-powder-glitter","9":"product_cat-soap-making-supplies-mica-powder-glitter","10":"product_tag-black-friday","11":"product_tag-halloween","12":"product_tag-mica-powder","13":"product_shipping_class-royal_mail","15":"first","16":"instock","17":"taxable","18":"shipping-taxable","19":"purchasable","20":"product-type-variable"},"acf":[],"_links":{"self":[{"href":"https:\/\/cosyowl.com\/sv\/wp-json\/wp\/v2\/product\/11223","targetHints":{"allow":["GET"]}}],"collection":[{"href":"https:\/\/cosyowl.com\/sv\/wp-json\/wp\/v2\/product"}],"about":[{"href":"https:\/\/cosyowl.com\/sv\/wp-json\/wp\/v2\/types\/product"}],"replies":[{"embeddable":true,"href":"https:\/\/cosyowl.com\/sv\/wp-json\/wp\/v2\/comments?post=11223"}],"wp:featuredmedia":[{"embeddable":true,"href":"https:\/\/cosyowl.com\/sv\/wp-json\/wp\/v2\/media\/12057"}],"wp:attachment":[{"href":"https:\/\/cosyowl.com\/sv\/wp-json\/wp\/v2\/media?parent=11223"}],"wp:term":[{"taxonomy":"product_brand","embeddable":true,"href":"https:\/\/cosyowl.com\/sv\/wp-json\/wp\/v2\/product_brand?post=11223"},{"taxonomy":"product_cat","embeddable":true,"href":"https:\/\/cosyowl.com\/sv\/wp-json\/wp\/v2\/product_cat?post=11223"},{"taxonomy":"product_tag","embeddable":true,"href":"https:\/\/cosyowl.com\/sv\/wp-json\/wp\/v2\/product_tag?post=11223"}],"curies":[{"name":"wp","href":"https:\/\/api.w.org\/{rel}","templated":true}]}}