{"id":11220,"date":"2021-01-07T06:12:00","date_gmt":"2021-01-07T06:12:00","guid":{"rendered":"https:\/\/cosyowl.com\/product\/uncategorized\/import-placeholder-for-tcdl-cmca-bowl-lrpr-476"},"modified":"2026-03-03T13:45:37","modified_gmt":"2026-03-03T13:45:37","slug":"rod-parlemor-glimmerpulver","status":"publish","type":"product","link":"https:\/\/cosyowl.com\/sv\/craft-supplies\/wax-melt-supplies\/mica-powder-glitter\/red-pearl-mica-powder","title":{"rendered":"Red Pearl Glimmerpulver"},"content":{"rendered":"<p>Denna p\u00e4rlemorf\u00e4rgade vermilion \u00e4r djup, m\u00f6rk och rik. Den \u00e4r b\u00e5de l\u00e4tt och delikat, sp\u00e4nnande och <a href=\"https:\/\/cosyowl.com\/sv\/candle-making-supplies\/glitters\/magic-purple-candle-glitter\">f\u00f6rtrollande<\/a>. Perfekt matchat med en annan skimrande nyans ger detta glimmerpulver o\u00e4ndliga kreativa m\u00f6jligheter.  Detta glimmerpulver kan anv\u00e4ndas i kosmetika, personlig v\u00e5rd, tv\u00e5lar, nagellack, hantverk, f\u00e4rger och bel\u00e4ggningar och grafisk konst. Ingredienserna i detta glimmerpulver \u00e4r: Glimmer och j\u00e4rnoxid.<\/p>\n<p>Denna produkt anv\u00e4nds b\u00e4st i <a href=\"https:\/\/cosyowl.com\/sv\/guides\/sandalwood-vanilla-leaf-wax-melts-guide\">vaxsm\u00e4ltor<\/a>, om det anv\u00e4nds i ljus kan det t\u00e4ppa till veken!<\/p>","protected":false},"excerpt":{"rendered":"<p>This pearly vermillion is deep, dark and rich. It is both light and delicate, exciting and enchanting. Matched perfectly with another shimmery hue, this mica powder has endless creative possibilities.\u00a0 This mica powder can be used in cosmetics, personal care, soaps, nail polish, crafts, paints and coatings and graphic arts. The ingredients of this mica [&hellip;]<\/p>\n","protected":false},"featured_media":12054,"comment_status":"open","ping_status":"closed","template":"","meta":{"_acf_changed":false},"product_brand":[],"product_cat":[541,583,540,580,750],"product_tag":[909,915,1596],"class_list":{"0":"post-11220","1":"product","2":"type-product","3":"status-publish","4":"has-post-thumbnail","6":"product_cat-wax-melts-mica-powder-and-glitter","7":"product_cat-lip-balm-tints","8":"product_cat-candle-making-supplies-mica-powder-glitter","9":"product_cat-soap-making-supplies-mica-powder-glitter","10":"product_cat-valentines-day","11":"product_tag-black-friday","12":"product_tag-mica-powder","13":"product_tag-valentines","15":"first","16":"instock","17":"taxable","18":"shipping-taxable","19":"purchasable","20":"product-type-variable"},"acf":[],"_links":{"self":[{"href":"https:\/\/cosyowl.com\/sv\/wp-json\/wp\/v2\/product\/11220","targetHints":{"allow":["GET"]}}],"collection":[{"href":"https:\/\/cosyowl.com\/sv\/wp-json\/wp\/v2\/product"}],"about":[{"href":"https:\/\/cosyowl.com\/sv\/wp-json\/wp\/v2\/types\/product"}],"replies":[{"embeddable":true,"href":"https:\/\/cosyowl.com\/sv\/wp-json\/wp\/v2\/comments?post=11220"}],"wp:featuredmedia":[{"embeddable":true,"href":"https:\/\/cosyowl.com\/sv\/wp-json\/wp\/v2\/media\/12054"}],"wp:attachment":[{"href":"https:\/\/cosyowl.com\/sv\/wp-json\/wp\/v2\/media?parent=11220"}],"wp:term":[{"taxonomy":"product_brand","embeddable":true,"href":"https:\/\/cosyowl.com\/sv\/wp-json\/wp\/v2\/product_brand?post=11220"},{"taxonomy":"product_cat","embeddable":true,"href":"https:\/\/cosyowl.com\/sv\/wp-json\/wp\/v2\/product_cat?post=11220"},{"taxonomy":"product_tag","embeddable":true,"href":"https:\/\/cosyowl.com\/sv\/wp-json\/wp\/v2\/product_tag?post=11220"}],"curies":[{"name":"wp","href":"https:\/\/api.w.org\/{rel}","templated":true}]}}