{"id":11192,"date":"2021-07-01T06:12:00","date_gmt":"2021-07-01T05:12:00","guid":{"rendered":"https:\/\/cosyowl.com\/product\/uncategorized\/import-placeholder-for-tcdl-cmca-bowl-lsst-474"},"modified":"2026-03-03T13:45:37","modified_gmt":"2026-03-03T13:45:37","slug":"silver-satin-mica-pulver","status":"publish","type":"product","link":"https:\/\/cosyowl.com\/sv\/candle-making-supplies\/mica-powders\/silver-satin","title":{"rendered":"Silver Satin Mica Powder"},"content":{"rendered":"<p>Detta p\u00e4rlemorskimrande silver \u00e4r ett fantastiskt s\u00e4tt att ge lite extra kraft till din <a href=\"https:\/\/cosyowl.com\/sv\/guides\/sandalwood-vanilla-leaf-wax-melts-guide\">vaxsm\u00e4ltor<\/a>. Iridescensen ger en diskret glamour och sofistikering till alla anv\u00e4ndningsomr\u00e5den.  Detta glimmerpulver kan anv\u00e4ndas i kosmetika, personlig v\u00e5rd, tv\u00e5lar, nagellack, f\u00e4rger och bel\u00e4ggningar och grafisk konst. Ingredienserna i detta glimmerpulver \u00e4r: Glimmer och titandioxid.<br \/>\nDenna produkt anv\u00e4nds b\u00e4st i vaxsm\u00e4ltor, om den anv\u00e4nds i ljus kan den t\u00e4ppa till veken!<\/p>","protected":false},"excerpt":{"rendered":"<p>This pearlescent silver is an amazing way to add a little extra oomph to your wax melts. The iridescence adds understated glamour and sophistication to all applications of it.\u00a0 This mica powder can be used in cosmetics, personal care, soaps, nail polish, paints and coating and graphic arts. The ingredients of this mica powder are: [&hellip;]<\/p>\n","protected":false},"featured_media":12037,"comment_status":"open","ping_status":"closed","template":"","meta":{"_acf_changed":false},"product_brand":[],"product_cat":[541,583,540,580],"product_tag":[909,915],"class_list":{"0":"post-11192","1":"product","2":"type-product","3":"status-publish","4":"has-post-thumbnail","6":"product_cat-wax-melts-mica-powder-and-glitter","7":"product_cat-lip-balm-tints","8":"product_cat-candle-making-supplies-mica-powder-glitter","9":"product_cat-soap-making-supplies-mica-powder-glitter","10":"product_tag-black-friday","11":"product_tag-mica-powder","13":"first","14":"outofstock","15":"taxable","16":"shipping-taxable","17":"purchasable","18":"product-type-variable"},"acf":[],"_links":{"self":[{"href":"https:\/\/cosyowl.com\/sv\/wp-json\/wp\/v2\/product\/11192","targetHints":{"allow":["GET"]}}],"collection":[{"href":"https:\/\/cosyowl.com\/sv\/wp-json\/wp\/v2\/product"}],"about":[{"href":"https:\/\/cosyowl.com\/sv\/wp-json\/wp\/v2\/types\/product"}],"replies":[{"embeddable":true,"href":"https:\/\/cosyowl.com\/sv\/wp-json\/wp\/v2\/comments?post=11192"}],"wp:featuredmedia":[{"embeddable":true,"href":"https:\/\/cosyowl.com\/sv\/wp-json\/wp\/v2\/media\/12037"}],"wp:attachment":[{"href":"https:\/\/cosyowl.com\/sv\/wp-json\/wp\/v2\/media?parent=11192"}],"wp:term":[{"taxonomy":"product_brand","embeddable":true,"href":"https:\/\/cosyowl.com\/sv\/wp-json\/wp\/v2\/product_brand?post=11192"},{"taxonomy":"product_cat","embeddable":true,"href":"https:\/\/cosyowl.com\/sv\/wp-json\/wp\/v2\/product_cat?post=11192"},{"taxonomy":"product_tag","embeddable":true,"href":"https:\/\/cosyowl.com\/sv\/wp-json\/wp\/v2\/product_tag?post=11192"}],"curies":[{"name":"wp","href":"https:\/\/api.w.org\/{rel}","templated":true}]}}