{"id":11169,"date":"2021-01-10T06:11:22","date_gmt":"2021-01-10T06:11:22","guid":{"rendered":"https:\/\/cosyowl.com\/product\/uncategorized\/segment-deli-pots-and-lids-mould"},"modified":"2026-03-03T13:45:12","modified_gmt":"2026-03-03T13:45:12","slug":"segment-deli-krukor-och-lock-mogel","status":"publish","type":"product","link":"https:\/\/cosyowl.com\/sv\/candle-making-supplies\/candle-containers\/other-containers\/segment-deli-pots-and-lids-mould","title":{"rendered":"Segment Deli Pots Gjutform (utan lock)"},"content":{"rendered":"<p>(Observera - Locket ing\u00e5r inte p\u00e5 grund av att det \u00e4r slut i lager)<\/p>\n<p>Den h\u00e4r formen \u00e4r idealisk f\u00f6r att g\u00f6ra ett segment av delikatesskrukor som enkelt kan delas upp i 6 individuella sm\u00e4ltor.<\/p>\n<p>M\u00e5tten f\u00f6r denna beh\u00e5llare \u00e4r: Diameter (65 mm), Formens djup (22 mm).<\/p>\n<p>Denna gjutform \u00e4r helt \u00e5tervinningsbar.<\/p>","protected":false},"excerpt":{"rendered":"<p>(Observera att locket inte ing\u00e5r eftersom det \u00e4r slut i lager) Den h\u00e4r formen \u00e4r idealisk f\u00f6r att g\u00f6ra ett segment av delikatesskrukor som enkelt kan delas upp i 6 individuella sm\u00e4ltor. M\u00e5tten f\u00f6r denna beh\u00e5llare \u00e4r: Diameter (65 mm), Formens djup (22 mm). Denna form \u00e4r helt \u00e5tervinningsbar.<\/p>","protected":false},"featured_media":71401,"comment_status":"open","ping_status":"closed","template":"","meta":{"_acf_changed":false},"product_brand":[],"product_cat":[502,535],"product_tag":[926],"class_list":{"0":"post-11169","1":"product","2":"type-product","3":"status-publish","4":"has-post-thumbnail","6":"product_cat-candle-containers-other-containers","7":"product_cat-wax-melts-moulds","8":"product_tag-mould","10":"first","11":"instock","12":"taxable","13":"shipping-taxable","14":"purchasable","15":"product-type-variable"},"acf":[],"_links":{"self":[{"href":"https:\/\/cosyowl.com\/sv\/wp-json\/wp\/v2\/product\/11169","targetHints":{"allow":["GET"]}}],"collection":[{"href":"https:\/\/cosyowl.com\/sv\/wp-json\/wp\/v2\/product"}],"about":[{"href":"https:\/\/cosyowl.com\/sv\/wp-json\/wp\/v2\/types\/product"}],"replies":[{"embeddable":true,"href":"https:\/\/cosyowl.com\/sv\/wp-json\/wp\/v2\/comments?post=11169"}],"wp:featuredmedia":[{"embeddable":true,"href":"https:\/\/cosyowl.com\/sv\/wp-json\/wp\/v2\/media\/71401"}],"wp:attachment":[{"href":"https:\/\/cosyowl.com\/sv\/wp-json\/wp\/v2\/media?parent=11169"}],"wp:term":[{"taxonomy":"product_brand","embeddable":true,"href":"https:\/\/cosyowl.com\/sv\/wp-json\/wp\/v2\/product_brand?post=11169"},{"taxonomy":"product_cat","embeddable":true,"href":"https:\/\/cosyowl.com\/sv\/wp-json\/wp\/v2\/product_cat?post=11169"},{"taxonomy":"product_tag","embeddable":true,"href":"https:\/\/cosyowl.com\/sv\/wp-json\/wp\/v2\/product_tag?post=11169"}],"curies":[{"name":"wp","href":"https:\/\/api.w.org\/{rel}","templated":true}]}}