{"id":11162,"date":"2021-10-01T06:11:00","date_gmt":"2021-10-01T05:11:00","guid":{"rendered":"https:\/\/cosyowl.com\/product\/uncategorized\/wax-pouring-jug-1-5-litre"},"modified":"2026-03-03T13:45:10","modified_gmt":"2026-03-03T13:45:10","slug":"hallkanna-for-vax-1-5-liter","status":"publish","type":"product","link":"https:\/\/cosyowl.com\/sv\/candle-making-supplies\/tools-equipment\/wax-pouring-jug-15-litre","title":{"rendered":"H\u00e4llkanna f\u00f6r vax (1,5 liter)"},"content":{"rendered":"<p>Detta \u00e4r en mycket anv\u00e4ndbar 1,5 liters vaxkanna i rostfritt st\u00e5l med en h\u00f6g <a href=\"https:\/\/cosyowl.com\/sv\/candle-wicks\/wedo-lx-wick-raw\">kvalitet<\/a> svetsat st\u00e5lhandtag som anv\u00e4nds av b\u00e5de amat\u00f6rer <a href=\"https:\/\/cosyowl.com\/sv\/guides\/a-summers-beach-gel-votive-candle\">ljus<\/a> tillverkare och proffs. H\u00e4llkannan \u00e4r enkel och snabb att anv\u00e4nda <a href=\"https:\/\/cosyowl.com\/sv\/candle-making-supplies\/glitters\/pure-white-biodegradable\">ren<\/a> och \u00e4r n\u00f6dv\u00e4ndigt om du vill bli mer effektiv och inte minst mindre st\u00f6kig i din <a href=\"https:\/\/cosyowl.com\/sv\/guides\/how-to-make-a-candle\">tillverkning av ljus<\/a>. Dess stora handtag \u00e4r relativt <a href=\"https:\/\/cosyowl.com\/sv\/candle-making-supplies\/glitters\/lake-blue-biodegradable\">cool<\/a> att r\u00f6ra vid och g\u00f6r det l\u00e4tt att h\u00e5lla och h\u00e4lla. Du kan \u00f6verf\u00f6ra sm\u00e4lt vax fr\u00e5n en kastrull till h\u00e4llkannan eller alternativt v\u00e4rma vatten i en kastrull och placera kannan med ditt osm\u00e4lta vax i kastrullen; bibeh\u00e5ll v\u00e4rmen i vattnet (beh\u00f6ver inte koka) som i sin tur kommer att sm\u00e4lta vaxet i kannan.<\/p>\n<p>F\u00e5r inte diskas i diskmaskin eller tillsammans med andra stekpannor, kastruller etc.<\/p>\n<p>Kannan \u00e4r 15,5 cm h\u00f6g och har en diameter\/bredd inklusive handtag p\u00e5 16,5 cm upptill och 12 cm nedtill.<\/p>","protected":false},"excerpt":{"rendered":"<p>This is a very useful 1.5 Litre stainless steel Wax Pouring Jug with a high quality welded steel handle used by both amateur candle makers and the professionals. The pouring jug is straightforward and quick to clean and is essential if you want to be more efficient and certainly less messy in your candle making. [&hellip;]<\/p>\n","protected":false},"featured_media":12027,"comment_status":"open","ping_status":"closed","template":"","meta":{"_acf_changed":false},"product_brand":[],"product_cat":[532,638,667,729,641,643,645],"product_tag":[911],"class_list":{"0":"post-11162","1":"product","2":"type-product","3":"status-publish","4":"has-post-thumbnail","6":"product_cat-tools-equipment","7":"product_cat-body-care-equipment","8":"product_cat-soap-making-supplies-equipment","9":"product_cat-equipment","10":"product_cat-hair-care-equipment","11":"product_cat-wax-melts-equipment","12":"product_cat-lip-balm-equipment","13":"product_tag-jug","14":"product_shipping_class-royal_mail","16":"first","17":"instock","18":"taxable","19":"shipping-taxable","20":"purchasable","21":"product-type-simple"},"acf":[],"_links":{"self":[{"href":"https:\/\/cosyowl.com\/sv\/wp-json\/wp\/v2\/product\/11162","targetHints":{"allow":["GET"]}}],"collection":[{"href":"https:\/\/cosyowl.com\/sv\/wp-json\/wp\/v2\/product"}],"about":[{"href":"https:\/\/cosyowl.com\/sv\/wp-json\/wp\/v2\/types\/product"}],"replies":[{"embeddable":true,"href":"https:\/\/cosyowl.com\/sv\/wp-json\/wp\/v2\/comments?post=11162"}],"wp:featuredmedia":[{"embeddable":true,"href":"https:\/\/cosyowl.com\/sv\/wp-json\/wp\/v2\/media\/12027"}],"wp:attachment":[{"href":"https:\/\/cosyowl.com\/sv\/wp-json\/wp\/v2\/media?parent=11162"}],"wp:term":[{"taxonomy":"product_brand","embeddable":true,"href":"https:\/\/cosyowl.com\/sv\/wp-json\/wp\/v2\/product_brand?post=11162"},{"taxonomy":"product_cat","embeddable":true,"href":"https:\/\/cosyowl.com\/sv\/wp-json\/wp\/v2\/product_cat?post=11162"},{"taxonomy":"product_tag","embeddable":true,"href":"https:\/\/cosyowl.com\/sv\/wp-json\/wp\/v2\/product_tag?post=11162"}],"curies":[{"name":"wp","href":"https:\/\/api.w.org\/{rel}","templated":true}]}}