{"id":11144,"date":"2021-01-10T06:11:00","date_gmt":"2021-01-10T06:11:00","guid":{"rendered":"https:\/\/cosyowl.com\/product\/uncategorized\/import-placeholder-for-tcdl-ccon-bowl-cscs-448"},"modified":"2026-03-03T13:45:12","modified_gmt":"2026-03-03T13:45:12","slug":"stjarnform-for-clamshell","status":"publish","type":"product","link":"https:\/\/cosyowl.com\/sv\/candle-making-supplies\/candle-containers\/other-containers\/star-wax-melt-clamshell-mould","title":{"rendered":"Stj\u00e4rnform f\u00f6r vaxsm\u00e4ltning Clamshell"},"content":{"rendered":"<p>Den h\u00e4r formen \u00e4r perfekt f\u00f6r att g\u00f6ra ett block med vaxstj\u00e4rnor som enkelt kan delas upp i 6 individuella sm\u00e4ltor. Observera att formen inte levereras med vax.<\/p>\n<p>F\u00f6rslag f\u00f6r att g\u00f6ra dina Star Clam Shells<\/p>\n<ul>\n<li>Sm\u00e4lt vaxet och l\u00e5t det rinna av <a href=\"https:\/\/cosyowl.com\/sv\/candle-making-supplies\/glitters\/lake-blue-biodegradable\">cool<\/a> till 55\u00b0C innan du h\u00e4ller den f\u00f6rsiktigt i formarna (om du h\u00e4ller den i formarna vid en h\u00f6gre temperatur kan det leda till att sm\u00e4ltorna skadas och l\u00e4cker) - anv\u00e4nd alltid en plan yta som \u00e4r motst\u00e5ndskraftig mot v\u00e4rme (de flesta b\u00e4nkytor i k\u00f6k \u00e4r det)<\/li>\n<li>F\u00f6r enf\u00e4rgade stj\u00e4rnor h\u00e4ller du helt enkelt ditt vax i formen upp till maxniv\u00e5n<\/li>\n<li>Om du vill kombinera f\u00e4rger h\u00e4ller du f\u00f6rst en liten m\u00e4ngd av det vax som du vill ska finnas p\u00e5 stj\u00e4rnans ovansida i h\u00e5lrummet och l\u00e5ter det stelna n\u00e5got - l\u00e4gg sedan till ytterligare f\u00e4rger efter behov (vi f\u00f6resl\u00e5r h\u00f6gst tre f\u00e4rger per stj\u00e4rna)<\/li>\n<li>L\u00e5t vaxet svalna s\u00e5 att det \u00e4r <a href=\"https:\/\/cosyowl.com\/sv\/candle-making-extras\/50mm-candle-safety-label-white-black-text\">klar<\/a> f\u00f6r att se att den stelnar innan locket st\u00e4ngs och l\u00e5t h\u00e4rda tills den stelnat<\/li>\n<li>De flesta av v\u00e5ra kunder f\u00f6redrar en pelarblandning av vax eftersom denna typ av vax \u00e4r h\u00e5rdare och g\u00f6r att de stelnade stj\u00e4rnorna l\u00e4tt kan tas bort fr\u00e5n formen<\/li>\n<\/ul>\n<p>Kom ih\u00e5g att inkludera din favoritdoft f\u00f6r att skapa den viktiga \u00f6nskade doften.<\/p>\n<p>Denna gjutform \u00e4r helt \u00e5tervinningsbar.<\/p>","protected":false},"excerpt":{"rendered":"<p>This mould is ideal for making a block of wax stars that can easily be broken down in to 6 individual melts. Please note, the mold does not come with wax. Suggestions for making your Star Clam Shells Melt the wax and allow it to cool to 55\u00b0C before pouring it carefully into the moulds [&hellip;]<\/p>\n","protected":false},"featured_media":12026,"comment_status":"open","ping_status":"closed","template":"","meta":{"_acf_changed":false},"product_brand":[],"product_cat":[502,498,752,535,717],"product_tag":[1594,926],"class_list":{"0":"post-11144","1":"product","2":"type-product","3":"status-publish","4":"has-post-thumbnail","6":"product_cat-candle-containers-other-containers","7":"product_cat-christmas","8":"product_cat-sale-containers","9":"product_cat-wax-melts-moulds","10":"product_cat-sale","11":"product_tag-christmas","12":"product_tag-mould","14":"first","15":"instock","16":"taxable","17":"shipping-taxable","18":"purchasable","19":"product-type-variable"},"acf":[],"_links":{"self":[{"href":"https:\/\/cosyowl.com\/sv\/wp-json\/wp\/v2\/product\/11144","targetHints":{"allow":["GET"]}}],"collection":[{"href":"https:\/\/cosyowl.com\/sv\/wp-json\/wp\/v2\/product"}],"about":[{"href":"https:\/\/cosyowl.com\/sv\/wp-json\/wp\/v2\/types\/product"}],"replies":[{"embeddable":true,"href":"https:\/\/cosyowl.com\/sv\/wp-json\/wp\/v2\/comments?post=11144"}],"wp:featuredmedia":[{"embeddable":true,"href":"https:\/\/cosyowl.com\/sv\/wp-json\/wp\/v2\/media\/12026"}],"wp:attachment":[{"href":"https:\/\/cosyowl.com\/sv\/wp-json\/wp\/v2\/media?parent=11144"}],"wp:term":[{"taxonomy":"product_brand","embeddable":true,"href":"https:\/\/cosyowl.com\/sv\/wp-json\/wp\/v2\/product_brand?post=11144"},{"taxonomy":"product_cat","embeddable":true,"href":"https:\/\/cosyowl.com\/sv\/wp-json\/wp\/v2\/product_cat?post=11144"},{"taxonomy":"product_tag","embeddable":true,"href":"https:\/\/cosyowl.com\/sv\/wp-json\/wp\/v2\/product_tag?post=11144"}],"curies":[{"name":"wp","href":"https:\/\/api.w.org\/{rel}","templated":true}]}}