{"id":11143,"date":"2021-01-10T06:11:00","date_gmt":"2021-01-10T06:11:00","guid":{"rendered":"https:\/\/cosyowl.com\/product\/uncategorized\/import-placeholder-for-tcdl-ccon-bowl-chcl-447"},"modified":"2026-03-03T13:45:12","modified_gmt":"2026-03-03T13:45:12","slug":"hjartform-med-musselskal","status":"publish","type":"product","link":"https:\/\/cosyowl.com\/sv\/candle-making-supplies\/candle-containers\/other-containers\/heart-wax-melt-clamshell-mould","title":{"rendered":"Hj\u00e4rta Vaxsm\u00e4lta Clamshell Form"},"content":{"rendered":"<p>\u2018<\/p>\n<p>Den h\u00e4r formen \u00e4r perfekt f\u00f6r att g\u00f6ra ett block av f\u00f6rtjusande vaxhj\u00e4rtan som enkelt kan delas upp i 6 individuella sm\u00e4ltor. Observera att formen inte levereras med vax.<\/p>\n<p>F\u00f6rslag f\u00f6r att g\u00f6ra dina hj\u00e4rtmusslor<\/p>\n<ul>\n<li>Sm\u00e4lt vaxet och l\u00e5t det rinna av <a href=\"https:\/\/cosyowl.com\/sv\/candle-making-supplies\/glitters\/lake-blue-biodegradable\">cool<\/a> till 55\u00b0C innan du h\u00e4ller den f\u00f6rsiktigt i formarna (om du h\u00e4ller den i formarna vid en h\u00f6gre temperatur kan det leda till att sm\u00e4ltorna skadas och l\u00e4cker) - anv\u00e4nd alltid en plan yta som \u00e4r motst\u00e5ndskraftig mot v\u00e4rme (de flesta b\u00e4nkytor i k\u00f6k \u00e4r det)<\/li>\n<li>F\u00f6r enf\u00e4rgade hj\u00e4rtan h\u00e4ller du helt enkelt ditt vax i formen upp till maxniv\u00e5n<\/li>\n<li>Om du vill kombinera f\u00e4rger h\u00e4ller du f\u00f6rst en liten m\u00e4ngd av det vax som du vill ska finnas p\u00e5 hj\u00e4rtats ovansida i h\u00e5lrummet och l\u00e5ter det stelna n\u00e5got - l\u00e4gg sedan till ytterligare f\u00e4rger efter behov (vi f\u00f6resl\u00e5r h\u00f6gst tre f\u00e4rger per hj\u00e4rta).<\/li>\n<li>L\u00e5t vaxet svalna s\u00e5 att det \u00e4r <a href=\"https:\/\/cosyowl.com\/sv\/candle-making-extras\/50mm-candle-safety-label-white-black-text\">klar<\/a> f\u00f6r att se att den stelnar innan locket st\u00e4ngs och l\u00e5t h\u00e4rda tills den stelnat<\/li>\n<li>En pelarblandning av vax \u00e4r det val som de flesta av v\u00e5ra kunder f\u00f6redrar eftersom denna typ av vax \u00e4r h\u00e5rdare och g\u00f6r att de stelnade hj\u00e4rtan l\u00e4tt kan tas bort fr\u00e5n formen<\/li>\n<\/ul>\n<p>Kom ih\u00e5g att de b\u00e4sta k\u00e4rlekshj\u00e4rtana \u00e4r de som inneh\u00e5ller den perfekta doften f\u00f6r att skapa den viktiga \u00f6mma aromen. Ett urval av f\u00f6reslagna dofter finns i v\u00e5r <strong><a href=\"https:\/\/cosyowl.com\/sv\/candle-making-supplies\/fragrance-oils-for-candle-making\/all-fragrances\/charming-love-fragrance-oil\">K\u00e4rlek doft<\/a> Oljor<\/strong> listning, inklusive popul\u00e4ra aromer som \"Midnight Passion\" och \"French Lavender\".<\/p>\n<p>Denna gjutform \u00e4r helt \u00e5tervinningsbar.<\/p>","protected":false},"excerpt":{"rendered":"<p>&#8216; This mould is ideal for making a block of adoring wax hearts that can easily be broken down in to 6 individual melts. Please note, the mould does not come with wax. Suggestions for making your Heart Clam Shells Melt the wax and allow it to cool to 55\u00b0C before pouring it carefully into [&hellip;]<\/p>\n","protected":false},"featured_media":12025,"comment_status":"open","ping_status":"closed","template":"","meta":{"_acf_changed":false},"product_brand":[],"product_cat":[502,535,750],"product_tag":[926,1596],"class_list":{"0":"post-11143","1":"product","2":"type-product","3":"status-publish","4":"has-post-thumbnail","6":"product_cat-candle-containers-other-containers","7":"product_cat-wax-melts-moulds","8":"product_cat-valentines-day","9":"product_tag-mould","10":"product_tag-valentines","12":"first","13":"outofstock","14":"taxable","15":"shipping-taxable","16":"purchasable","17":"product-type-variable"},"acf":[],"_links":{"self":[{"href":"https:\/\/cosyowl.com\/sv\/wp-json\/wp\/v2\/product\/11143","targetHints":{"allow":["GET"]}}],"collection":[{"href":"https:\/\/cosyowl.com\/sv\/wp-json\/wp\/v2\/product"}],"about":[{"href":"https:\/\/cosyowl.com\/sv\/wp-json\/wp\/v2\/types\/product"}],"replies":[{"embeddable":true,"href":"https:\/\/cosyowl.com\/sv\/wp-json\/wp\/v2\/comments?post=11143"}],"wp:featuredmedia":[{"embeddable":true,"href":"https:\/\/cosyowl.com\/sv\/wp-json\/wp\/v2\/media\/12025"}],"wp:attachment":[{"href":"https:\/\/cosyowl.com\/sv\/wp-json\/wp\/v2\/media?parent=11143"}],"wp:term":[{"taxonomy":"product_brand","embeddable":true,"href":"https:\/\/cosyowl.com\/sv\/wp-json\/wp\/v2\/product_brand?post=11143"},{"taxonomy":"product_cat","embeddable":true,"href":"https:\/\/cosyowl.com\/sv\/wp-json\/wp\/v2\/product_cat?post=11143"},{"taxonomy":"product_tag","embeddable":true,"href":"https:\/\/cosyowl.com\/sv\/wp-json\/wp\/v2\/product_tag?post=11143"}],"curies":[{"name":"wp","href":"https:\/\/api.w.org\/{rel}","templated":true}]}}