{"id":11115,"date":"2021-10-01T06:11:00","date_gmt":"2021-10-01T05:11:00","guid":{"rendered":"https:\/\/cosyowl.com\/product\/uncategorized\/import-placeholder-for-tcdl-cfra-bowl-nsgt-442"},"modified":"2026-03-24T16:27:33","modified_gmt":"2026-03-24T16:27:33","slug":"cosy-owl-premium-doftolja-av-grace-typ","status":"publish","type":"product","link":"https:\/\/cosyowl.com\/sv\/fragrance-oils\/grace-type-fragrance-oil","title":{"rendered":"Cosy Owl Premium Grace Type Doftolja"},"content":{"rendered":"<p><strong>Observera - alla 5 kg, 10 kg och 25 kg <a href=\"https:\/\/cosyowl.com\/sv\/guides\/2023-spring-fragrance-oil-trends\">Doftoljor<\/a> \u00e4r skr\u00e4ddarsydda best\u00e4llningsvaror och har en leveranstid p\u00e5 upp till 6 veckor, vilket inte \u00e5terspeglas i de leveransalternativ som presenteras p\u00e5 <a href=\"https:\/\/cosyowl.com\/sv\/checkout\">kassan<\/a>. Om din <a href=\"https:\/\/cosyowl.com\/sv\/basket\">ordning<\/a> inkluderar alla 5 kg, 10 kg eller 25 kg doftoljor, kommer ledtiden f\u00f6r hela best\u00e4llningen att vara upp till 6 veckor. 5 kg, 10 kg eller 25 kg skr\u00e4ddarsydda best\u00e4llda doftoljor \u00e5terbetalas inte heller.<\/strong><\/p>\n<p>Denna kultdoft har en mycket h\u00e4ngiven skara f\u00f6ljare och har beskrivits som beroendeframkallande av sina f\u00f6respr\u00e5kare. Redan en topp <a href=\"https:\/\/cosyowl.com\/sv\/guides\/a-summers-beach-gel-votive-candle\">ljus<\/a> doft den <a href=\"https:\/\/cosyowl.com\/sv\/guides\/new-cosy-owl-premium-candle-fragrances\">Mysig uggla Premium<\/a> version \u00e4r en utm\u00e4rkt reproduktion av denna klassiska doft. Med pikanta och <a href=\"https:\/\/cosyowl.com\/sv\/candle-making-supplies\/essential-oils\/eucalyptus-globulus-essential-oil\">fr\u00e4sch<\/a> Toppnoter av citrus, mellannoter av ros och jasmin kombineras med de jordigare muskiga basnoterna f\u00f6r att skapa denna fylliga doft som har visat sig vara s\u00e5 popul\u00e4r.<\/p>\n<p>Som en av de <a href=\"https:\/\/cosyowl.com\/sv\/\">Mysig uggla<\/a> Premium dofter, \u00e4r vi \u00f6vertygade om att det \u00e4r huvudet och axlarna \u00f6ver allt som f\u00f6r n\u00e4rvarande finns p\u00e5 marknaden <a href=\"https:\/\/cosyowl.com\/sv\/guides\/how-to-make-a-candle\">tillverkning av ljus<\/a> levererar marknaden f\u00f6r n\u00e4rvarande. Vi har under flera m\u00e5nader arbetat med branschexperter f\u00f6r att utveckla ett nytt sortiment av dofter med st\u00f6rre styrka, djup, rundhet och doftstyrka. Vi har anv\u00e4nt de h\u00f6gsta <a href=\"https:\/\/cosyowl.com\/sv\/candle-wicks\/wedo-lx-wick-raw\">kvalitet<\/a> och dyraste ingredienserna, mer komplexa blandningar av ingredienser och en mycket mer koncentrerad blandning, vilket inneb\u00e4r att dessa dofter blir mycket starkare och mer avrundade.<\/p>\n<p>Det b\u00e4sta \u00e4r dock att \u00e4ven om dessa \u00e4r dyrare i ink\u00f6p kan de spara pengar j\u00e4mf\u00f6rt med vanliga dofter eftersom du beh\u00f6ver anv\u00e4nda mindre f\u00f6r att f\u00e5 samma styrka - vilket ocks\u00e5 inneb\u00e4r b\u00e4ttre kvalitet p\u00e5 slutprodukterna.<\/p>\n<p>Alla doftoljor har en s\u00e5 kallad flampunkt - den temperatur vid vilken oljan b\u00f6rjar f\u00f6rbr\u00e4nnas och doften frig\u00f6rs.<\/p>\n<p>Den <strong>Flampunkten f\u00f6r Grace Type \u00e4r 83\u00b0C<\/strong>, f\u00f6r mer information om Flash Points f\u00f6lj denna l\u00e4nk <a href=\"https:\/\/cosyowl.com\/sv\/guider\/hur-man-anvander-doftoljor\/?wmc-currency=EUR\">https:\/\/www.cosyowl.com\/guides\/how-to-use-fragrance-oils\/<\/a><\/p>\n<p>F\u00f6r mer information om v\u00e5rt nya Cosy Owl Premium Range, hur och varf\u00f6r dessa \u00e4r \u00f6verl\u00e4gsna dofter och vilka f\u00f6rdelar det finns med att anv\u00e4nda dem, <a href=\"https:\/\/cosyowl.com\/sv\/guider\/nya-dofter-fran-cosy-owl-premiumljus\/?wmc-currency=EUR\" target=\"_blank\" rel=\"noopener\">se v\u00e5r artikel<\/a>.<\/p>\n<p>L\u00e4s ocks\u00e5 v\u00e5r CLP-information om anv\u00e4ndning av doftoljor i ljus innan du k\u00f6per. Denna information avser oljans kemiska sammans\u00e4ttning tillsammans med varningsinformation om eventuella allergiska reaktioner.<\/p>\n<p><strong> Vi rekommenderar alla kunder att testa dofter med v\u00e5ra 10 ml testflaskor innan de best\u00e4ller i st\u00f6rre storlekar eller kvantiteter i den osannolika h\u00e4ndelsen att du kan vara missn\u00f6jd med en <a href=\"https:\/\/cosyowl.com\/sv\/candle-making-supplies\/fragrance-oils-for-candle-making\/premium-fragrance-oils\/cosy-owl-premium-1-million-type-fragrance-oil\">Doftolja<\/a>. V\u00e4nligen se v\u00e5r <a href=\"\/index.php?main_page=shippinginfo\">Leverans och returer<\/a> sida f\u00f6r fullst\u00e4ndig <a href=\"https:\/\/cosyowl.com\/sv\/privacy\">Villkor<\/a> och villkor.<\/strong><\/p>\n<p>Doftoljor har vanligtvis ett \u00e5rs utg\u00e5ngsdatum fr\u00e5n tillverkningsdatumet, men m\u00e5nga doftoljor kan h\u00e5lla m\u00e5nader eller till och med \u00e5r efter detta datum om de f\u00f6rvaras korrekt. Tester (vi erbjuder inte denna tj\u00e4nst) kan utf\u00f6ras p\u00e5 doftoljor f\u00f6r att fastst\u00e4lla deras l\u00e4mplighet efter h\u00e5llbarhetstiden.<\/p>","protected":false},"excerpt":{"rendered":"<p>Doftolja av typen Sweet Grace<\/p>","protected":false},"featured_media":11861,"comment_status":"open","ping_status":"closed","template":"","meta":{"_acf_changed":false},"product_brand":[],"product_cat":[536,522,505,504,636,586,509,512,511,730],"product_tag":[909,908],"class_list":{"0":"post-11115","1":"product","2":"type-product","3":"status-publish","4":"has-post-thumbnail","6":"product_cat-fragrance-oils-premium-fragrances","7":"product_cat-fragrance-oils-citrus","8":"product_cat-fragrance-oils-designer","9":"product_cat-fragrance-oils-all-fragrances","10":"product_cat-body-care-fragrance-oils","11":"product_cat-hair-care-fragrance-oils","12":"product_cat-soap-making-supplies-fragrances","13":"product_cat-wax-melts-fragrances","14":"product_cat-beard-oil-fragrances","15":"product_cat-fragrances-for-reed-diffusers","16":"product_tag-black-friday","17":"product_tag-fragrance-oil","18":"pa_bottle-size-100ml","19":"pa_bottle-size-10kg","20":"pa_bottle-size-250ml","21":"pa_bottle-size-25kg","22":"pa_bottle-size-500ml","23":"pa_bottle-size-50ml","24":"pa_bottle-size-5kg","25":"pa_bottle-size-950ml","26":"pa_bottle-size-sample","28":"first","29":"instock","30":"taxable","31":"shipping-taxable","32":"purchasable","33":"product-type-variable"},"acf":[],"_links":{"self":[{"href":"https:\/\/cosyowl.com\/sv\/wp-json\/wp\/v2\/product\/11115","targetHints":{"allow":["GET"]}}],"collection":[{"href":"https:\/\/cosyowl.com\/sv\/wp-json\/wp\/v2\/product"}],"about":[{"href":"https:\/\/cosyowl.com\/sv\/wp-json\/wp\/v2\/types\/product"}],"replies":[{"embeddable":true,"href":"https:\/\/cosyowl.com\/sv\/wp-json\/wp\/v2\/comments?post=11115"}],"wp:featuredmedia":[{"embeddable":true,"href":"https:\/\/cosyowl.com\/sv\/wp-json\/wp\/v2\/media\/11861"}],"wp:attachment":[{"href":"https:\/\/cosyowl.com\/sv\/wp-json\/wp\/v2\/media?parent=11115"}],"wp:term":[{"taxonomy":"product_brand","embeddable":true,"href":"https:\/\/cosyowl.com\/sv\/wp-json\/wp\/v2\/product_brand?post=11115"},{"taxonomy":"product_cat","embeddable":true,"href":"https:\/\/cosyowl.com\/sv\/wp-json\/wp\/v2\/product_cat?post=11115"},{"taxonomy":"product_tag","embeddable":true,"href":"https:\/\/cosyowl.com\/sv\/wp-json\/wp\/v2\/product_tag?post=11115"}],"curies":[{"name":"wp","href":"https:\/\/api.w.org\/{rel}","templated":true}]}}