{"id":11082,"date":"2021-01-10T06:10:00","date_gmt":"2021-01-10T06:10:00","guid":{"rendered":"https:\/\/cosyowl.com\/product\/uncategorized\/import-placeholder-for-tcdl-cfra-bowl-nswe-435"},"modified":"2026-03-24T16:27:40","modified_gmt":"2026-03-24T16:27:40","slug":"cosy-owl-premium-doftolja-med-eukalyptus-och-sot-mynta","status":"publish","type":"product","link":"https:\/\/cosyowl.com\/sv\/fragrance-oils\/sweet-mint-eucalyptus-fragrance-oil","title":{"rendered":"Cosy Owl Premium Sweet Mint &amp; Eucalyptus doftolja"},"content":{"rendered":"<p><strong>Observera - alla 5 kg, 10 kg och 25 kg <a href=\"https:\/\/cosyowl.com\/sv\/guides\/2023-spring-fragrance-oil-trends\">Doftoljor<\/a> \u00e4r skr\u00e4ddarsydda best\u00e4llningsvaror och har en leveranstid p\u00e5 upp till 6 veckor, vilket inte \u00e5terspeglas i de leveransalternativ som presenteras p\u00e5 <a href=\"https:\/\/cosyowl.com\/sv\/checkout\">kassan<\/a>. Om din <a href=\"https:\/\/cosyowl.com\/sv\/basket\">ordning<\/a> inkluderar alla 5 kg, 10 kg eller 25 kg doftoljor, kommer ledtiden f\u00f6r hela best\u00e4llningen att vara upp till 6 veckor. 5 kg, 10 kg eller 25 kg skr\u00e4ddarsydda best\u00e4llda doftoljor \u00e5terbetalas inte heller.<\/strong><\/p>\n<p>En klassisk kombination som alltid \u00e4r popul\u00e4r, denna premiumformulering \u00e4r rik och aromatisk och kommer inte att g\u00f6ra n\u00e5gon besviken. Den v\u00e4ldoftande kombinationen av mynta och eukaluptus ligger p\u00e5 en mjuk b\u00e4dd av kryddnejlika, patchouli, vanilj och cedertr\u00e4 med m\u00e5nga mer subtila noter som v\u00e4ntar p\u00e5 att uppt\u00e4ckas av den mer kr\u00e4sne.<\/p>\n<p>Som en av de <a href=\"https:\/\/cosyowl.com\/sv\/guides\/new-cosy-owl-premium-candle-fragrances\">Mysig uggla Premium<\/a> dofter, \u00e4r vi \u00f6vertygade om att den \u00e4r helt \u00f6verl\u00e4gsen allt som f\u00f6r n\u00e4rvarande finns p\u00e5 marknaden <a href=\"https:\/\/cosyowl.com\/sv\/guides\/how-to-make-a-candle\">tillverkning av ljus<\/a> levererar marknaden f\u00f6r n\u00e4rvarande. Vi har under flera m\u00e5nader arbetat med branschexperter f\u00f6r att utveckla ett nytt sortiment av dofter med st\u00f6rre styrka, djup, rundhet och doftstyrka. Vi har anv\u00e4nt de h\u00f6gsta <a href=\"https:\/\/cosyowl.com\/sv\/candle-wicks\/wedo-lx-wick-raw\">kvalitet<\/a> och dyraste ingredienserna, mer komplexa blandningar av ingredienser och en mycket mer koncentrerad blandning, vilket inneb\u00e4r att dessa dofter blir mycket starkare och mer avrundade.<\/p>\n<p>Det b\u00e4sta \u00e4r dock att \u00e4ven om dessa \u00e4r dyrare i ink\u00f6p kan de spara pengar j\u00e4mf\u00f6rt med vanliga dofter eftersom du beh\u00f6ver anv\u00e4nda mindre f\u00f6r att f\u00e5 samma styrka - vilket ocks\u00e5 inneb\u00e4r b\u00e4ttre kvalitet p\u00e5 slutprodukterna.<\/p>\n<p>Alla doftoljor har en s\u00e5 kallad flampunkt - den temperatur vid vilken oljan b\u00f6rjar f\u00f6rbr\u00e4nnas och doften frig\u00f6rs.<\/p>\n<p>Den <strong>Flampunkten f\u00f6r Sweet Mint och Eucalyptus \u00e4r 91,5\u00b0C<\/strong>, f\u00f6r mer information om Flash Points f\u00f6lj denna l\u00e4nk <a href=\"https:\/\/cosyowl.com\/sv\/guider\/hur-man-anvander-doftoljor\/?wmc-currency=EUR\">https:\/\/www.cosyowl.com\/guides\/how-to-use-fragrance-oils\/<\/a><\/p>\n<p>F\u00f6r mer information om v\u00e5r nya <a href=\"https:\/\/cosyowl.com\/sv\/\">Mysig uggla<\/a> Premium Range, hur och varf\u00f6r dessa \u00e4r \u00f6verl\u00e4gsna dofter och vilka f\u00f6rdelar det finns med att anv\u00e4nda dem, <a href=\"https:\/\/cosyowl.com\/sv\/guider\/nya-dofter-fran-cosy-owl-premiumljus\/?wmc-currency=EUR\" target=\"_blank\" rel=\"noopener\">se v\u00e5r artikel<\/a>.<\/p>\n<p>L\u00e4s ocks\u00e5 v\u00e5r CLP-information om anv\u00e4ndning av doftoljor i ljus innan du k\u00f6per. Denna information avser oljans kemiska sammans\u00e4ttning tillsammans med varningsinformation om eventuella allergiska reaktioner.<\/p>\n<p><strong> Vi rekommenderar alla kunder att testa dofter med v\u00e5ra 10 ml testflaskor innan de best\u00e4ller i st\u00f6rre storlekar eller kvantiteter i den osannolika h\u00e4ndelsen att du kan vara missn\u00f6jd med en <a href=\"https:\/\/cosyowl.com\/sv\/candle-making-supplies\/fragrance-oils-for-candle-making\/premium-fragrance-oils\/cosy-owl-premium-1-million-type-fragrance-oil\">Doftolja<\/a>. V\u00e4nligen se v\u00e5r <a href=\"\/index.php?main_page=shippinginfo\">Leverans och returer<\/a> sida f\u00f6r fullst\u00e4ndig <a href=\"https:\/\/cosyowl.com\/sv\/privacy\">Villkor<\/a> och villkor.<\/strong><\/p>\n<p>Doftoljor har vanligtvis ett \u00e5rs utg\u00e5ngsdatum fr\u00e5n tillverkningsdatumet, men m\u00e5nga doftoljor kan h\u00e5lla m\u00e5nader eller till och med \u00e5r efter detta datum om de f\u00f6rvaras korrekt. Tester (vi erbjuder inte denna tj\u00e4nst) kan utf\u00f6ras p\u00e5 doftoljor f\u00f6r att fastst\u00e4lla deras l\u00e4mplighet efter h\u00e5llbarhetstiden.<\/p>","protected":false},"excerpt":{"rendered":"<p>Please note &#8211; all 5kg, 10kg and 25kg Fragrance Oils are bespoke made-to-order items and have an up to 6-week delivery lead time which isn\u2019t reflected in the shipping options presented at checkout. If your order includes any 5kg, 10kg or 25kg Fragrance Oils, lead time for the entirety of the order will be up [&hellip;]<\/p>\n","protected":false},"featured_media":11854,"comment_status":"open","ping_status":"closed","template":"","meta":{"_acf_changed":false},"product_brand":[],"product_cat":[536,790,504,636,586,509,512,511,762,515,788,521],"product_tag":[909,1595,908,1598],"class_list":{"0":"post-11082","1":"product","2":"type-product","3":"status-publish","4":"has-post-thumbnail","6":"product_cat-fragrance-oils-premium-fragrances","7":"product_cat-easter","8":"product_cat-fragrance-oils-all-fragrances","9":"product_cat-body-care-fragrance-oils","10":"product_cat-hair-care-fragrance-oils","11":"product_cat-soap-making-supplies-fragrances","12":"product_cat-wax-melts-fragrances","13":"product_cat-beard-oil-fragrances","14":"product_cat-garden-fragrance-oils","15":"product_cat-fragrance-oils-herbal","16":"product_cat-spring","17":"product_cat-fragrance-oils-wood","18":"product_tag-black-friday","19":"product_tag-easter","20":"product_tag-fragrance-oil","21":"product_tag-spring","22":"pa_bottle-size-100ml","23":"pa_bottle-size-10kg","24":"pa_bottle-size-250ml","25":"pa_bottle-size-25kg","26":"pa_bottle-size-500ml","27":"pa_bottle-size-50ml","28":"pa_bottle-size-5kg","29":"pa_bottle-size-950ml","30":"pa_bottle-size-sample","32":"first","33":"instock","34":"taxable","35":"shipping-taxable","36":"purchasable","37":"product-type-variable"},"acf":[],"_links":{"self":[{"href":"https:\/\/cosyowl.com\/sv\/wp-json\/wp\/v2\/product\/11082","targetHints":{"allow":["GET"]}}],"collection":[{"href":"https:\/\/cosyowl.com\/sv\/wp-json\/wp\/v2\/product"}],"about":[{"href":"https:\/\/cosyowl.com\/sv\/wp-json\/wp\/v2\/types\/product"}],"replies":[{"embeddable":true,"href":"https:\/\/cosyowl.com\/sv\/wp-json\/wp\/v2\/comments?post=11082"}],"wp:featuredmedia":[{"embeddable":true,"href":"https:\/\/cosyowl.com\/sv\/wp-json\/wp\/v2\/media\/11854"}],"wp:attachment":[{"href":"https:\/\/cosyowl.com\/sv\/wp-json\/wp\/v2\/media?parent=11082"}],"wp:term":[{"taxonomy":"product_brand","embeddable":true,"href":"https:\/\/cosyowl.com\/sv\/wp-json\/wp\/v2\/product_brand?post=11082"},{"taxonomy":"product_cat","embeddable":true,"href":"https:\/\/cosyowl.com\/sv\/wp-json\/wp\/v2\/product_cat?post=11082"},{"taxonomy":"product_tag","embeddable":true,"href":"https:\/\/cosyowl.com\/sv\/wp-json\/wp\/v2\/product_tag?post=11082"}],"curies":[{"name":"wp","href":"https:\/\/api.w.org\/{rel}","templated":true}]}}