{"id":11054,"date":"2021-10-01T06:10:00","date_gmt":"2021-10-01T05:10:00","guid":{"rendered":"https:\/\/cosyowl.com\/product\/uncategorized\/import-placeholder-for-tcdl-cfra-bowl-nwsv-433"},"modified":"2026-04-30T16:23:02","modified_gmt":"2026-04-30T15:23:02","slug":"cosy-owl-premium-wood-smoke-vanilj-doftolja","status":"publish","type":"product","link":"https:\/\/cosyowl.com\/sv\/fragrance-oils\/wood-smoke-vanilla-fragrance-oil","title":{"rendered":"Cosy Owl Premium Wood Smoke Vanilla Doftolja"},"content":{"rendered":"<p><strong>Observera - alla 5 kg, 10 kg och 25 kg <a href=\"https:\/\/cosyowl.com\/sv\/guides\/2023-spring-fragrance-oil-trends\">Doftoljor<\/a> \u00e4r skr\u00e4ddarsydda best\u00e4llningsvaror och har en leveranstid p\u00e5 upp till 6 veckor, vilket inte \u00e5terspeglas i de leveransalternativ som presenteras p\u00e5 <a href=\"https:\/\/cosyowl.com\/sv\/checkout\">kassan<\/a>. Om din <a href=\"https:\/\/cosyowl.com\/sv\/basket\">ordning<\/a> inkluderar alla 5 kg, 10 kg eller 25 kg doftoljor, kommer ledtiden f\u00f6r hela best\u00e4llningen att vara upp till 6 veckor. 5 kg, 10 kg eller 25 kg skr\u00e4ddarsydda best\u00e4llda doftoljor \u00e5terbetalas inte heller.<\/strong><\/p>\n<p>Baserat p\u00e5 den popul\u00e4ra <a href=\"https:\/\/cosyowl.com\/sv\/guides\/a-summers-beach-gel-votive-candle\">ljus<\/a> doft och i viss m\u00e5n parfym \u00e4r detta en distinkt doft som s\u00e4kert kommer att bli popul\u00e4r. Med siamtr\u00e4, gul mandarin, saffran och vanilj \u00f6ver basnoter av lapsang, souchongteessens, kumarin och ambra \u00e4r detta en komplex men \u00e4nd\u00e5 delikat doft som kommer att fylla ditt rum men inte ta \u00f6verhanden.<\/p>\n<p>Som en av de <a href=\"https:\/\/cosyowl.com\/sv\/guides\/new-cosy-owl-premium-candle-fragrances\">Mysig uggla Premium<\/a> dofter, \u00e4r vi \u00f6vertygade om att den \u00e4r helt \u00f6verl\u00e4gsen allt som f\u00f6r n\u00e4rvarande finns p\u00e5 marknaden <a href=\"https:\/\/cosyowl.com\/sv\/guides\/how-to-make-a-candle\">tillverkning av ljus<\/a> f\u00f6rbrukningsvarumarknaden f\u00f6r n\u00e4rvarande. Vi har spenderat m\u00e5nader med att arbeta med branschexperter f\u00f6r att utveckla ett nytt sortiment av dofter med st\u00f6rre styrka, djup, rundhet och doftspridning. Vi har anv\u00e4nt de finaste och dyraste ingredienserna, mer komplexa blandningar av ingredienser och en mycket mer koncentrerad blandning, allt f\u00f6r att dessa ska bli mycket starkare och mer rundade dofter.<\/p>\n<p>Det b\u00e4sta \u00e4r dock att \u00e4ven om dessa \u00e4r dyrare i ink\u00f6p kan de spara pengar j\u00e4mf\u00f6rt med vanliga dofter eftersom du beh\u00f6ver anv\u00e4nda mindre f\u00f6r att f\u00e5 samma styrka - vilket ocks\u00e5 inneb\u00e4r b\u00e4ttre kvalitet p\u00e5 slutprodukterna.<\/p>\n<p>Alla doftoljor har en s\u00e5 kallad flampunkt - den temperatur vid vilken oljan b\u00f6rjar f\u00f6rbr\u00e4nnas och doften frig\u00f6rs.<\/p>\n<p>Den <strong>Flampunkten f\u00f6r Wood Smoke Vanilla \u00e4r 84,1\u00b0C<\/strong>, f\u00f6r mer information om Flash Points f\u00f6lj denna l\u00e4nk <a href=\"https:\/\/cosyowl.com\/sv\/guider\/hur-man-anvander-doftoljor\/?wmc-currency=EUR\">https:\/\/www.cosyowl.com\/guides\/how-to-use-fragrance-oils\/<\/a><\/p>\n<p>F\u00f6r mer information om v\u00e5r nya <a href=\"https:\/\/cosyowl.com\/sv\/\">Mysig uggla<\/a> Premium Range, hur och varf\u00f6r dessa \u00e4r \u00f6verl\u00e4gsna dofter och vilka f\u00f6rdelar det finns med att anv\u00e4nda dem, <a href=\"https:\/\/cosyowl.com\/sv\/guider\/nya-dofter-fran-cosy-owl-premiumljus\/?wmc-currency=EUR\" target=\"_blank\" rel=\"noopener\">se v\u00e5r artikel<\/a>.<\/p>\n<p>L\u00e4s ocks\u00e5 v\u00e5r CLP-information om anv\u00e4ndning av doftoljor i ljus innan du k\u00f6per. Denna information avser oljans kemiska sammans\u00e4ttning tillsammans med varningsinformation om eventuella allergiska reaktioner.<\/p>\n<p><strong> Vi rekommenderar alla kunder att testa dofter med v\u00e5ra 10 ml testflaskor innan de best\u00e4ller i st\u00f6rre storlekar eller kvantiteter i den osannolika h\u00e4ndelsen att du kan vara missn\u00f6jd med en <a href=\"https:\/\/cosyowl.com\/sv\/candle-making-supplies\/fragrance-oils-for-candle-making\/premium-fragrance-oils\/cosy-owl-premium-1-million-type-fragrance-oil\">Doftolja<\/a>. V\u00e4nligen se v\u00e5r <a href=\"\/index.php?main_page=shippinginfo\">Leverans och returer<\/a> sida f\u00f6r fullst\u00e4ndig <a href=\"https:\/\/cosyowl.com\/sv\/privacy\">Villkor<\/a> och villkor.<\/strong><\/p>\n<p>Doftoljor har vanligtvis ett \u00e5rs utg\u00e5ngsdatum fr\u00e5n tillverkningsdatumet, men m\u00e5nga doftoljor kan h\u00e5lla m\u00e5nader eller till och med \u00e5r efter detta datum om de f\u00f6rvaras korrekt. Tester (vi erbjuder inte denna tj\u00e4nst) kan utf\u00f6ras p\u00e5 doftoljor f\u00f6r att fastst\u00e4lla deras l\u00e4mplighet efter h\u00e5llbarhetstiden.<\/p>","protected":false},"excerpt":{"rendered":"<p>Please note &#8211; all 5kg, 10kg and 25kg Fragrance Oils are bespoke made-to-order items and have an up to 6-week delivery lead time which isn\u2019t reflected in the shipping options presented at checkout. If your order includes any 5kg, 10kg or 25kg Fragrance Oils, lead time for the entirety of the order will be up [&hellip;]<\/p>\n","protected":false},"featured_media":11852,"comment_status":"open","ping_status":"closed","template":"","meta":{"_acf_changed":false},"product_brand":[],"product_cat":[536,765,505,504,636,586,509,512,511,730,843,526,521],"product_tag":[1599,909,908,1593],"class_list":{"0":"post-11054","1":"product","2":"type-product","3":"status-publish","4":"has-post-thumbnail","6":"product_cat-fragrance-oils-premium-fragrances","7":"product_cat-autumnal-fragrance-oils","8":"product_cat-fragrance-oils-designer","9":"product_cat-fragrance-oils-all-fragrances","10":"product_cat-body-care-fragrance-oils","11":"product_cat-hair-care-fragrance-oils","12":"product_cat-soap-making-supplies-fragrances","13":"product_cat-wax-melts-fragrances","14":"product_cat-beard-oil-fragrances","15":"product_cat-fragrances-for-reed-diffusers","16":"product_cat-halloween","17":"product_cat-fragrance-oils-vanilla","18":"product_cat-fragrance-oils-wood","19":"product_tag-autumn","20":"product_tag-black-friday","21":"product_tag-fragrance-oil","22":"product_tag-halloween","23":"product_shipping_class-royal_mail","24":"pa_bottle-size-100ml","25":"pa_bottle-size-10kg","26":"pa_bottle-size-250ml","27":"pa_bottle-size-25kg","28":"pa_bottle-size-500ml","29":"pa_bottle-size-50ml","30":"pa_bottle-size-5kg","31":"pa_bottle-size-950ml","32":"pa_bottle-size-sample","34":"first","35":"instock","36":"featured","37":"taxable","38":"shipping-taxable","39":"purchasable","40":"product-type-variable"},"acf":[],"_links":{"self":[{"href":"https:\/\/cosyowl.com\/sv\/wp-json\/wp\/v2\/product\/11054","targetHints":{"allow":["GET"]}}],"collection":[{"href":"https:\/\/cosyowl.com\/sv\/wp-json\/wp\/v2\/product"}],"about":[{"href":"https:\/\/cosyowl.com\/sv\/wp-json\/wp\/v2\/types\/product"}],"replies":[{"embeddable":true,"href":"https:\/\/cosyowl.com\/sv\/wp-json\/wp\/v2\/comments?post=11054"}],"wp:featuredmedia":[{"embeddable":true,"href":"https:\/\/cosyowl.com\/sv\/wp-json\/wp\/v2\/media\/11852"}],"wp:attachment":[{"href":"https:\/\/cosyowl.com\/sv\/wp-json\/wp\/v2\/media?parent=11054"}],"wp:term":[{"taxonomy":"product_brand","embeddable":true,"href":"https:\/\/cosyowl.com\/sv\/wp-json\/wp\/v2\/product_brand?post=11054"},{"taxonomy":"product_cat","embeddable":true,"href":"https:\/\/cosyowl.com\/sv\/wp-json\/wp\/v2\/product_cat?post=11054"},{"taxonomy":"product_tag","embeddable":true,"href":"https:\/\/cosyowl.com\/sv\/wp-json\/wp\/v2\/product_tag?post=11054"}],"curies":[{"name":"wp","href":"https:\/\/api.w.org\/{rel}","templated":true}]}}