{"id":11025,"date":"2021-10-01T06:10:00","date_gmt":"2021-10-01T05:10:00","guid":{"rendered":"https:\/\/cosyowl.com\/product\/uncategorized\/import-placeholder-for-tcdl-cfra-bowl-nsas-427"},"modified":"2026-03-24T16:27:34","modified_gmt":"2026-03-24T16:27:34","slug":"cosy-owl-premium-wood-salvia-seasalt-doftolja","status":"publish","type":"product","link":"https:\/\/cosyowl.com\/sv\/candle-making-supplies\/fragrance-oils-for-candle-making\/premium-fragrance-oils\/cosy-owl-premium-wood-sage-seasalt-fragrance-oil","title":{"rendered":"Cosy Owl Premium Wood Salvia &amp; Havssalt Doftolja"},"content":{"rendered":"<p><strong>Observera - alla 5 kg, 10 kg och 25 kg <a href=\"https:\/\/cosyowl.com\/sv\/guides\/2023-spring-fragrance-oil-trends\">Doftoljor<\/a> \u00e4r skr\u00e4ddarsydda best\u00e4llningsvaror och har en leveranstid p\u00e5 upp till 6 veckor, vilket inte \u00e5terspeglas i de leveransalternativ som presenteras p\u00e5 <a href=\"https:\/\/cosyowl.com\/sv\/checkout\">kassan<\/a>. Om din <a href=\"https:\/\/cosyowl.com\/sv\/basket\">ordning<\/a> inkluderar alla 5 kg, 10 kg eller 25 kg doftoljor, kommer ledtiden f\u00f6r hela best\u00e4llningen att vara upp till 6 veckor. 5 kg, 10 kg eller 25 kg skr\u00e4ddarsydda best\u00e4llda doftoljor \u00e5terbetalas inte heller.<\/strong><\/p>\n<p>Tillverkad med <a href=\"https:\/\/cosyowl.com\/sv\/candle-making-supplies\/fragrance-oils-for-candle-making\/all-fragrances\/honey-fragrance-oil\">naturlig<\/a> ingredienser och eteriska oljor*.<\/p>\n<p>En <a href=\"https:\/\/cosyowl.com\/sv\/fragrance-oils\/coffee\">aromatisk<\/a> och mustig doft inspirerad av den ber\u00f6mda Jo malone-doften.  Med den rikedom och det djup som k\u00e4nnetecknar v\u00e5rt premiumsortiment av dofter, \u00e4r denna <a href=\"https:\/\/cosyowl.com\/sv\/candle-making-supplies\/fragrance-oils-for-candle-making\/all-fragrances\/ocean-fragrance-oil\">marin<\/a> baserade doften har inslag av citrus och ger en utm\u00e4rkt blandning av tr\u00e4, salt, kryddighet och s\u00f6tma.  Den h\u00e4r doften \u00e4r inte \u00f6verv\u00e4ldigande men har en stark h\u00e5llbarhet och utvecklas och mognar verkligen ju l\u00e4ngre den \u00e4r i luften.<\/p>\n<p>Som en av de <a href=\"https:\/\/cosyowl.com\/sv\/guides\/new-cosy-owl-premium-candle-fragrances\">Mysig uggla Premium<\/a> dofter, \u00e4r vi \u00f6vertygade om att det \u00e4r huvudet och axlarna \u00f6ver allt som f\u00f6r n\u00e4rvarande finns p\u00e5 marknaden <a href=\"https:\/\/cosyowl.com\/sv\/guides\/how-to-make-a-candle\">tillverkning av ljus<\/a> levererar marknaden f\u00f6r n\u00e4rvarande.  Vi har under flera m\u00e5nader arbetat med branschexperter f\u00f6r att utveckla ett nytt sortiment av dofter med st\u00f6rre styrka, djup, rundhet och doftstyrka.  Vi har anv\u00e4nt de h\u00f6gsta <a href=\"https:\/\/cosyowl.com\/sv\/candle-wicks\/wedo-lx-wick-raw\">kvalitet<\/a> och dyraste ingredienserna, mer komplexa blandningar av ingredienser och en mycket mer koncentrerad blandning, vilket inneb\u00e4r att dessa dofter blir mycket starkare och mer avrundade.<\/p>\n<p>Det b\u00e4sta \u00e4r dock att \u00e4ven om dessa \u00e4r dyrare att k\u00f6pa initialt, kan de spara pengar j\u00e4mf\u00f6rt med vanliga dofter eftersom du beh\u00f6ver anv\u00e4nda mindre f\u00f6r att f\u00e5 samma styrka - vilket ocks\u00e5 inneb\u00e4r slutprodukter av b\u00e4ttre kvalitet.<\/p>\n<p>Uppt\u00e4ck v\u00e5rt lyxiga urval av exklusiva doftdubletter - klicka p\u00e5 l\u00e4nken f\u00f6r att utforska mer och hitta din perfekta doft\u00a0<a href=\"https:\/\/cosyowl.com\/sv\/guider\/vara-doftkopior-lyxiga-dofter-utan-lyxpriset\/?wmc-currency=EUR\">Dupe-lista f\u00f6r doftolja<\/a><\/p>\n<p>Alla doftoljor har en s\u00e5 kallad flampunkt - den temperatur vid vilken oljan b\u00f6rjar f\u00f6rbr\u00e4nnas och doften frig\u00f6rs.<\/p>\n<p>Den <strong>flampunkt f\u00f6r Wood Sage och <a href=\"https:\/\/cosyowl.com\/sv\/candle-making-supplies\/fragrance-oils-for-candle-making\/all-fragrances\/twc-seasalt-fragrance-oil\">Havssalt<\/a> \u00e4r 93\u00b0C<\/strong>, f\u00f6r mer information om Flash Points f\u00f6lj denna l\u00e4nk <a href=\"https:\/\/cosyowl.com\/sv\/guider\/hur-man-anvander-doftoljor\/?wmc-currency=EUR\">https:\/\/www.cosyowl.com\/guides\/how-to-use-fragrance-oils\/<\/a><\/p>\n<p>F\u00f6r mer information om v\u00e5r nya <a href=\"https:\/\/cosyowl.com\/sv\/\">Mysig uggla<\/a> Premium Range, hur och varf\u00f6r dessa \u00e4r \u00f6verl\u00e4gsna dofter och vilka f\u00f6rdelar det finns med att anv\u00e4nda dem, <a href=\"https:\/\/cosyowl.com\/sv\/guider\/nya-dofter-fran-cosy-owl-premiumljus\/?wmc-currency=EUR\" target=\"_blank\" rel=\"noopener\">se v\u00e5r artikel<\/a>.<\/p>\n<p>L\u00e4s ocks\u00e5 v\u00e5r CLP-information om anv\u00e4ndning av doftoljor i ljus innan du k\u00f6per. Denna information avser oljans kemiska sammans\u00e4ttning tillsammans med varningsinformation om eventuella allergiska reaktioner.<\/p>\n<p><strong> Vi rekommenderar alla kunder att testa dofter med v\u00e5ra 10 ml testflaskor innan de best\u00e4ller i st\u00f6rre storlekar eller kvantiteter i den osannolika h\u00e4ndelsen att du kan vara missn\u00f6jd med en <a href=\"https:\/\/cosyowl.com\/sv\/candle-making-supplies\/fragrance-oils-for-candle-making\/premium-fragrance-oils\/cosy-owl-premium-1-million-type-fragrance-oil\">Doftolja<\/a>. V\u00e4nligen se v\u00e5r <a href=\"\/index.php?main_page=shippinginfo\">Leverans och returer<\/a> sida f\u00f6r fullst\u00e4ndig <a href=\"https:\/\/cosyowl.com\/sv\/privacy\">Villkor<\/a> och villkor.<\/strong><\/p>\n<p>*Den h\u00e4r doften inneh\u00e5ller naturliga element (<a href=\"https:\/\/cosyowl.com\/sv\/guides\/essential-oil-benefits\">eteriska oljor<\/a>, extrakt, hartser, isolat) men \u00e4r inte helt naturliga. V\u00e5ra doftoljor har utformats f\u00f6r att vara s\u00e5 enkla som m\u00f6jligt, <a href=\"https:\/\/cosyowl.com\/sv\/candle-making-supplies\/glitters\/pure-white-biodegradable\">ren<\/a> och naturliga som m\u00f6jligt, samtidigt som de ger den b\u00e4sta doftupplevelsen och det b\u00e4sta utbudet av doftnoter. F\u00f6reningar som inte kommer direkt fr\u00e5n naturen \u00e4r antingen kemiskt identiska med naturligt f\u00f6rekommande f\u00f6reningar, artificiellt skapade eller n\u00e5got modifierade, vanligtvis f\u00f6r att ge en n\u00e5got starkare doft. Ibland anv\u00e4nds doft\u00e4mnen som inte finns i naturen f\u00f6r att ge den distinkta doft som kr\u00e4vs f\u00f6r vissa mer artificiella doft\u00e4mnen. Detta \u00e4r samma sak som f\u00f6r alla doftoljor p\u00e5 marknaden idag.<\/p>\n<p>Doftoljor har vanligtvis ett \u00e5rs utg\u00e5ngsdatum fr\u00e5n tillverkningsdatumet, men m\u00e5nga doftoljor kan h\u00e5lla m\u00e5nader eller till och med \u00e5r efter detta datum om de f\u00f6rvaras korrekt. Tester (vi erbjuder inte denna tj\u00e4nst) kan utf\u00f6ras p\u00e5 doftoljor f\u00f6r att fastst\u00e4lla deras l\u00e4mplighet efter h\u00e5llbarhetstiden.<\/p>","protected":false},"excerpt":{"rendered":"<p>Please note &#8211; all 5kg, 10kg and 25kg Fragrance Oils are bespoke made-to-order items and have an up to 6-week delivery lead time which isn\u2019t reflected in the shipping options presented at checkout. If your order includes any 5kg, 10kg or 25kg Fragrance Oils, lead time for the entirety of the order will be up [&hellip;]<\/p>\n","protected":false},"featured_media":11848,"comment_status":"open","ping_status":"closed","template":"","meta":{"_acf_changed":false},"product_brand":[],"product_cat":[536,759,505,504,636,586,509,512,511,730,515,506,521],"product_tag":[909,908],"class_list":{"0":"post-11025","1":"product","2":"type-product","3":"status-publish","4":"has-post-thumbnail","6":"product_cat-fragrance-oils-premium-fragrances","7":"product_cat-best-of-british-fragrance-oils","8":"product_cat-fragrance-oils-designer","9":"product_cat-fragrance-oils-all-fragrances","10":"product_cat-body-care-fragrance-oils","11":"product_cat-hair-care-fragrance-oils","12":"product_cat-soap-making-supplies-fragrances","13":"product_cat-wax-melts-fragrances","14":"product_cat-beard-oil-fragrances","15":"product_cat-fragrances-for-reed-diffusers","16":"product_cat-fragrance-oils-herbal","17":"product_cat-fragrance-oils-masculine-fragrances","18":"product_cat-fragrance-oils-wood","19":"product_tag-black-friday","20":"product_tag-fragrance-oil","21":"pa_bottle-size-100ml","22":"pa_bottle-size-10kg","23":"pa_bottle-size-250ml","24":"pa_bottle-size-25kg","25":"pa_bottle-size-500ml","26":"pa_bottle-size-50ml","27":"pa_bottle-size-5kg","28":"pa_bottle-size-950ml","29":"pa_bottle-size-sample","31":"first","32":"instock","33":"featured","34":"taxable","35":"shipping-taxable","36":"purchasable","37":"product-type-variable"},"acf":[],"_links":{"self":[{"href":"https:\/\/cosyowl.com\/sv\/wp-json\/wp\/v2\/product\/11025","targetHints":{"allow":["GET"]}}],"collection":[{"href":"https:\/\/cosyowl.com\/sv\/wp-json\/wp\/v2\/product"}],"about":[{"href":"https:\/\/cosyowl.com\/sv\/wp-json\/wp\/v2\/types\/product"}],"replies":[{"embeddable":true,"href":"https:\/\/cosyowl.com\/sv\/wp-json\/wp\/v2\/comments?post=11025"}],"wp:featuredmedia":[{"embeddable":true,"href":"https:\/\/cosyowl.com\/sv\/wp-json\/wp\/v2\/media\/11848"}],"wp:attachment":[{"href":"https:\/\/cosyowl.com\/sv\/wp-json\/wp\/v2\/media?parent=11025"}],"wp:term":[{"taxonomy":"product_brand","embeddable":true,"href":"https:\/\/cosyowl.com\/sv\/wp-json\/wp\/v2\/product_brand?post=11025"},{"taxonomy":"product_cat","embeddable":true,"href":"https:\/\/cosyowl.com\/sv\/wp-json\/wp\/v2\/product_cat?post=11025"},{"taxonomy":"product_tag","embeddable":true,"href":"https:\/\/cosyowl.com\/sv\/wp-json\/wp\/v2\/product_tag?post=11025"}],"curies":[{"name":"wp","href":"https:\/\/api.w.org\/{rel}","templated":true}]}}