{"id":10991,"date":"2021-10-01T06:10:00","date_gmt":"2021-10-01T05:10:00","guid":{"rendered":"https:\/\/cosyowl.com\/product\/uncategorized\/import-placeholder-for-tcdl-cacc-bowl-cwct-411"},"modified":"2026-03-03T13:44:56","modified_gmt":"2026-03-03T13:44:56","slug":"verktyg-for-centrering-av-veke","status":"publish","type":"product","link":"https:\/\/cosyowl.com\/sv\/candle-making-supplies\/tools-equipment\/candle-wick-centering-tool","title":{"rendered":"Centreringsverktyg f\u00f6r ljusvekar"},"content":{"rendered":"<p>A <strong>verktyg f\u00f6r centrering av veke<\/strong> \u00e4r en mycket enkel enhet som h\u00e5ller din <a href=\"https:\/\/cosyowl.com\/sv\/guides\/a-summers-beach-gel-votive-candle\">ljus<\/a> veken p\u00e5 plats. Det h\u00e4r \u00e4r en mycket h\u00e5llbar st\u00e5ladapter som placeras p\u00e5 toppen av din ljuspelare, T-light eller annan beh\u00e5llare f\u00f6r att h\u00e5lla veken p\u00e5 \u00f6nskad plats - normalt i mitten. Till skillnad fr\u00e5n andra centreringsverktyg p\u00e5 internet \u00e4r detta betydligt t\u00e5ligare \u00e4n sina motsvarigheter i plast och g\u00f6r det m\u00f6jligt att h\u00e4nga mer \u00e4n en veke i ditt ljus om det beh\u00f6vs.<\/p>\n<p>Finns i f\u00f6rpackningar om 10 eller 50.<\/p>","protected":false},"excerpt":{"rendered":"<p>A wick centering tool is a very simplistic device that holds your candle wick in place. This is a highly durable steel adapter that is placed on the top of your candle pillar, T-lights or other container to hold the wick in the location required &#8211; normally the centre. Unlike other centring tools on the [&hellip;]<\/p>\n","protected":false},"featured_media":12011,"comment_status":"open","ping_status":"closed","template":"","meta":{"_acf_changed":false},"product_brand":[],"product_cat":[532,499],"product_tag":[935],"class_list":{"0":"post-10991","1":"product","2":"type-product","3":"status-publish","4":"has-post-thumbnail","6":"product_cat-tools-equipment","7":"product_cat-candle-wicks","8":"product_tag-wick-centering-tool","10":"first","11":"instock","12":"taxable","13":"shipping-taxable","14":"purchasable","15":"product-type-variable"},"acf":[],"_links":{"self":[{"href":"https:\/\/cosyowl.com\/sv\/wp-json\/wp\/v2\/product\/10991","targetHints":{"allow":["GET"]}}],"collection":[{"href":"https:\/\/cosyowl.com\/sv\/wp-json\/wp\/v2\/product"}],"about":[{"href":"https:\/\/cosyowl.com\/sv\/wp-json\/wp\/v2\/types\/product"}],"replies":[{"embeddable":true,"href":"https:\/\/cosyowl.com\/sv\/wp-json\/wp\/v2\/comments?post=10991"}],"wp:featuredmedia":[{"embeddable":true,"href":"https:\/\/cosyowl.com\/sv\/wp-json\/wp\/v2\/media\/12011"}],"wp:attachment":[{"href":"https:\/\/cosyowl.com\/sv\/wp-json\/wp\/v2\/media?parent=10991"}],"wp:term":[{"taxonomy":"product_brand","embeddable":true,"href":"https:\/\/cosyowl.com\/sv\/wp-json\/wp\/v2\/product_brand?post=10991"},{"taxonomy":"product_cat","embeddable":true,"href":"https:\/\/cosyowl.com\/sv\/wp-json\/wp\/v2\/product_cat?post=10991"},{"taxonomy":"product_tag","embeddable":true,"href":"https:\/\/cosyowl.com\/sv\/wp-json\/wp\/v2\/product_tag?post=10991"}],"curies":[{"name":"wp","href":"https:\/\/api.w.org\/{rel}","templated":true}]}}