{"id":10989,"date":"2021-10-01T06:10:00","date_gmt":"2021-10-01T05:10:00","guid":{"rendered":"https:\/\/cosyowl.com\/product\/uncategorized\/essential-wax-thermometer"},"modified":"2026-03-03T13:44:55","modified_gmt":"2026-03-03T13:44:55","slug":"termometer-for-essentiellt-vax","status":"publish","type":"product","link":"https:\/\/cosyowl.com\/sv\/candle-making-supplies\/tools-equipment\/essential-wax-thermometer-127mm-stem","title":{"rendered":"Essential vaxtermometer 127 mm skaft"},"content":{"rendered":"<p>Denna termometer tillhandah\u00e5lls exklusivt av <a href=\"https:\/\/cosyowl.com\/sv\/\">Mysig uggla<\/a> kan m\u00e4ta temperaturen p\u00e5 ditt sm\u00e4ltande vax mellan 0\u00b0C och 100\u00b0C (upp till 212F). Den h\u00e4r mycket h\u00e5llbara termometern har tillverkats speciellt f\u00f6r <a href=\"https:\/\/cosyowl.com\/sv\/guides\/how-to-make-a-candle\">tillverkning av ljus<\/a>. Detta \u00e4r en viktig del av din <a href=\"https:\/\/cosyowl.com\/sv\/guides\/a-summers-beach-gel-votive-candle\">ljus<\/a> tillverkningssats, se till att vaxtemperaturen inte \u00e4r f\u00f6r l\u00e5g och inte \u00f6verstiger den temperatur vid vilken det sm\u00e4lta vaxet kan bli farligt. Generellt sett b\u00f6r temperaturen ligga mellan 55\u00b0C och 65\u00b0C beroende p\u00e5 vilken typ av vax som anv\u00e4nds. F\u00f6r mer exakt information h\u00e4nvisas till <strong>\"Riktlinjer f\u00f6r temperatur<\/strong> under v\u00e5r <strong>INFO &amp; GUIDES<\/strong> avsnitt p\u00e5 denna webbplats.<\/p>","protected":false},"excerpt":{"rendered":"<p>This thermometer provided exclusively by Cosy Owl can measure the temperature of your melting wax between 0\u00b0C and 100\u00b0C (up to 212F). This highly durable thermometer has been specifically manufactured for candle making. This is an important part of your candle making kit, ensuring the wax temperature is not too low and does not exceed [&hellip;]<\/p>\n","protected":false},"featured_media":12010,"comment_status":"open","ping_status":"closed","template":"","meta":{"_acf_changed":false},"product_brand":[],"product_cat":[532,638,641,643,645,667],"product_tag":[912],"class_list":{"0":"post-10989","1":"product","2":"type-product","3":"status-publish","4":"has-post-thumbnail","6":"product_cat-tools-equipment","7":"product_cat-body-care-equipment","8":"product_cat-hair-care-equipment","9":"product_cat-wax-melts-equipment","10":"product_cat-lip-balm-equipment","11":"product_cat-soap-making-supplies-equipment","12":"product_tag-thermometer","13":"product_shipping_class-royal_mail","15":"first","16":"instock","17":"taxable","18":"shipping-taxable","19":"purchasable","20":"product-type-simple"},"acf":[],"_links":{"self":[{"href":"https:\/\/cosyowl.com\/sv\/wp-json\/wp\/v2\/product\/10989","targetHints":{"allow":["GET"]}}],"collection":[{"href":"https:\/\/cosyowl.com\/sv\/wp-json\/wp\/v2\/product"}],"about":[{"href":"https:\/\/cosyowl.com\/sv\/wp-json\/wp\/v2\/types\/product"}],"replies":[{"embeddable":true,"href":"https:\/\/cosyowl.com\/sv\/wp-json\/wp\/v2\/comments?post=10989"}],"wp:featuredmedia":[{"embeddable":true,"href":"https:\/\/cosyowl.com\/sv\/wp-json\/wp\/v2\/media\/12010"}],"wp:attachment":[{"href":"https:\/\/cosyowl.com\/sv\/wp-json\/wp\/v2\/media?parent=10989"}],"wp:term":[{"taxonomy":"product_brand","embeddable":true,"href":"https:\/\/cosyowl.com\/sv\/wp-json\/wp\/v2\/product_brand?post=10989"},{"taxonomy":"product_cat","embeddable":true,"href":"https:\/\/cosyowl.com\/sv\/wp-json\/wp\/v2\/product_cat?post=10989"},{"taxonomy":"product_tag","embeddable":true,"href":"https:\/\/cosyowl.com\/sv\/wp-json\/wp\/v2\/product_tag?post=10989"}],"curies":[{"name":"wp","href":"https:\/\/api.w.org\/{rel}","templated":true}]}}