{"id":10966,"date":"2021-10-01T06:10:00","date_gmt":"2021-10-01T05:10:00","guid":{"rendered":"https:\/\/cosyowl.com\/product\/uncategorized\/import-placeholder-for-tcdl-cacc-bowl-s1000p-cwgd-410"},"modified":"2026-03-03T13:44:55","modified_gmt":"2026-03-03T13:44:55","slug":"limprickar-forpackning-om-1000-2-storlekar","status":"publish","type":"product","link":"https:\/\/cosyowl.com\/sv\/candle-making-supplies\/tools-equipment\/glue-dots-pack-of-1000","title":{"rendered":"Limprickar (F\u00f6rpackning med 1000 st)"},"content":{"rendered":"<p>Den <a href=\"https:\/\/cosyowl.com\/sv\/guides\/how-to-make-a-candle\">tillverkning av ljus<\/a> dubbelsidig <strong><a href=\"https:\/\/cosyowl.com\/sv\/candle-making-supplies\/tools-equipment\/glue-dots-pack-of-100\">Limprickar<\/a><\/strong> anv\u00e4nds f\u00f6r att effektivt f\u00e4sta veken till basen av din <a href=\"https:\/\/cosyowl.com\/sv\/guides\/a-summers-beach-gel-votive-candle\">ljus<\/a> beh\u00e5llare och klarar temperaturer \u00f6ver 70\u00b0C. Anv\u00e4nds genom att f\u00e4sta veken p\u00e5 basen, placera den i mitten av beh\u00e5llaren och sedan trycka ner den ordentligt s\u00e5 att veken h\u00e5lls p\u00e5 plats. Detta f\u00f6rhindrar den mycket irriterande r\u00f6relsen av veken n\u00e4r du h\u00e4ller ljusvaxet i beh\u00e5llaren. Observera att den h\u00e4r produkten inte skiljer sig i funktion och anv\u00e4ndning fr\u00e5n det som ibland kallas limflikar.<\/p>\n<p>Finns i en rulle med cirka 1000 limprickar - det \u00e4r m\u00e5nga ljus!<\/p>","protected":false},"excerpt":{"rendered":"<p>The candle making double sided Glue Dots are used to effectively secure the wick to the base of your candle container and are rated in excess of 70\u00b0C. To use, simply stick to the base of the wick, locate in the centre of the container and then press firmly down to secure the wick in [&hellip;]<\/p>\n","protected":false},"featured_media":12008,"comment_status":"open","ping_status":"closed","template":"","meta":{"_acf_changed":false},"product_brand":[],"product_cat":[532],"product_tag":[913],"class_list":{"0":"post-10966","1":"product","2":"type-product","3":"status-publish","4":"has-post-thumbnail","6":"product_cat-tools-equipment","7":"product_tag-glue-dots","8":"product_shipping_class-royal_mail","10":"first","11":"outofstock","12":"taxable","13":"shipping-taxable","14":"purchasable","15":"product-type-simple"},"acf":[],"_links":{"self":[{"href":"https:\/\/cosyowl.com\/sv\/wp-json\/wp\/v2\/product\/10966","targetHints":{"allow":["GET"]}}],"collection":[{"href":"https:\/\/cosyowl.com\/sv\/wp-json\/wp\/v2\/product"}],"about":[{"href":"https:\/\/cosyowl.com\/sv\/wp-json\/wp\/v2\/types\/product"}],"replies":[{"embeddable":true,"href":"https:\/\/cosyowl.com\/sv\/wp-json\/wp\/v2\/comments?post=10966"}],"wp:featuredmedia":[{"embeddable":true,"href":"https:\/\/cosyowl.com\/sv\/wp-json\/wp\/v2\/media\/12008"}],"wp:attachment":[{"href":"https:\/\/cosyowl.com\/sv\/wp-json\/wp\/v2\/media?parent=10966"}],"wp:term":[{"taxonomy":"product_brand","embeddable":true,"href":"https:\/\/cosyowl.com\/sv\/wp-json\/wp\/v2\/product_brand?post=10966"},{"taxonomy":"product_cat","embeddable":true,"href":"https:\/\/cosyowl.com\/sv\/wp-json\/wp\/v2\/product_cat?post=10966"},{"taxonomy":"product_tag","embeddable":true,"href":"https:\/\/cosyowl.com\/sv\/wp-json\/wp\/v2\/product_tag?post=10966"}],"curies":[{"name":"wp","href":"https:\/\/api.w.org\/{rel}","templated":true}]}}