{"id":10852,"date":"2021-10-01T06:08:00","date_gmt":"2021-10-01T05:08:00","guid":{"rendered":"https:\/\/cosyowl.com\/product\/uncategorized\/import-placeholder-for-tcdl-ccmk-bowl-ncsp-cscw-381"},"modified":"2026-04-20T08:58:46","modified_gmt":"2026-04-20T07:58:46","slug":"sojavax-julkrydda-ljusstopningssats","status":"publish","type":"product","link":"https:\/\/cosyowl.com\/sv\/candle-making-kits\/soy-wax-christmas-spice-candle-making-kit","title":{"rendered":"Sojavax julkrydda ljustillverkningssats"},"content":{"rendered":"<p data-start=\"130\" data-end=\"386\">V\u00e5ra kit \u00e4r perfekta f\u00f6r alla som \u00e4r sugna p\u00e5 att vara kreativa och dyka ner i <a href=\"https:\/\/cosyowl.com\/sv\/guides\/how-to-make-a-candle\">tillverkning av ljus<\/a>. Detta <strong data-start=\"218\" data-end=\"255\"><a href=\"https:\/\/cosyowl.com\/sv\/fragrance-oils\/christmas-spice\">Julkrydda<\/a> <a href=\"https:\/\/cosyowl.com\/sv\/guides\/a-summers-beach-gel-votive-candle\">Stearinljus<\/a> Tillverkningssats<\/strong> ger dig allt du beh\u00f6ver f\u00f6r att <a href=\"https:\/\/cosyowl.com\/sv\/guides\/how-to-make-wax-melts-at-home\">hantverk<\/a> <strong data-start=\"294\" data-end=\"324\">upp till fem festljus<\/strong> fylld med <a href=\"https:\/\/cosyowl.com\/sv\/craft-kits\/candle-making-kits\/soy-wax-mulled-wine-christmas-candle-making-kit\">varm<\/a>, tr\u00f6stande doft av <strong data-start=\"367\" data-end=\"385\"><a href=\"https:\/\/cosyowl.com\/sv\/candle-making-kits\/winter-pine-candle-making-kit\">semester<\/a> Kryddor<\/strong>. Varje ljus har en rik <strong data-start=\"416\" data-end=\"447\">s\u00e4songsbetonad rostorange f\u00e4rg<\/strong>Du kan skapa en mysig julst\u00e4mning direkt i ditt hem. Oavsett om det \u00e4r till dig sj\u00e4lv eller som en innerlig g\u00e5va g\u00f6r det h\u00e4r kitet ljusst\u00f6pning enkelt, roligt och djupt tillfredsst\u00e4llande.<\/p>\n<h3>Vad finns i ditt ljustillverkningskit?<\/h3>\n<ul>\n<li><span style=\"color: #0a0101\"><a style=\"color: #0a0000\" href=\"https:\/\/cosyowl.com\/sv\/tillbehor-for-ljusstopning\/ljusvax\/sojavax\/kerasoy-4130-vax-for-behallare\/?wmc-currency=EUR\">800g av h\u00f6g kvalitet<\/a> <\/span><span style=\"color: #ff6600\"><strong><a style=\"color: #ff6600\" href=\"https:\/\/cosyowl.com\/sv\/tillbehor-for-ljusstopning\/ljusvax\/sojavax\/naturliga-vaxer-soyaluna-vax-for-behallare\/?wmc-currency=EUR\">Sojavax f\u00f6r beh\u00e5llare<\/a><\/strong><\/span> <span style=\"color: #0a0000\"><a style=\"color: #0a0000\" href=\"https:\/\/cosyowl.com\/sv\/tillbehor-for-ljusstopning\/ljusvax\/sojavax\/kerasoy-4130-vax-for-behallare\/?wmc-currency=EUR\">f\u00f6r en ren och j\u00e4mn f\u00f6rbr\u00e4nning<\/a><\/span><\/li>\n<li><span style=\"color: #080000\"><a style=\"color: #080000\" href=\"https:\/\/cosyowl.com\/sv\/doftoljor\/julkrydda\/?wmc-currency=EUR\">50 ml av<\/a><span style=\"color: #ff6600\"><strong><a style=\"color: #ff6600\" href=\"https:\/\/cosyowl.com\/sv\/doftoljor\/julkrydda\/?wmc-currency=EUR\">\u00a0Doftolja med julkryddor <\/a><\/strong><\/span><a style=\"color: #080000\" href=\"https:\/\/cosyowl.com\/sv\/doftoljor\/julkrydda\/?wmc-currency=EUR\">(Flampunkt 76\u00b0C) ger en varm, festlig doft med inslag av kanel, kryddnejlika och apelsinskal<\/a><\/span><\/li>\n<li><span style=\"color: #080000\">1 g av <a style=\"color: #080000\" href=\"https:\/\/cosyowl.com\/sv\/ljusfargamnen\/bekro-5024-27-orange-ljusfarg\/?wmc-currency=EUR\"><span style=\"color: #ff6600\"><strong>Rost Orange Bekro Dye <\/strong><\/span>(5024\/27) f\u00f6r att ge dina ljus en rik, s\u00e4songsbetonad nyans<\/a><\/span><\/li>\n<li><span style=\"color: #0a0101\">5 <span style=\"color: #ff6600\"><strong><a style=\"color: #ff6600\" href=\"https:\/\/cosyowl.com\/sv\/ljusvekar\/wedo-eco-wick-120mm\/?wmc-currency=EUR\">Eco-vickor <\/a><\/strong><\/span><a style=\"color: #0a0101\" href=\"https:\/\/cosyowl.com\/sv\/ljusvekar\/wedo-eco-wick-120mm\/?wmc-currency=EUR\"><span style=\"color: #0a0000\">f\u00f6r optimal flamprestanda<\/span><\/a><\/span><\/li>\n<li><span style=\"color: #0a0101\">5 <span style=\"color: #ff6600\"><strong><a style=\"color: #ff6600\" href=\"https:\/\/cosyowl.com\/sv\/tillbehor-for-ljusstopning\/ljusbehallare\/ljusglas\/ljusbehallare-av-glas-20cl-karen-rund\/?wmc-currency=EUR\">20cl Karen Runda glas Beh\u00e5llare <\/a><\/strong><\/span><a style=\"color: #0a0101\" href=\"https:\/\/cosyowl.com\/sv\/tillbehor-for-ljusstopning\/ljusbehallare\/ljusglas\/ljusbehallare-av-glas-20cl-karen-rund\/?wmc-currency=EUR\">perfekt f\u00f6r hemmabruk eller som present<\/a><\/span><\/li>\n<li><span style=\"color: #0a0000\">L\u00e4tt att f\u00f6lja, <span style=\"color: #ff6600\"><strong><a style=\"color: #ff6600\" href=\"https:\/\/cosyowl.com\/sv\/guider\/hur-man-gor-ett-ljus\/?wmc-currency=EUR\">Steg-f\u00f6r-steg-guide f\u00f6r ljustillverkning<\/a><\/strong><\/span> perfekt f\u00f6r nyb\u00f6rjare<\/span><\/li>\n<\/ul>\n<p><span style=\"color: #0a0101\">Vi \u00e4r stolta \u00f6ver att tillhandah\u00e5lla de h\u00f6gsta <a href=\"https:\/\/cosyowl.com\/sv\/candle-wicks\/wedo-lx-wick-raw\">kvalitet<\/a> ingredienser som finns p\u00e5 marknaden f\u00f6r att g\u00f6ra de perfekta ljusen hemma. V\u00e5ra kit \u00e4r perfekta b\u00e5de f\u00f6r dig som precis har b\u00f6rjat och f\u00f6r dig som redan \u00e4r duktig, s\u00e5 ta p\u00e5 dig f\u00f6rkl\u00e4det och s\u00e4tt ig\u00e5ng. F\u00f6r den som vill vara mer kreativ kan du k\u00f6pa en annan f\u00e4rg och blanda upp saker och ting.<\/span><\/p>\n<h3>Information om doft<\/h3>\n<p>V\u00e5r <strong><span style=\"color: #ff6600\"><a style=\"color: #ff6600\" href=\"https:\/\/cosyowl.com\/sv\/doftoljor\/julkrydda\/?wmc-currency=EUR\">Doftolja med julkryddor <\/a><\/span><\/strong>har formulerats speciellt f\u00f6r att framkalla den v\u00e4lbekanta <a href=\"https:\/\/cosyowl.com\/sv\/candle-making-supplies\/fragrance-oils-for-candle-making\/all-fragrances\/tonka-bean-myrrh-fragrance-oil\">rik arom<\/a> av n\u00e5gra av de mest v\u00e4lk\u00e4nda kryddorna som anv\u00e4nds i b\u00e5de mat och dofter; n\u00e5got som aldrig \u00e4r malplacerat vid juletid. Den h\u00e4r intensiva och resonanta doften utstr\u00e5lar en stark och framtr\u00e4dande lukt som f\u00f6rknippas med<strong> bergamott, ingef\u00e4ra, apelsinskal och eukalyptus<\/strong>. Denna f\u00f6rsta doft \u00e4r den mest uttalade n\u00e4r ditt ljus b\u00f6rjar brinna och fyller ditt rum med en doft som sedan f\u00f6rst\u00e4rks av l\u00e4tta undertoner av <strong>kryddnejlika och kanel<\/strong>. I formuleringen f\u00f6r denna distinkta doft ing\u00e5r en <a href=\"https:\/\/cosyowl.com\/sv\/fragrance-oils\/strawberry-bon-bon\">f\u00f6rtjusande<\/a> sp\u00e5r av eftersmak av<strong> mysk, kardemumma och vanilj<\/strong>.<\/p>\n<p><span style=\"color: #ff6600\"><a style=\"color: #ff6600\" href=\"https:\/\/cosyowl.com\/sv\/datablad-for-doftamnen-och-eteriska-oljor\/?wmc-currency=EUR\">(Datablad f\u00f6r doftolja med julkryddor)<\/a><\/span><\/p>\n<h3>Information om v\u00e5ra produkter<\/h3>\n<p><a href=\"https:\/\/cosyowl.com\/sv\/shop\">Alla produkter<\/a> i detta kit \u00e4r av professionell kvalitet f\u00f6r att skapa ljus av h\u00f6gsta kvalitet som kommer att brinna vackert och helt med fantastiskt doftkast. Vi erbjuder inte startpaket med billigare material eller startmaterial eftersom vi anser att det \u00e4r b\u00e4st att l\u00e4ra sig med material av h\u00f6gsta kvalitet. Vi \u00e4r ocks\u00e5 stolta \u00f6ver att inte bara k\u00f6pa in den finaste kvaliteten utan ocks\u00e5 de mest etiska och <a href=\"https:\/\/cosyowl.com\/sv\/candle-wicks\/wedo-eco-wick-raw\">h\u00e5llbar<\/a> material. Alla material \u00e4r:<\/p>\n<ul>\n<li>H\u00e5llbart anskaffad<\/li>\n<li>Milj\u00f6v\u00e4nlig<\/li>\n<li>Veganv\u00e4nlig<\/li>\n<li>Fri fr\u00e5n djurpl\u00e5geri<\/li>\n<li><a href=\"https:\/\/cosyowl.com\/sv\/guides\/cmrs-and-phthalates-in-fragrance-oils\">Fri fr\u00e5n<\/a> CMR och ftalat<\/li>\n<\/ul>\n<h3 data-start=\"2493\" data-end=\"2542\">Anv\u00e4ndbara resurser f\u00f6r framg\u00e5ngsrik ljustillverkning<\/h3>\n<ul>\n<li><strong><span style=\"color: #ff6600\"><a style=\"color: #ff6600\" href=\"https:\/\/cosyowl.com\/sv\/guider\/hur-man-gor-ett-ljus\/?wmc-currency=EUR\">Hur man g\u00f6r ett stearinljus\u00a0<\/a><\/span><\/strong><\/li>\n<li><strong><span style=\"color: #ff6600\"><a style=\"color: #ff6600\" href=\"https:\/\/cosyowl.com\/sv\/guider\/guide-for-containerljus\/?wmc-currency=EUR\">Guide f\u00f6r tillverkning av containerljus<\/a><\/span><\/strong><\/li>\n<li><strong><span style=\"color: #ff6600\"><a style=\"color: #ff6600\" href=\"https:\/\/cosyowl.com\/sv\/guider\/en-nyborjarguide-till-att-gora-ett-ljus\/?wmc-currency=EUR\">En nyb\u00f6rjarguide till att g\u00f6ra ett ljus<\/a><\/span><\/strong><\/li>\n<li class=\"entry-title\"><strong><span style=\"color: #ff6600\"><a style=\"color: #ff6600\" href=\"https:\/\/cosyowl.com\/sv\/guider\/en-guide-till-anvandning-av-bekro-vaxfarg\/?wmc-currency=EUR\" rel=\"bookmark\">En guide till anv\u00e4ndning av Bekro Wax Dye<\/a><\/span><\/strong><\/li>\n<li class=\"entry-title\"><strong><span style=\"color: #ff6600\"><a style=\"color: #ff6600\" href=\"https:\/\/cosyowl.com\/sv\/guider\/hur-man-anvander-doftoljor\/?wmc-currency=EUR\">Hur man anv\u00e4nder doftoljor<\/a><\/span><\/strong><\/li>\n<li><strong><span style=\"color: #ff6600\"><a style=\"color: #ff6600\" href=\"https:\/\/cosyowl.com\/sv\/guider\/felsokning\/?wmc-currency=EUR\">Fels\u00f6kning av problem vid ljustillverkning<\/a><\/span><\/strong><\/li>\n<li><strong><span style=\"color: #ff6600\"><a style=\"color: #ff6600\" href=\"https:\/\/cosyowl.com\/sv\/guider\/fragor-och-svar\/?wmc-currency=EUR\">Vanliga fr\u00e5gor om ljustillverkning<\/a><\/span><\/strong><\/li>\n<li><strong><span style=\"color: #ff6600\"><a style=\"color: #ff6600\" href=\"https:\/\/cosyowl.com\/sv\/guider\/?wmc-currency=EUR\">Guider &amp; recept<\/a><\/span><\/strong><\/li>\n<\/ul>","protected":false},"excerpt":{"rendered":"<p>Our kits are perfect for anyone eager to get creative and dive into candle making. This Christmas Spice Candle Making Kit provides everything you need to craft up to five festive candles filled with the warm, comforting aroma of holiday spices.\u00a0Each candle features a rich seasonal rust orange colour, bringing the cosy spirit of the [&hellip;]<\/p>\n","protected":false},"featured_media":60392,"comment_status":"open","ping_status":"closed","template":"","meta":{"_acf_changed":false},"product_brand":[],"product_cat":[530,720,498],"product_tag":[917,1594],"class_list":{"0":"post-10852","1":"product","2":"type-product","3":"status-publish","4":"has-post-thumbnail","6":"product_cat-candle-making-kits","7":"product_cat-candle-making-kits-candle-making-supplies","8":"product_cat-christmas","9":"product_tag-candle-making-kit","10":"product_tag-christmas","11":"product_shipping_class-royal_mail_kits","13":"first","14":"instock","15":"taxable","16":"shipping-taxable","17":"purchasable","18":"product-type-simple"},"acf":[],"_links":{"self":[{"href":"https:\/\/cosyowl.com\/sv\/wp-json\/wp\/v2\/product\/10852","targetHints":{"allow":["GET"]}}],"collection":[{"href":"https:\/\/cosyowl.com\/sv\/wp-json\/wp\/v2\/product"}],"about":[{"href":"https:\/\/cosyowl.com\/sv\/wp-json\/wp\/v2\/types\/product"}],"replies":[{"embeddable":true,"href":"https:\/\/cosyowl.com\/sv\/wp-json\/wp\/v2\/comments?post=10852"}],"wp:featuredmedia":[{"embeddable":true,"href":"https:\/\/cosyowl.com\/sv\/wp-json\/wp\/v2\/media\/60392"}],"wp:attachment":[{"href":"https:\/\/cosyowl.com\/sv\/wp-json\/wp\/v2\/media?parent=10852"}],"wp:term":[{"taxonomy":"product_brand","embeddable":true,"href":"https:\/\/cosyowl.com\/sv\/wp-json\/wp\/v2\/product_brand?post=10852"},{"taxonomy":"product_cat","embeddable":true,"href":"https:\/\/cosyowl.com\/sv\/wp-json\/wp\/v2\/product_cat?post=10852"},{"taxonomy":"product_tag","embeddable":true,"href":"https:\/\/cosyowl.com\/sv\/wp-json\/wp\/v2\/product_tag?post=10852"}],"curies":[{"name":"wp","href":"https:\/\/api.w.org\/{rel}","templated":true}]}}