{"id":10850,"date":"2021-10-01T06:08:00","date_gmt":"2021-10-01T05:08:00","guid":{"rendered":"https:\/\/cosyowl.com\/product\/uncategorized\/import-placeholder-for-tcdl-ccmk-bowl-nwpi-cscw-379"},"modified":"2026-03-25T10:49:05","modified_gmt":"2026-03-25T10:49:05","slug":"sojavax-vinter-tall-jul-ljusstopning-kit","status":"publish","type":"product","link":"https:\/\/cosyowl.com\/sv\/candle-making-kits\/winter-pine-candle-making-kit","title":{"rendered":"Sojavax Vintertall Jul Ljusst\u00f6pningssats"},"content":{"rendered":"<p data-start=\"133\" data-end=\"387\">V\u00e5ra kit \u00e4r perfekta f\u00f6r alla som \u00e4r redo att utforska konsten att <a href=\"https:\/\/cosyowl.com\/sv\/guides\/a-summers-beach-gel-votive-candle\">ljus<\/a> tillverkning - oavsett om du precis har b\u00f6rjat eller redan \u00e4lskar att <a href=\"https:\/\/cosyowl.com\/sv\/guides\/how-to-make-wax-melts-at-home\">hantverk<\/a>. Detta <a href=\"https:\/\/cosyowl.com\/sv\/candle-making-supplies\/fragrance-oils-for-candle-making\/all-fragrances\/winter-pine-fragrance-oil\">Vintertall<\/a> <a href=\"https:\/\/cosyowl.com\/sv\/guides\/how-to-make-a-candle\">Tillverkning av stearinljus<\/a> Satsen inneh\u00e5ller <strong data-start=\"308\" data-end=\"378\">allt du beh\u00f6ver f\u00f6r att g\u00f6ra upp till fem vackert doftande ljus<\/strong> hemma. Njut av den krispiga smaken, <a href=\"https:\/\/cosyowl.com\/sv\/candle-making-supplies\/essential-oils\/lemongrass-essential-oil\">uppfriskande doft<\/a> av <strong data-start=\"426\" data-end=\"441\">Vintertall<\/strong>perfekt ihop med en <a href=\"https:\/\/cosyowl.com\/sv\/candle-making-supplies\/glitters\/fluorescent-green\">dj\u00e4rv<\/a>, <strong data-start=\"473\" data-end=\"497\">intensiv <a href=\"https:\/\/cosyowl.com\/sv\/fragrance-oils\/fresh-cut-grass\">gr\u00f6n<\/a> f\u00e4rg<\/strong> som f\u00e5ngar essensen av s\u00e4songen. Det \u00e4r ett roligt och kreativt s\u00e4tt att skapa n\u00e5got personligt - perfekt att ge bort som g\u00e5va eller beh\u00e5lla f\u00f6r sig sj\u00e4lv.<\/p>\n<p data-start=\"715\" data-end=\"758\"><strong data-start=\"715\" data-end=\"756\">Vad finns i ditt ljustillverkningskit?<\/strong><\/p>\n<ul>\n<li><span style=\"color: #0a0101\"><a style=\"color: #0a0000\" href=\"https:\/\/cosyowl.com\/sv\/tillbehor-for-ljusstopning\/ljusvax\/sojavax\/kerasoy-4130-vax-for-behallare\/?wmc-currency=EUR\">800g av h\u00f6g kvalitet<\/a> <\/span><span style=\"color: #ff6600\"><strong><a style=\"color: #ff6600\" href=\"https:\/\/cosyowl.com\/sv\/tillbehor-for-ljusstopning\/ljusvax\/sojavax\/naturliga-vaxer-soyaluna-vax-for-behallare\/?wmc-currency=EUR\">Sojavax f\u00f6r beh\u00e5llare<\/a><\/strong><\/span> <span style=\"color: #0a0000\"><a style=\"color: #0a0000\" href=\"https:\/\/cosyowl.com\/sv\/tillbehor-for-ljusstopning\/ljusvax\/sojavax\/kerasoy-4130-vax-for-behallare\/?wmc-currency=EUR\">f\u00f6r en ren och j\u00e4mn f\u00f6rbr\u00e4nning<\/a><\/span><span style=\"color: #080101\"><br \/>\n<\/span><\/li>\n<li><span style=\"color: #080101\"><a style=\"color: #080101\" href=\"https:\/\/cosyowl.com\/sv\/tillbehor-for-ljusstopning\/doftoljor-for-ljustillverkning\/alla-dofter\/vinter-tall-doftolja\/?wmc-currency=EUR\">50 ml<\/a><a style=\"color: #080101\" href=\"https:\/\/cosyowl.com\/sv\/tillbehor-for-ljusstopning\/doftoljor-for-ljustillverkning\/alla-dofter\/vinter-tall-doftolja\/?wmc-currency=EUR\"> av<\/a><span style=\"color: #ff6600\"><strong><a style=\"color: #ff6600\" href=\"https:\/\/cosyowl.com\/sv\/tillbehor-for-ljusstopning\/doftoljor-for-ljustillverkning\/alla-dofter\/vinter-tall-doftolja\/?wmc-currency=EUR\"> Vintertall doftolja <\/a><\/strong><\/span><a style=\"color: #080101\" href=\"https:\/\/cosyowl.com\/sv\/tillbehor-for-ljusstopning\/doftoljor-for-ljustillverkning\/alla-dofter\/vinter-tall-doftolja\/?wmc-currency=EUR\">(flampunkt 93,3\u00b0C) som ger en frisk, skogsfr\u00e4sch doft som p\u00e5minner om vintergr\u00f6na tr\u00e4d och sval vinterluft<\/a><\/span><\/li>\n<li><span style=\"color: #080101\"><span style=\"color: #080000\">1g <\/span>av <a style=\"color: #080101\" href=\"https:\/\/cosyowl.com\/sv\/ljusfargamnen\/bekro-71-917-gron-ljusfarg\/?wmc-currency=EUR\"><strong><span style=\"color: #ff6600\">Gr\u00f6n Bekrof\u00e4rg<\/span> <\/strong>(71\/917) f\u00f6r att skapa vackert fylliga, tallgr\u00f6na ljus<\/a><\/span><\/li>\n<li><span style=\"color: #0a0101\">5 <span style=\"color: #ff6600\"><strong><a style=\"color: #ff6600\" href=\"https:\/\/cosyowl.com\/sv\/ljusvekar\/wedo-eco-wick-120mm\/?wmc-currency=EUR\">Eco-vickor <\/a><\/strong><\/span><a style=\"color: #0a0101\" href=\"https:\/\/cosyowl.com\/sv\/ljusvekar\/wedo-eco-wick-120mm\/?wmc-currency=EUR\"><span style=\"color: #0a0000\">f\u00f6r optimal flamprestanda<\/span><\/a><\/span><\/li>\n<li><span style=\"color: #0a0101\">5 <strong><a style=\"color: #0a0101\" href=\"https:\/\/cosyowl.com\/sv\/tillbehor-for-ljusstopning\/ljusbehallare\/ljusglas\/ljusbehallare-av-glas-20cl-karen-rund\/?wmc-currency=EUR\"><span style=\"color: #ff6600\">20cl Karen Runda glas Beh\u00e5llare<\/span> <\/a><\/strong><a style=\"color: #0a0101\" href=\"https:\/\/cosyowl.com\/sv\/tillbehor-for-ljusstopning\/ljusbehallare\/ljusglas\/ljusbehallare-av-glas-20cl-karen-rund\/?wmc-currency=EUR\">perfekt f\u00f6r hemmabruk eller som present<\/a><\/span><\/li>\n<li><span style=\"color: #0a0000\">L\u00e4tt att f\u00f6lja, <strong><a style=\"color: #0a0000\" href=\"https:\/\/cosyowl.com\/sv\/guider\/hur-man-gor-ett-ljus\/?wmc-currency=EUR\"><span style=\"color: #ff6600\">Steg-f\u00f6r-steg-guide f\u00f6r ljustillverkning<\/span><\/a><\/strong> perfekt f\u00f6r nyb\u00f6rjare<\/span><\/li>\n<\/ul>\n<p><span style=\"color: #0a0101\">Vi \u00e4r stolta \u00f6ver att tillhandah\u00e5lla de h\u00f6gsta <a href=\"https:\/\/cosyowl.com\/sv\/candle-wicks\/wedo-lx-wick-raw\">kvalitet<\/a> ingredienser som finns p\u00e5 marknaden f\u00f6r att g\u00f6ra de perfekta ljusen hemma. V\u00e5ra kit \u00e4r perfekta b\u00e5de f\u00f6r dig som precis har b\u00f6rjat och f\u00f6r dig som redan \u00e4r duktig, s\u00e5 ta p\u00e5 dig f\u00f6rkl\u00e4det och s\u00e4tt ig\u00e5ng. F\u00f6r den som vill vara mer kreativ kan du k\u00f6pa en annan f\u00e4rg och blanda upp saker och ting.<\/span><\/p>\n<h3>Information om doft<\/h3>\n<p>V\u00e5r <a href=\"https:\/\/cosyowl.com\/sv\/tillbehor-for-ljusstopning\/doftoljor-for-ljustillverkning\/alla-dofter\/vinter-tall-doftolja\/?wmc-currency=EUR\"><span style=\"color: #ff6600\"><strong>Vintertall doftolja<\/strong> <\/span><\/a>\u00e4r speciellt framtagen f\u00f6r att framkalla den v\u00e4lk\u00e4nda och \u00e4lskade <a href=\"https:\/\/cosyowl.com\/sv\/candle-making-supplies\/essential-oils\/eucalyptus-globulus-essential-oil\">fr\u00e4sch<\/a> <a href=\"https:\/\/cosyowl.com\/sv\/candle-making-supplies\/fragrance-oils-for-candle-making\/all-fragrances\/honey-fragrance-oil\">naturlig<\/a> arom i samband med <a href=\"https:\/\/cosyowl.com\/sv\/fragrance-oils\/winter-spruce\">vintergr\u00f6n<\/a> barrtr\u00e4d och \u00e4r verkligen en doft som aldrig \u00e4r malplacerad vid juletid. Denna doft utstr\u00e5lar initialt en stark och framtr\u00e4dande lukt som f\u00f6rknippas med<strong> bergamott, <a href=\"https:\/\/cosyowl.com\/sv\/fragrance-oils\/lemon\">citron<\/a>, vit mynta och grapefrukt<\/strong>. Denna arom \u00e4r mest uttalad n\u00e4r ditt ljus b\u00f6rjar brinna och fyller ditt rum med en doft som sedan f\u00f6rst\u00e4rks av l\u00e4tta undertoner av <strong>kalone, kryddnejlika och timjan<\/strong>. I formuleringen av denna distinkta doft ing\u00e5r en h\u00e4rlig eftersmak av <strong>subtila tr\u00e4slag, tall, cedertr\u00e4, sandeltr\u00e4 och f\u00e4nk\u00e5l<\/strong>.<\/p>\n<p><span style=\"color: #ff6600\"><a style=\"color: #ff6600\" href=\"https:\/\/cosyowl.com\/sv\/datablad-for-doftamnen-och-eteriska-oljor\/?wmc-currency=EUR\">(Datablad f\u00f6r Winter Pine Fragrance Oil)<\/a><\/span><\/p>\n<h3>Information om v\u00e5ra produkter<\/h3>\n<p><a href=\"https:\/\/cosyowl.com\/sv\/shop\">Alla produkter<\/a> i detta kit \u00e4r av professionell kvalitet f\u00f6r att skapa ljus av h\u00f6gsta kvalitet som kommer att brinna vackert och helt med fantastiskt doftkast. Vi erbjuder inte startpaket med billigare material eller startmaterial eftersom vi anser att det \u00e4r b\u00e4st att l\u00e4ra sig med material av h\u00f6gsta kvalitet. Vi \u00e4r ocks\u00e5 stolta \u00f6ver att inte bara k\u00f6pa in den finaste kvaliteten utan ocks\u00e5 de mest etiska och <a href=\"https:\/\/cosyowl.com\/sv\/candle-wicks\/wedo-eco-wick-raw\">h\u00e5llbar<\/a> material. Alla material \u00e4r:<\/p>\n<ul>\n<li>H\u00e5llbart anskaffad<\/li>\n<li>Milj\u00f6v\u00e4nlig<\/li>\n<li>Veganv\u00e4nlig<\/li>\n<li>Fri fr\u00e5n djurpl\u00e5geri<\/li>\n<li><a href=\"https:\/\/cosyowl.com\/sv\/guides\/cmrs-and-phthalates-in-fragrance-oils\">Fri fr\u00e5n<\/a> CMR och ftalat<\/li>\n<\/ul>\n<h3 data-start=\"2493\" data-end=\"2542\">Anv\u00e4ndbara resurser f\u00f6r framg\u00e5ngsrik ljustillverkning<\/h3>\n<ul>\n<li><strong><span style=\"color: #ff6600\"><a style=\"color: #ff6600\" href=\"https:\/\/cosyowl.com\/sv\/guider\/hur-man-gor-ett-ljus\/?wmc-currency=EUR\">Hur man g\u00f6r ett stearinljus\u00a0<\/a><\/span><\/strong><\/li>\n<li><strong><span style=\"color: #ff6600\"><a style=\"color: #ff6600\" href=\"https:\/\/cosyowl.com\/sv\/guider\/guide-for-containerljus\/?wmc-currency=EUR\">Guide f\u00f6r tillverkning av containerljus<\/a><\/span><\/strong><\/li>\n<li><strong><span style=\"color: #ff6600\"><a style=\"color: #ff6600\" href=\"https:\/\/cosyowl.com\/sv\/guider\/en-nyborjarguide-till-att-gora-ett-ljus\/?wmc-currency=EUR\">En nyb\u00f6rjarguide till att g\u00f6ra ett ljus<\/a><\/span><\/strong><\/li>\n<li class=\"entry-title\"><strong><span style=\"color: #ff6600\"><a style=\"color: #ff6600\" href=\"https:\/\/cosyowl.com\/sv\/guider\/en-guide-till-anvandning-av-bekro-vaxfarg\/?wmc-currency=EUR\" rel=\"bookmark\">En guide till anv\u00e4ndning av Bekro Wax Dye<\/a><\/span><\/strong><\/li>\n<li class=\"entry-title\"><strong><span style=\"color: #ff6600\"><a style=\"color: #ff6600\" href=\"https:\/\/cosyowl.com\/sv\/guider\/hur-man-anvander-doftoljor\/?wmc-currency=EUR\">Hur man anv\u00e4nder doftoljor<\/a><\/span><\/strong><\/li>\n<li><strong><span style=\"color: #ff6600\"><a style=\"color: #ff6600\" href=\"https:\/\/cosyowl.com\/sv\/guider\/felsokning\/?wmc-currency=EUR\">Fels\u00f6kning av problem vid ljustillverkning<\/a><\/span><\/strong><\/li>\n<li><strong><span style=\"color: #ff6600\"><a style=\"color: #ff6600\" href=\"https:\/\/cosyowl.com\/sv\/guider\/fragor-och-svar\/?wmc-currency=EUR\">Vanliga fr\u00e5gor om ljustillverkning<\/a><\/span><\/strong><\/li>\n<li><strong><span style=\"color: #ff6600\"><a style=\"color: #ff6600\" href=\"https:\/\/cosyowl.com\/sv\/guider\/?wmc-currency=EUR\">Guider &amp; recept<\/a><\/span><\/strong><\/li>\n<\/ul>","protected":false},"excerpt":{"rendered":"<p>Our kits are ideal for anyone ready to explore the art of candle making\u2014whether you\u2019re just starting out or already love to craft. This Winter Pine Candle Making Kit includes everything you need to make up to five beautifully scented candles at home.\u00a0Enjoy the crisp, refreshing aroma of Winter Pine, perfectly paired with a bold, [&hellip;]<\/p>\n","protected":false},"featured_media":60389,"comment_status":"open","ping_status":"closed","template":"","meta":{"_acf_changed":false},"product_brand":[],"product_cat":[530,720,498],"product_tag":[917,1594],"class_list":{"0":"post-10850","1":"product","2":"type-product","3":"status-publish","4":"has-post-thumbnail","6":"product_cat-candle-making-kits","7":"product_cat-candle-making-kits-candle-making-supplies","8":"product_cat-christmas","9":"product_tag-candle-making-kit","10":"product_tag-christmas","11":"product_shipping_class-royal_mail_kits","13":"first","14":"instock","15":"taxable","16":"shipping-taxable","17":"purchasable","18":"product-type-simple"},"acf":[],"_links":{"self":[{"href":"https:\/\/cosyowl.com\/sv\/wp-json\/wp\/v2\/product\/10850","targetHints":{"allow":["GET"]}}],"collection":[{"href":"https:\/\/cosyowl.com\/sv\/wp-json\/wp\/v2\/product"}],"about":[{"href":"https:\/\/cosyowl.com\/sv\/wp-json\/wp\/v2\/types\/product"}],"replies":[{"embeddable":true,"href":"https:\/\/cosyowl.com\/sv\/wp-json\/wp\/v2\/comments?post=10850"}],"wp:featuredmedia":[{"embeddable":true,"href":"https:\/\/cosyowl.com\/sv\/wp-json\/wp\/v2\/media\/60389"}],"wp:attachment":[{"href":"https:\/\/cosyowl.com\/sv\/wp-json\/wp\/v2\/media?parent=10850"}],"wp:term":[{"taxonomy":"product_brand","embeddable":true,"href":"https:\/\/cosyowl.com\/sv\/wp-json\/wp\/v2\/product_brand?post=10850"},{"taxonomy":"product_cat","embeddable":true,"href":"https:\/\/cosyowl.com\/sv\/wp-json\/wp\/v2\/product_cat?post=10850"},{"taxonomy":"product_tag","embeddable":true,"href":"https:\/\/cosyowl.com\/sv\/wp-json\/wp\/v2\/product_tag?post=10850"}],"curies":[{"name":"wp","href":"https:\/\/api.w.org\/{rel}","templated":true}]}}