{"id":10820,"date":"2021-10-01T06:08:00","date_gmt":"2021-10-01T05:08:00","guid":{"rendered":"https:\/\/cosyowl.com\/product\/uncategorized\/import-placeholder-for-tcdl-ccmk-bowl-nblc-cscw-374"},"modified":"2026-05-08T15:24:21","modified_gmt":"2026-05-08T14:24:21","slug":"sojavax-cheeky-cherry-ljusstopningssats","status":"publish","type":"product","link":"https:\/\/cosyowl.com\/sv\/craft-kits\/candle-making-kits\/soy-wax-cheeky-cherry-candle-making-kit","title":{"rendered":"Sojavax Cheeky Cherry Kit f\u00f6r ljustillverkning"},"content":{"rendered":"<p data-start=\"136\" data-end=\"407\">Leta inte l\u00e4ngre om du l\u00e4ngtar efter en kreativ tillflyktsort med en <a href=\"https:\/\/cosyowl.com\/sv\/candle-making-supplies\/glitters\/fluorescent-green\">dj\u00e4rv<\/a>...vacker twist. Den <strong>Fr\u00e4cka k\u00f6rsb\u00e4r<\/strong> <strong data-start=\"222\" data-end=\"258\"><a href=\"https:\/\/cosyowl.com\/sv\/guides\/how-to-make-a-candle\">Tillverkning av stearinljus<\/a> Kit<\/strong> inneh\u00e5ller allt du beh\u00f6ver f\u00f6r att <a href=\"https:\/\/cosyowl.com\/sv\/guides\/how-to-make-wax-melts-at-home\">hantverk<\/a> <strong data-start=\"297\" data-end=\"319\">upp till fem stearinljus<\/strong> spr\u00e4ngfylld med en <strong data-start=\"336\" data-end=\"371\">doft av k\u00f6rsb\u00e4r som f\u00e5r det att vattnas i munnen<\/strong> och en <strong data-start=\"378\" data-end=\"406\">romantisk djupr\u00f6d f\u00e4rg<\/strong>. Detta kit \u00e4r perfekt som en personlig behandling eller en omt\u00e4nksam present till hantverks\u00e4lskarna i ditt liv och erbjuder en rolig, praktisk upplevelse som fyller ditt utrymme med rikedom, <a href=\"https:\/\/cosyowl.com\/sv\/all-fragrances\/sumptious-fruits-fragrance-oil\">fruktig doft<\/a> och <a href=\"https:\/\/cosyowl.com\/sv\/craft-supplies\/wax-melt-supplies\/mica-powder-glitter\/bright-peach-biodegradable-candle-glitter\">livlig<\/a> f\u00e4rg. L\u00e5t din kreativitet skina - en <a href=\"https:\/\/cosyowl.com\/sv\/guides\/a-summers-beach-gel-votive-candle\">ljus<\/a> \u00e5t g\u00e5ngen.<\/p>\n<h3>Vad finns i ditt ljustillverkningskit?<\/h3>\n<ul>\n<li><span style=\"color: #0a0101\"><a style=\"color: #0a0000\" href=\"https:\/\/cosyowl.com\/sv\/tillbehor-for-ljusstopning\/ljusvax\/sojavax\/kerasoy-4130-vax-for-behallare\/?wmc-currency=EUR\">800g av h\u00f6g kvalitet<\/a> <\/span><span style=\"color: #ff6600\"><strong><a style=\"color: #ff6600\" href=\"https:\/\/cosyowl.com\/sv\/tillbehor-for-ljusstopning\/ljusvax\/sojavax\/naturliga-vaxer-soyaluna-vax-for-behallare\/?wmc-currency=EUR\">Sojavax f\u00f6r beh\u00e5llare<\/a><\/strong><\/span> <span style=\"color: #0a0000\"><a style=\"color: #0a0000\" href=\"https:\/\/cosyowl.com\/sv\/tillbehor-for-ljusstopning\/ljusvax\/sojavax\/kerasoy-4130-vax-for-behallare\/?wmc-currency=EUR\">f\u00f6r en ren och j\u00e4mn f\u00f6rbr\u00e4nning<\/a><\/span><span style=\"color: #000000\"><br \/>\n<\/span><\/li>\n<li><span style=\"color: #000000\"><a style=\"color: #000000\" href=\"https:\/\/cosyowl.com\/sv\/tillbehor-for-ljusstopning\/doftoljor-for-ljustillverkning\/alla-dofter\/doftolja-med-svart-korsbar\/?wmc-currency=EUR\">50 ml av<span style=\"color: #ff6600\"><strong>\u00a0Svart k\u00f6rsb\u00e4r doftolja <\/strong><\/span>(Flampunkt 76\u00b0C) En s\u00f6t, intensiv k\u00f6rsb\u00e4rsdoft med fruktigt djup<\/a><\/span><\/li>\n<li><span style=\"color: #000000\"><span style=\"color: #080000\">1g <\/span>av <span style=\"color: #ff6600\"><strong><a style=\"color: #ff6600\" href=\"https:\/\/cosyowl.com\/sv\/ljusfargamnen\/bekro-6133-34-rod-ljusfarg\/?wmc-currency=EUR\">M\u00f6rkr\u00f6d Bekro f\u00e4rg <\/a><\/strong><\/span><a style=\"color: #000000\" href=\"https:\/\/cosyowl.com\/sv\/ljusfargamnen\/bekro-6133-34-rod-ljusfarg\/?wmc-currency=EUR\">(6133\/34) Producerar djupt, fylligt r\u00f6da ljus som \u00e4r perfekta f\u00f6r alla \u00e5rstider<\/a><\/span><\/li>\n<li><span style=\"color: #0a0101\">5 <span style=\"color: #ff6600\"><strong><a style=\"color: #ff6600\" href=\"https:\/\/cosyowl.com\/sv\/ljusvekar\/wedo-eco-wick-120mm\/?wmc-currency=EUR\">Eco-vickor <\/a><\/strong><\/span><a style=\"color: #0a0101\" href=\"https:\/\/cosyowl.com\/sv\/ljusvekar\/wedo-eco-wick-120mm\/?wmc-currency=EUR\"><span style=\"color: #0a0000\">f\u00f6r optimal flamprestanda<\/span><\/a><\/span><\/li>\n<li><span style=\"color: #0a0101\">5<span style=\"color: #ff6600\"> <strong><a style=\"color: #ff6600\" href=\"https:\/\/cosyowl.com\/sv\/tillbehor-for-ljusstopning\/ljusbehallare\/ljusglas\/ljusbehallare-av-glas-20cl-karen-rund\/?wmc-currency=EUR\">20cl Karen Runda glas Beh\u00e5llare <\/a><\/strong><\/span><a style=\"color: #0a0101\" href=\"https:\/\/cosyowl.com\/sv\/tillbehor-for-ljusstopning\/ljusbehallare\/ljusglas\/ljusbehallare-av-glas-20cl-karen-rund\/?wmc-currency=EUR\">perfekt f\u00f6r hemmabruk eller som present<\/a><\/span><\/li>\n<li><span style=\"color: #0a0000\">L\u00e4tt att f\u00f6lja, <strong><a style=\"color: #0a0000\" href=\"https:\/\/cosyowl.com\/sv\/guider\/hur-man-gor-ett-ljus\/?wmc-currency=EUR\"><span style=\"color: #ff6600\">Steg-f\u00f6r-steg-guide f\u00f6r ljustillverkning<\/span><\/a><\/strong> perfekt f\u00f6r nyb\u00f6rjare<\/span><\/li>\n<\/ul>\n<p>Vi \u00e4r stolta \u00f6ver att tillhandah\u00e5lla de h\u00f6gsta <a href=\"https:\/\/cosyowl.com\/sv\/candle-wicks\/wedo-lx-wick-raw\">kvalitet<\/a> ingredienser som finns p\u00e5 marknaden f\u00f6r att g\u00f6ra de perfekta ljusen hemma. V\u00e5ra kit \u00e4r perfekta b\u00e5de f\u00f6r dig som precis har b\u00f6rjat och f\u00f6r dig som redan \u00e4r duktig, s\u00e5 ta p\u00e5 dig f\u00f6rkl\u00e4det och l\u00e5t oss b\u00f6rja pyssla.<\/p>\n<h3>Information om doft<\/h3>\n<p>V\u00e5r <span style=\"color: #ff6600\"><a style=\"color: #ff6600\" href=\"https:\/\/cosyowl.com\/sv\/tillbehor-for-ljusstopning\/doftoljor-for-ljustillverkning\/alla-dofter\/doftolja-med-svart-korsbar\/?wmc-currency=EUR\"><strong>Svart k\u00f6rsb\u00e4r doftolja<\/strong> <\/a><\/span>\u00e4r speciellt framtagen f\u00f6r att framkalla den v\u00e4lk\u00e4nda och \u00e4lskade <a href=\"https:\/\/cosyowl.com\/sv\/candle-making-supplies\/fragrance-oils-for-candle-making\/all-fragrances\/opium-fragrance-oil\">intensiv doft<\/a> f\u00f6rknippas med denna rika, fylliga frukt. Doften utstr\u00e5lar initialt en stark och framtr\u00e4dande lukt som f\u00f6rknippas med b\u00e5de<strong> k\u00f6rsb\u00e4r och granat\u00e4pple<\/strong>. Denna arom \u00e4r mest uttalad n\u00e4r ditt ljus b\u00f6rjar brinna och fyller ditt rum med en doft som sedan f\u00f6rst\u00e4rks av l\u00e4tta undertoner av<strong> sockrat plommon, <a href=\"https:\/\/cosyowl.com\/sv\/fragrance-oils\/raspberry\">hallon<\/a> och <a href=\"https:\/\/cosyowl.com\/sv\/candle-making-supplies\/fragrance-oils-for-candle-making\/all-fragrances\/black-cherry-fragrance-oil\">svart k\u00f6rsb\u00e4r<\/a><\/strong>. I formuleringen f\u00f6r denna distinkta doft ing\u00e5r en <a href=\"https:\/\/cosyowl.com\/sv\/fragrance-oils\/strawberry-bon-bon\">f\u00f6rtjusande<\/a> sp\u00e5r av eftersmak av <strong>svart te, metalliska noter och kashmirmusk<\/strong>.<\/p>\n<p><span style=\"color: #ff6600\"><a style=\"color: #ff6600\" href=\"https:\/\/cosyowl.com\/sv\/datablad-for-doftamnen-och-eteriska-oljor\/?wmc-currency=EUR#NCNL\">(Datablad f\u00f6r Black Cherry doftolja)<\/a><\/span><\/p>\n<h3>Information om v\u00e5ra produkter<\/h3>\n<p><a href=\"https:\/\/cosyowl.com\/sv\/shop\">Alla produkter<\/a> i detta kit \u00e4r av professionell kvalitet f\u00f6r att skapa ljus av h\u00f6gsta kvalitet som kommer att brinna vackert och helt med fantastiskt doftkast. Vi erbjuder inte startpaket med billigare material eller startmaterial eftersom vi anser att det \u00e4r b\u00e4st att l\u00e4ra sig med material av h\u00f6gsta kvalitet. Vi \u00e4r ocks\u00e5 stolta \u00f6ver att inte bara k\u00f6pa in den finaste kvaliteten utan ocks\u00e5 de mest etiska och <a href=\"https:\/\/cosyowl.com\/sv\/candle-wicks\/wedo-eco-wick-raw\">h\u00e5llbar<\/a> material. Alla material \u00e4r:<\/p>\n<ul>\n<li>H\u00e5llbart anskaffad<\/li>\n<li>Milj\u00f6v\u00e4nlig<\/li>\n<li>Veganv\u00e4nlig<\/li>\n<li>Fri fr\u00e5n djurpl\u00e5geri<\/li>\n<li><a href=\"https:\/\/cosyowl.com\/sv\/guides\/cmrs-and-phthalates-in-fragrance-oils\">Fri fr\u00e5n<\/a> CMR och ftalat<\/li>\n<\/ul>\n<h3 data-start=\"2493\" data-end=\"2542\">Anv\u00e4ndbara resurser f\u00f6r framg\u00e5ngsrik ljustillverkning<\/h3>\n<ul>\n<li><strong><span style=\"color: #ff6600\"><a style=\"color: #ff6600\" href=\"https:\/\/cosyowl.com\/sv\/guider\/hur-man-gor-ett-ljus\/?wmc-currency=EUR\">Hur man g\u00f6r ett stearinljus\u00a0<\/a><\/span><\/strong><\/li>\n<li><strong><span style=\"color: #ff6600\"><a style=\"color: #ff6600\" href=\"https:\/\/cosyowl.com\/sv\/guider\/guide-for-containerljus\/?wmc-currency=EUR\">Guide f\u00f6r tillverkning av containerljus<\/a><\/span><\/strong><\/li>\n<li><strong><span style=\"color: #ff6600\"><a style=\"color: #ff6600\" href=\"https:\/\/cosyowl.com\/sv\/guider\/en-nyborjarguide-till-att-gora-ett-ljus\/?wmc-currency=EUR\">En nyb\u00f6rjarguide till att g\u00f6ra ett ljus<\/a><\/span><\/strong><\/li>\n<li class=\"entry-title\"><strong><span style=\"color: #ff6600\"><a style=\"color: #ff6600\" href=\"https:\/\/cosyowl.com\/sv\/guider\/en-guide-till-anvandning-av-bekro-vaxfarg\/?wmc-currency=EUR\" rel=\"bookmark\">En guide till anv\u00e4ndning av Bekro Wax Dye<\/a><\/span><\/strong><\/li>\n<li class=\"entry-title\"><strong><span style=\"color: #ff6600\"><a style=\"color: #ff6600\" href=\"https:\/\/cosyowl.com\/sv\/guider\/hur-man-anvander-doftoljor\/?wmc-currency=EUR\">Hur man anv\u00e4nder doftoljor<\/a><\/span><\/strong><\/li>\n<li><strong><span style=\"color: #ff6600\"><a style=\"color: #ff6600\" href=\"https:\/\/cosyowl.com\/sv\/guider\/felsokning\/?wmc-currency=EUR\">Fels\u00f6kning av problem vid ljustillverkning<\/a><\/span><\/strong><\/li>\n<li><strong><span style=\"color: #ff6600\"><a style=\"color: #ff6600\" href=\"https:\/\/cosyowl.com\/sv\/guider\/fragor-och-svar\/?wmc-currency=EUR\">Vanliga fr\u00e5gor om ljustillverkning<\/a><\/span><\/strong><\/li>\n<li><strong><span style=\"color: #ff6600\"><a style=\"color: #ff6600\" href=\"https:\/\/cosyowl.com\/sv\/guider\/?wmc-currency=EUR\">Guider &amp; recept<\/a><\/span><\/strong><\/li>\n<\/ul>","protected":false},"excerpt":{"rendered":"<p>Look no further if you&#8217;re craving a creative escape with a bold, beautiful twist. The Cheeky Cherry Candle Making Kit includes everything you need to craft up to five candles bursting with a mouth-watering cherry fragrance and a romantic deep red colour.\u00a0Perfect as a personal treat or a thoughtful gift for the craft lovers in [&hellip;]<\/p>\n","protected":false},"featured_media":60370,"comment_status":"open","ping_status":"closed","template":"","meta":{"_acf_changed":false},"product_brand":[],"product_cat":[530,720],"product_tag":[917],"class_list":{"0":"post-10820","1":"product","2":"type-product","3":"status-publish","4":"has-post-thumbnail","6":"product_cat-candle-making-kits","7":"product_cat-candle-making-kits-candle-making-supplies","8":"product_tag-candle-making-kit","9":"product_shipping_class-royal_mail_kits","11":"first","12":"instock","13":"taxable","14":"shipping-taxable","15":"purchasable","16":"product-type-simple"},"acf":[],"_links":{"self":[{"href":"https:\/\/cosyowl.com\/sv\/wp-json\/wp\/v2\/product\/10820","targetHints":{"allow":["GET"]}}],"collection":[{"href":"https:\/\/cosyowl.com\/sv\/wp-json\/wp\/v2\/product"}],"about":[{"href":"https:\/\/cosyowl.com\/sv\/wp-json\/wp\/v2\/types\/product"}],"replies":[{"embeddable":true,"href":"https:\/\/cosyowl.com\/sv\/wp-json\/wp\/v2\/comments?post=10820"}],"wp:featuredmedia":[{"embeddable":true,"href":"https:\/\/cosyowl.com\/sv\/wp-json\/wp\/v2\/media\/60370"}],"wp:attachment":[{"href":"https:\/\/cosyowl.com\/sv\/wp-json\/wp\/v2\/media?parent=10820"}],"wp:term":[{"taxonomy":"product_brand","embeddable":true,"href":"https:\/\/cosyowl.com\/sv\/wp-json\/wp\/v2\/product_brand?post=10820"},{"taxonomy":"product_cat","embeddable":true,"href":"https:\/\/cosyowl.com\/sv\/wp-json\/wp\/v2\/product_cat?post=10820"},{"taxonomy":"product_tag","embeddable":true,"href":"https:\/\/cosyowl.com\/sv\/wp-json\/wp\/v2\/product_tag?post=10820"}],"curies":[{"name":"wp","href":"https:\/\/api.w.org\/{rel}","templated":true}]}}