{"id":10753,"date":"2021-01-10T06:08:00","date_gmt":"2021-01-10T06:08:00","guid":{"rendered":"https:\/\/cosyowl.com\/product\/uncategorized\/glass-container-100cl-classic-jar-with-lid"},"modified":"2026-03-03T13:44:46","modified_gmt":"2026-03-03T13:44:46","slug":"glasbehallare-100cl-klassisk-burk-med-lock","status":"publish","type":"product","link":"https:\/\/cosyowl.com\/sv\/candle-making-supplies\/candle-containers\/candle-glasses\/glass-candle-container-100cl-classic-jar-with-lid","title":{"rendered":"Ljusbeh\u00e5llare av glas - 100cl Klassisk burk med lock"},"content":{"rendered":"<p>\u2018<\/p>\n<p>Det h\u00e4r \u00e4r en klassisk glasburk som levereras komplett med ett matchande lock och silikont\u00e4tning f\u00f6r att s\u00e4kerst\u00e4lla en t\u00e4t passform och h\u00f6gkvalitativ finish.<\/p>\n<p>Burkens starka, v\u00e4rmet\u00e5liga struktur g\u00f6r den perfekt f\u00f6r ljus och den h\u00e4r modellen rymmer 100 cl vax och m\u00e4ter 100 mm i diameter och 136 mm i h\u00f6jd.<\/p>\n<p>Den klassiska glasburken 100Cl rymmer ca 800 g vax*.<\/p>\n<h3>Rekommendationer f\u00f6r veke** (r\u00e5 veke beh\u00f6vs p\u00e5 grund av beh\u00e5llarens h\u00f6jd)<\/h3>\n<table class=\"notesTableBorder\">\n<tbody>\n<tr>\n<th>Kerasoy-vax (soja)<\/th>\n<th>Kerawax (paraffin)<\/th>\n<th>B\u00e5de soja och paraffin<\/th>\n<th>Flera veken <a href=\"https:\/\/cosyowl.com\/sv\/guides\/using-cotton-wicks-with-soyaluna-container-wax-recommendations\">rekommendationer<\/a><\/th>\n<\/tr>\n<tr>\n<td>ECO N\/A<\/td>\n<td>LX N\/A<\/td>\n<td>TCR 36\/20<\/td>\n<td>2 x LX 4 (<a href=\"https:\/\/cosyowl.com\/sv\/guides\/the-truth-about-paraffin-wax-being-vegan-friendly\">Paraffinvax<\/a>)<\/td>\n<\/tr>\n<tr>\n<td>ECO N\/A<\/td>\n<td>LX N\/A<\/td>\n<td>TCR 36\/22<\/td>\n<td>2 x ECO 16 eller 2 x TCR 24\/12 (b\u00e5da vaxer)<\/td>\n<\/tr>\n<\/tbody>\n<\/table>\n<p>* Observera att den rekommenderade m\u00e4ngden vax endast \u00e4r en v\u00e4gledning och baseras p\u00e5 maxkapaciteten f\u00f6r den specifika beh\u00e5llaren. D\u00e4rf\u00f6r \u00e4r det m\u00f6jligt att anv\u00e4nda mindre vax, men vi rekommenderar inte att du \u00f6verskrider den maximala kapaciteten. Vi rekommenderar att du anv\u00e4nder de angivna m\u00e4ngderna vax endast som en utg\u00e5ngspunkt och justerar dessa m\u00e5tt enligt dina \u00f6nskem\u00e5l.<\/p>\n<p>**Observera att alla rekommendationer f\u00f6r veken endast baseras p\u00e5 anv\u00e4ndning med v\u00e5rt vax. Den minsta <a href=\"https:\/\/cosyowl.com\/sv\/guides\/candle-wick-size-chart\">Wick storlek<\/a> rekommenderas endast f\u00f6r anv\u00e4ndning med vax. Den st\u00f6rsta Wick-storlek som rekommenderas \u00e4r f\u00f6r anv\u00e4ndning n\u00e4r <a href=\"https:\/\/cosyowl.com\/sv\/candle-making-supplies\/fragrance-oils-for-candle-making\/premium-fragrance-oils\/cosy-owl-premium-1-million-type-fragrance-oil\">Doftolja<\/a> och\/eller f\u00e4rg\u00e4mne \u00e4r n\u00e4rvarande. All information som tillhandah\u00e5lls ska endast anv\u00e4ndas som en guide f\u00f6r att hj\u00e4lpa till att hitta en utg\u00e5ngspunkt n\u00e4r man experimenterar med vekar eftersom varierande temperaturer och <a href=\"https:\/\/cosyowl.com\/sv\/guides\/2023-spring-fragrance-oil-trends\">Doftoljor<\/a> p\u00e5verkar hur framg\u00e5ngsrik en Wick \u00e4r.<\/p>","protected":false},"excerpt":{"rendered":"<p>&#8216; This is a classic glass jar that comes complete with a matching lid and silicone seal to ensure a tight fit and high-quality finish. The strong, heat resistant structure of the jar makes this perfect for containing candles and this model can hold 100cl of wax and measures 100mm in diameter and 136mm in [&hellip;]<\/p>\n","protected":false},"featured_media":96773,"comment_status":"open","ping_status":"closed","template":"","meta":{"_acf_changed":false},"product_brand":[],"product_cat":[527],"product_tag":[921],"class_list":{"0":"post-10753","1":"product","2":"type-product","3":"status-publish","4":"has-post-thumbnail","6":"product_cat-candle-glasses","7":"product_tag-glass-container","8":"product_shipping_class-royal_mail","10":"first","11":"instock","12":"taxable","13":"shipping-taxable","14":"purchasable","15":"product-type-simple"},"acf":[],"_links":{"self":[{"href":"https:\/\/cosyowl.com\/sv\/wp-json\/wp\/v2\/product\/10753","targetHints":{"allow":["GET"]}}],"collection":[{"href":"https:\/\/cosyowl.com\/sv\/wp-json\/wp\/v2\/product"}],"about":[{"href":"https:\/\/cosyowl.com\/sv\/wp-json\/wp\/v2\/types\/product"}],"replies":[{"embeddable":true,"href":"https:\/\/cosyowl.com\/sv\/wp-json\/wp\/v2\/comments?post=10753"}],"wp:featuredmedia":[{"embeddable":true,"href":"https:\/\/cosyowl.com\/sv\/wp-json\/wp\/v2\/media\/96773"}],"wp:attachment":[{"href":"https:\/\/cosyowl.com\/sv\/wp-json\/wp\/v2\/media?parent=10753"}],"wp:term":[{"taxonomy":"product_brand","embeddable":true,"href":"https:\/\/cosyowl.com\/sv\/wp-json\/wp\/v2\/product_brand?post=10753"},{"taxonomy":"product_cat","embeddable":true,"href":"https:\/\/cosyowl.com\/sv\/wp-json\/wp\/v2\/product_cat?post=10753"},{"taxonomy":"product_tag","embeddable":true,"href":"https:\/\/cosyowl.com\/sv\/wp-json\/wp\/v2\/product_tag?post=10753"}],"curies":[{"name":"wp","href":"https:\/\/api.w.org\/{rel}","templated":true}]}}