{"id":10731,"date":"2021-10-01T06:08:00","date_gmt":"2021-10-01T05:08:00","guid":{"rendered":"https:\/\/cosyowl.com\/product\/uncategorized\/import-placeholder-for-tcdl-cfra-bowl-ncap-358"},"modified":"2026-05-05T13:30:50","modified_gmt":"2026-05-05T12:30:50","slug":"cappuccino-doftolja","status":"publish","type":"product","link":"https:\/\/cosyowl.com\/sv\/candle-making-supplies\/fragrance-oils-for-candle-making\/all-fragrances\/cappuccino-fragrance-oil","title":{"rendered":"Cappuccino doftolja"},"content":{"rendered":"<p><strong>V\u00e4nligen notera - 10 kg och 25 kg <a href=\"https:\/\/cosyowl.com\/sv\/guides\/2023-spring-fragrance-oil-trends\">doftoljor<\/a> har en ber\u00e4knad ledtid p\u00e5 2-3 veckor f\u00f6r leverans.<\/strong><\/p>\n<p>Tillverkad med <a href=\"https:\/\/cosyowl.com\/sv\/candle-making-supplies\/fragrance-oils-for-candle-making\/all-fragrances\/honey-fragrance-oil\">naturlig<\/a> ingredienser och eteriska oljor*.<\/p>\n<p>V\u00e5r <strong>Cappuccino Typ <a href=\"https:\/\/cosyowl.com\/sv\/candle-making-supplies\/fragrance-oils-for-candle-making\/premium-fragrance-oils\/cosy-owl-premium-1-million-type-fragrance-oil\">Doftolja<\/a><\/strong> har utformats speciellt f\u00f6r att frig\u00f6ra och \u00f6versv\u00e4mma ditt rum med den kombinerade \u00f6verd\u00e5diga doften av kaffe blandat med m\u00e5nga kompletterande smaker, vilket ger en stark och framtr\u00e4dande doft som f\u00f6rknippas med<strong> kaffeb\u00f6na, <a href=\"https:\/\/cosyowl.com\/sv\/fragrance-oils\/coconut\">kokosn\u00f6t<\/a> och vit persika<\/strong>. Denna initiala arom \u00e4r den mest uttalade n\u00e4r din <a href=\"https:\/\/cosyowl.com\/sv\/guides\/a-summers-beach-gel-votive-candle\">ljus<\/a> b\u00f6rjar brinna och fyller ditt rum med en doft som sedan f\u00f6rst\u00e4rks av l\u00e4tta undertoner av <strong>mj\u00f6lknoter, tonka och kanelst\u00e4nk<\/strong>. I formuleringen av denna distinkta doft ing\u00e5r en underbar eftersmak av<strong> vaniljst\u00e5ng, mysk och <a href=\"https:\/\/cosyowl.com\/sv\/candle-making-supplies\/fragrance-oils-for-candle-making\/all-fragrances\/french-vanilla-fragrance-oil\">kr\u00e4mig<\/a> b\u00e4rnsten<\/strong>.<\/p>\n<p>Alla v\u00e5ra doftoljor \u00e4r exklusiva f\u00f6r <a href=\"https:\/\/cosyowl.com\/sv\/\">Mysig uggla<\/a> och har utvecklats av v\u00e5ra experter f\u00f6r \u00f6verl\u00e4gsen doftspridning i ett ljus och har optimerats f\u00f6r anv\u00e4ndning med v\u00e5rt vax. V\u00e5ra oljor \u00e4r 100% koncentrerade och \u00e4r helt kompatibla f\u00f6r anv\u00e4ndning med alla v\u00e5ra vaxer.<\/p>\n<p><strong>Hur mycket parfym ska jag tills\u00e4tta?<\/strong><\/p>\n<p>Alla v\u00e5ra dofter \u00e4r av h\u00f6g <a href=\"https:\/\/cosyowl.com\/sv\/candle-wicks\/wedo-lx-wick-raw\">kvalitet<\/a> och s\u00e4rskilt utformade f\u00f6r utm\u00e4rkt doftspridning, vilket inneb\u00e4r att mindre i allm\u00e4nhet \u00e4r mer. Hur mycket man ska tills\u00e4tta \u00e4r lite komplicerat och vi har utvecklat en <a href=\"https:\/\/cosyowl.com\/sv\/guides\/a-guide-to-creating-your-own-soap-products\">guide<\/a> f\u00f6r att ge dig mer information h\u00e4r. Generellt sett \u00e4r det dock en bra id\u00e9 att b\u00f6rja med mellan 5-8% och upp till 10% f\u00f6r mindre starka dofter b\u00f6r ge dig mer \u00e4n tillr\u00e4ckligt med doftkast. Det \u00e4r alltid b\u00e4st att experimentera med varje doft- och vaxkombination och b\u00f6rja l\u00e5gt och arbeta upp. S\u00e5 l\u00e4nge du f\u00f6ljer guiden och observerar flampunkten kommer du att f\u00e5 vackert doftande ljus med lite \u00f6vning. Generellt sett b\u00f6r du aldrig l\u00e4gga i mer \u00e4n 12% doft eftersom ljuset bokstavligen kommer att b\u00f6rja svettas eller l\u00e4cka doften.<\/p>\n<p>Alla doftoljor har en s\u00e5 kallad flampunkt - den temperatur vid vilken oljan b\u00f6rjar f\u00f6rbr\u00e4nnas och doften frig\u00f6rs.<\/p>\n<p>Den <strong>Flampunkten f\u00f6r Cappuccino \u00e4r 93,33\u00b0C<\/strong>, f\u00f6r mer information om Flash Points f\u00f6lj denna l\u00e4nk <a href=\"https:\/\/cosyowl.com\/sv\/guider\/hur-man-anvander-doftoljor\/?wmc-currency=EUR\">https:\/\/www.cosyowl.com\/guides\/how-to-use-fragrance-oils\/<\/a><\/p>\n<p><strong>Att anv\u00e4nda denna doft i en <a href=\"https:\/\/cosyowl.com\/sv\/guides\/making-a-reed-diffuser\">vassdiffusor<\/a>?<\/strong><\/p>\n<p>Alla v\u00e5ra dofter har utformats f\u00f6r att fungera i <a href=\"https:\/\/cosyowl.com\/sv\/guides\/a-beginners-guide-to-making-reed-diffusers\">Vassdiffusorer<\/a> n\u00e4r den blandas med en <a href=\"\/sv\/vassdiffusorer\/reed-diffusol-base-oil\/?wmc-currency=EUR\">basolja f\u00f6r diffusor finns h\u00e4r<\/a>. Anv\u00e4nd upp till 25% doft\u00e4mne blandat med basoljan beroende p\u00e5 vilken doftstyrka som kr\u00e4vs.<\/p>\n<p><strong>Anv\u00e4nder du den h\u00e4r doften i en tv\u00e5l?<\/strong><\/p>\n<p>Alla v\u00e5ra dofter \u00e4r ocks\u00e5 speciellt formulerade f\u00f6r att fungera i fasta tv\u00e5lar, se s\u00e4kerhetsdatabladet f\u00f6r information om den maximala % av varje doft som kan anv\u00e4ndas i <a href=\"https:\/\/cosyowl.com\/sv\/guides\/a-beginners-guide-to-soap-making\">tv\u00e5ltillverkning<\/a> applikationer.<\/p>\n<p>L\u00e4s ocks\u00e5 v\u00e5r CLP-information om anv\u00e4ndning av doftoljor i ljus innan du k\u00f6per. Denna information avser oljans kemiska sammans\u00e4ttning tillsammans med varningsinformation om eventuella allergiska reaktioner.<\/p>\n<p><strong>Fri fr\u00e5n djurpl\u00e5geri<\/strong><\/p>\n<p>Etiska ink\u00f6p av produkter \u00e4r av yttersta vikt f\u00f6r oss och vi \u00e4r mycket stolta \u00f6ver att kunna s\u00e4ga att alla doftoljor som levereras av Cosy Owl, och deras <a href=\"https:\/\/cosyowl.com\/sv\/candle-wicks\/tcr-series-wick-raw\">r\u00e5<\/a> \u00e4r grymhetsfria och absolut inga tester p\u00e5 djur eller m\u00e4nniskor \u00e4ger rum. Vi f\u00f6rst\u00e5r dock att det kan finnas en viss f\u00f6rvirring n\u00e4r det g\u00e4ller s\u00e4kerheten <a href=\"https:\/\/cosyowl.com\/sv\/data-sheets\">Datablad<\/a> (SDS) inneh\u00e5ller toxicitetsv\u00e4rden f\u00f6r r\u00e5tta och kanin. Just detta avsnitt h\u00e4nvisar till LD50 (toxicitet) f\u00f6r vissa ingredienser som kr\u00e4vs f\u00f6r andra branscher (t.ex. f\u00f6r anv\u00e4ndning i livsmedel) och det \u00e4r obligatoriskt att vi inkluderar dessa d\u00e4r de finns. Eventuella uppgifter om djurf\u00f6rs\u00f6k baseras p\u00e5 tester som inte har utf\u00f6rts eller godk\u00e4nts av oss eller v\u00e5ra leverant\u00f6rer, i vissa fall har dessa tester kr\u00e4vts av en myndighet eller utf\u00f6rts f\u00f6r flera decennier sedan och kategoriskt sett har inga tester utf\u00f6rts f\u00f6r anv\u00e4ndning av dessa ingredienser i produkter som vi levererar.<\/p>\n<p><strong> Vi rekommenderar alla kunder att testa dofterna med v\u00e5ra 10 ml testflaskor innan de best\u00e4ller st\u00f6rre storlekar eller kvantiteter, om du mot f\u00f6rmodan skulle vara missn\u00f6jd med en doftolja. V\u00e4nligen se v\u00e5r <a href=\"\/sv\/leveransinformation\/?wmc-currency=EUR\" target=\"_blank\" rel=\"noopener\">Leverans och returer<\/a> sida f\u00f6r fullst\u00e4ndig <a href=\"https:\/\/cosyowl.com\/sv\/privacy\">Villkor<\/a> och villkor.<\/strong><\/p>\n<p>*Den h\u00e4r doften inneh\u00e5ller naturliga element (<a href=\"https:\/\/cosyowl.com\/sv\/guides\/essential-oil-benefits\">eteriska oljor<\/a>, extrakt, hartser, isolat) men \u00e4r inte helt naturliga. V\u00e5ra doftoljor har utformats f\u00f6r att vara s\u00e5 enkla som m\u00f6jligt, <a href=\"https:\/\/cosyowl.com\/sv\/candle-making-supplies\/glitters\/pure-white-biodegradable\">ren<\/a> och naturliga som m\u00f6jligt, samtidigt som de ger den b\u00e4sta doftupplevelsen och det b\u00e4sta utbudet av doftnoter. F\u00f6reningar som inte kommer direkt fr\u00e5n naturen \u00e4r antingen kemiskt identiska med naturligt f\u00f6rekommande f\u00f6reningar, artificiellt skapade eller n\u00e5got modifierade, vanligtvis f\u00f6r att ge en n\u00e5got starkare doft. Ibland anv\u00e4nds doft\u00e4mnen som inte finns i naturen f\u00f6r att ge den distinkta doft som kr\u00e4vs f\u00f6r vissa mer artificiella doft\u00e4mnen. Detta \u00e4r samma sak som f\u00f6r alla doftoljor p\u00e5 marknaden idag.<\/p>\n<p>Doftoljor har vanligtvis ett \u00e5rs utg\u00e5ngsdatum fr\u00e5n tillverkningsdatumet, men m\u00e5nga doftoljor kan h\u00e5lla m\u00e5nader eller till och med \u00e5r efter detta datum om de f\u00f6rvaras korrekt. Tester (vi erbjuder inte denna tj\u00e4nst) kan utf\u00f6ras p\u00e5 doftoljor f\u00f6r att fastst\u00e4lla deras l\u00e4mplighet efter h\u00e5llbarhetstiden.<\/p>\n<p>Nuvarande IFRA-dokument (IFRA version 48) \u00e4r relevanta och till\u00e4mpliga f\u00f6r alla v\u00e5ra dofter fram till februari 2022, d\u00e5 de nya klassificeringarna tr\u00e4der i kraft f\u00f6r befintliga produkter, dvs. dofter som redan finns p\u00e5 marknaden. Alla nya dofter omfattas redan av IFRA 49-klassificeringarna. Under de kommande veckorna, n\u00e4r vi f\u00e5r relevant information, kommer vi att uppdatera och g\u00f6ra n\u00f6dv\u00e4ndiga \u00e4ndringar p\u00e5 v\u00e5r webbplats.<\/p>","protected":false},"excerpt":{"rendered":"<p>Please note \u2013 The 10kg and 25kg fragrance oils have an estimated lead time of 2-3 weeks for delivery. Made with natural ingredients and essential oils*. Our Cappuccino Type Fragrance Oil has been specially formulated to release and flood your room with the combined indulgent scent of coffee mixed with many complimentary flavours, providing a [&hellip;]<\/p>\n","protected":false},"featured_media":11836,"comment_status":"open","ping_status":"closed","template":"","meta":{"_acf_changed":false},"product_brand":[],"product_cat":[517,504,516,526],"product_tag":[908],"class_list":{"0":"post-10731","1":"product","2":"type-product","3":"status-publish","4":"has-post-thumbnail","6":"product_cat-fragrance-oils-cravings","7":"product_cat-fragrance-oils-all-fragrances","8":"product_cat-fragrance-oils-sweet","9":"product_cat-fragrance-oils-vanilla","10":"product_tag-fragrance-oil","12":"first","13":"instock","14":"taxable","15":"shipping-taxable","16":"purchasable","17":"product-type-variable"},"acf":[],"_links":{"self":[{"href":"https:\/\/cosyowl.com\/sv\/wp-json\/wp\/v2\/product\/10731","targetHints":{"allow":["GET"]}}],"collection":[{"href":"https:\/\/cosyowl.com\/sv\/wp-json\/wp\/v2\/product"}],"about":[{"href":"https:\/\/cosyowl.com\/sv\/wp-json\/wp\/v2\/types\/product"}],"replies":[{"embeddable":true,"href":"https:\/\/cosyowl.com\/sv\/wp-json\/wp\/v2\/comments?post=10731"}],"wp:featuredmedia":[{"embeddable":true,"href":"https:\/\/cosyowl.com\/sv\/wp-json\/wp\/v2\/media\/11836"}],"wp:attachment":[{"href":"https:\/\/cosyowl.com\/sv\/wp-json\/wp\/v2\/media?parent=10731"}],"wp:term":[{"taxonomy":"product_brand","embeddable":true,"href":"https:\/\/cosyowl.com\/sv\/wp-json\/wp\/v2\/product_brand?post=10731"},{"taxonomy":"product_cat","embeddable":true,"href":"https:\/\/cosyowl.com\/sv\/wp-json\/wp\/v2\/product_cat?post=10731"},{"taxonomy":"product_tag","embeddable":true,"href":"https:\/\/cosyowl.com\/sv\/wp-json\/wp\/v2\/product_tag?post=10731"}],"curies":[{"name":"wp","href":"https:\/\/api.w.org\/{rel}","templated":true}]}}