{"id":10670,"date":"2021-10-01T06:07:00","date_gmt":"2021-10-01T05:07:00","guid":{"rendered":"https:\/\/cosyowl.com\/product\/uncategorized\/import-placeholder-for-tcdl-cfra-bowl-nmpa-349"},"modified":"2026-04-30T16:22:59","modified_gmt":"2026-04-30T15:22:59","slug":"doftolja-mango-passionfruit","status":"publish","type":"product","link":"https:\/\/cosyowl.com\/sv\/fragrance-oils\/mango-amp-passionfruit","title":{"rendered":"Mango &amp; passionsfrukt doftolja"},"content":{"rendered":"<p><strong>V\u00e4nligen notera - 10 kg och 25 kg <a href=\"https:\/\/cosyowl.com\/sv\/guides\/2023-spring-fragrance-oil-trends\">doftoljor<\/a> har en ber\u00e4knad ledtid p\u00e5 2-3 veckor f\u00f6r leverans.<\/strong><\/p>\n<p>Tillverkad med <a href=\"https:\/\/cosyowl.com\/sv\/candle-making-supplies\/fragrance-oils-for-candle-making\/all-fragrances\/honey-fragrance-oil\">naturlig<\/a> ingredienser och eteriska oljor*.<\/p>\n<p>V\u00e5r <strong>Mango &amp; passionsfrukt Typ <a href=\"https:\/\/cosyowl.com\/sv\/candle-making-supplies\/fragrance-oils-for-candle-making\/premium-fragrance-oils\/cosy-owl-premium-1-million-type-fragrance-oil\">Doftolja<\/a><\/strong> har formulerats speciellt f\u00f6r att frig\u00f6ra den ljuvliga doften av denna <a href=\"https:\/\/cosyowl.com\/sv\/candle-making-supplies\/fragrance-oils-for-candle-making\/all-fragrances\/black-coconut-fragrance-oil\">tropisk<\/a> fruktig kombination och ger initialt en stark och framtr\u00e4dande doft f\u00f6rknippad med<strong> s\u00f6ta saftiga mango och <a href=\"https:\/\/cosyowl.com\/sv\/candle-making-supplies\/glitters\/lake-blue-biodegradable\">cool<\/a> l\u00e4cker papaya<\/strong>. Denna arom \u00e4r den mest uttalade n\u00e4r din <a href=\"https:\/\/cosyowl.com\/sv\/guides\/a-summers-beach-gel-votive-candle\">ljus<\/a> b\u00f6rjar brinna och fyller ditt rum med en doft som sedan f\u00f6rst\u00e4rks av l\u00e4tta undertoner av <strong><a href=\"https:\/\/cosyowl.com\/sv\/candle-making-supplies\/essential-oils\/eucalyptus-globulus-essential-oil\">fr\u00e4sch<\/a> passionsfrukt, s\u00f6t melon och persika<\/strong>. I formuleringen av denna distinkta doft ing\u00e5r en underbar eftersmak av <strong>mysk<\/strong>.<\/p>\n<p>Alla v\u00e5ra doftoljor \u00e4r exklusiva f\u00f6r <a href=\"https:\/\/cosyowl.com\/sv\/\">Mysig uggla<\/a> och har utvecklats av v\u00e5ra experter f\u00f6r \u00f6verl\u00e4gsen doftspridning i ett ljus och har optimerats f\u00f6r anv\u00e4ndning med v\u00e5rt vax. V\u00e5ra oljor \u00e4r 100% koncentrerade och \u00e4r helt kompatibla f\u00f6r anv\u00e4ndning med alla v\u00e5ra vaxer.<\/p>\n<p>Alla v\u00e5ra dofter \u00e4r av h\u00f6g <a href=\"https:\/\/cosyowl.com\/sv\/candle-wicks\/wedo-lx-wick-raw\">kvalitet<\/a> och s\u00e4rskilt utformade f\u00f6r utm\u00e4rkt doftspridning, vilket inneb\u00e4r att mindre i allm\u00e4nhet \u00e4r mer. Hur mycket man ska tills\u00e4tta \u00e4r lite komplicerat och vi har utvecklat en <a href=\"https:\/\/cosyowl.com\/sv\/guides\/a-guide-to-creating-your-own-soap-products\">guide<\/a> f\u00f6r att ge dig mer information h\u00e4r. Generellt sett \u00e4r det dock en bra id\u00e9 att b\u00f6rja med mellan 5-8% och upp till 10% f\u00f6r mindre starka dofter b\u00f6r ge dig mer \u00e4n tillr\u00e4ckligt med doftkast. Det \u00e4r alltid b\u00e4st att experimentera med varje doft- och vaxkombination och b\u00f6rja l\u00e5gt och arbeta upp. S\u00e5 l\u00e4nge du f\u00f6ljer guiden och observerar flampunkten kommer du att f\u00e5 vackert doftande ljus med lite \u00f6vning. Generellt sett b\u00f6r du aldrig l\u00e4gga i mer \u00e4n 12% doft eftersom ljuset bokstavligen kommer att b\u00f6rja svettas eller l\u00e4cka doften.<\/p>\n<p>Alla v\u00e5ra dofter \u00e4r ocks\u00e5 speciellt formulerade f\u00f6r att fungera i fasta tv\u00e5lar, se s\u00e4kerhetsdatabladet* f\u00f6r information om den maximala m\u00e4ngden % av varje doft som kan anv\u00e4ndas i <a href=\"https:\/\/cosyowl.com\/sv\/guides\/a-beginners-guide-to-soap-making\">tv\u00e5ltillverkning<\/a> applikationer.<\/p>\n<p>L\u00e4s ocks\u00e5 v\u00e5r CLP-information* om anv\u00e4ndning av doftoljor i ljus innan du k\u00f6per. Denna information avser oljans kemiska sammans\u00e4ttning tillsammans med varningsinformation om eventuella allergiska reaktioner.<\/p>\n<p>* Tyv\u00e4rr finns inte s\u00e4kerhetsdatabladet och CLP-meddelandet tillg\u00e4ngliga f\u00f6r denna doft f\u00f6r n\u00e4rvarande, men kommer att l\u00e4ggas till mycket snart - v\u00e4nligen kom tillbaka senare.<\/p>\n<p><strong> Vi rekommenderar alla kunder att testa dofterna med v\u00e5ra 10 ml testflaskor innan de best\u00e4ller st\u00f6rre storlekar eller kvantiteter, om du mot f\u00f6rmodan skulle vara missn\u00f6jd med en doftolja. V\u00e4nligen se v\u00e5r <a href=\"\/sv\/leveransinformation\/?wmc-currency=EUR\" target=\"_blank\" rel=\"noopener\">Leverans och returer<\/a> sida f\u00f6r fullst\u00e4ndig <a href=\"https:\/\/cosyowl.com\/sv\/privacy\">Villkor<\/a> och villkor.<\/strong><\/p>\n<p>*Den h\u00e4r doften inneh\u00e5ller naturliga element (<a href=\"https:\/\/cosyowl.com\/sv\/guides\/essential-oil-benefits\">eteriska oljor<\/a>, extrakt, hartser, isolat) men \u00e4r inte helt naturliga. V\u00e5ra doftoljor har utformats f\u00f6r att vara s\u00e5 enkla som m\u00f6jligt, <a href=\"https:\/\/cosyowl.com\/sv\/candle-making-supplies\/glitters\/pure-white-biodegradable\">ren<\/a> och naturliga som m\u00f6jligt, samtidigt som de ger den b\u00e4sta doftupplevelsen och det b\u00e4sta utbudet av doftnoter. F\u00f6reningar som inte kommer direkt fr\u00e5n naturen \u00e4r antingen kemiskt identiska med naturligt f\u00f6rekommande f\u00f6reningar, artificiellt skapade eller n\u00e5got modifierade, vanligtvis f\u00f6r att ge en n\u00e5got starkare doft. Ibland anv\u00e4nds doft\u00e4mnen som inte finns i naturen f\u00f6r att ge den distinkta doft som kr\u00e4vs f\u00f6r vissa mer artificiella doft\u00e4mnen. Detta \u00e4r samma sak som f\u00f6r alla doftoljor p\u00e5 marknaden idag.<\/p>\n<p>Doftoljor har vanligtvis ett \u00e5rs utg\u00e5ngsdatum fr\u00e5n tillverkningsdatumet, men m\u00e5nga doftoljor kan h\u00e5lla m\u00e5nader eller till och med \u00e5r efter detta datum om de f\u00f6rvaras korrekt. Tester (vi erbjuder inte denna tj\u00e4nst) kan utf\u00f6ras p\u00e5 doftoljor f\u00f6r att fastst\u00e4lla deras l\u00e4mplighet efter h\u00e5llbarhetstiden.<\/p>","protected":false},"excerpt":{"rendered":"<p>Please note \u2013 The 10kg and 25kg fragrance oils have an estimated lead time of 2-3 weeks for delivery. Made with natural ingredients and essential oils*. Our Mango &amp; Passionfruit Type Fragrance Oil has been specially formulated to release the lovely scent of this tropical fruity combination and initially provides a strong and prominent smell [&hellip;]<\/p>\n","protected":false},"featured_media":11823,"comment_status":"open","ping_status":"closed","template":"","meta":{"_acf_changed":false},"product_brand":[],"product_cat":[788,504,518,698,1590,516,524],"product_tag":[908,1598,1597],"class_list":{"0":"post-10670","1":"product","2":"type-product","3":"status-publish","4":"has-post-thumbnail","6":"product_cat-spring","7":"product_cat-fragrance-oils-all-fragrances","8":"product_cat-fragrance-oils-fresh","9":"product_cat-fruit-fragrance-oils","10":"product_cat-summer-fragrances","11":"product_cat-fragrance-oils-sweet","12":"product_cat-fragrance-oils-tropical","13":"product_tag-fragrance-oil","14":"product_tag-spring","15":"product_tag-summer","16":"pa_bottle-size-100ml","17":"pa_bottle-size-10kg","18":"pa_bottle-size-250ml","19":"pa_bottle-size-25kg","20":"pa_bottle-size-500ml","21":"pa_bottle-size-50ml","22":"pa_bottle-size-950ml","23":"pa_bottle-size-sample","25":"first","26":"instock","27":"taxable","28":"shipping-taxable","29":"purchasable","30":"product-type-variable"},"acf":[],"_links":{"self":[{"href":"https:\/\/cosyowl.com\/sv\/wp-json\/wp\/v2\/product\/10670","targetHints":{"allow":["GET"]}}],"collection":[{"href":"https:\/\/cosyowl.com\/sv\/wp-json\/wp\/v2\/product"}],"about":[{"href":"https:\/\/cosyowl.com\/sv\/wp-json\/wp\/v2\/types\/product"}],"replies":[{"embeddable":true,"href":"https:\/\/cosyowl.com\/sv\/wp-json\/wp\/v2\/comments?post=10670"}],"wp:featuredmedia":[{"embeddable":true,"href":"https:\/\/cosyowl.com\/sv\/wp-json\/wp\/v2\/media\/11823"}],"wp:attachment":[{"href":"https:\/\/cosyowl.com\/sv\/wp-json\/wp\/v2\/media?parent=10670"}],"wp:term":[{"taxonomy":"product_brand","embeddable":true,"href":"https:\/\/cosyowl.com\/sv\/wp-json\/wp\/v2\/product_brand?post=10670"},{"taxonomy":"product_cat","embeddable":true,"href":"https:\/\/cosyowl.com\/sv\/wp-json\/wp\/v2\/product_cat?post=10670"},{"taxonomy":"product_tag","embeddable":true,"href":"https:\/\/cosyowl.com\/sv\/wp-json\/wp\/v2\/product_tag?post=10670"}],"curies":[{"name":"wp","href":"https:\/\/api.w.org\/{rel}","templated":true}]}}