{"id":10580,"date":"2021-10-01T06:06:00","date_gmt":"2021-10-01T05:06:00","guid":{"rendered":"https:\/\/cosyowl.com\/product\/uncategorized\/import-placeholder-for-tcdl-cfra-bowl-nsbb-338"},"modified":"2026-03-24T16:27:36","modified_gmt":"2026-03-24T16:27:36","slug":"doftolja-jordgubbe-bon-bon","status":"publish","type":"product","link":"https:\/\/cosyowl.com\/sv\/fragrance-oils\/strawberry-bon-bon","title":{"rendered":"Jordgubbe Bon Bon Doftolja"},"content":{"rendered":"<p><strong>Observera - alla 5 kg, 10 kg och 25 kg <a href=\"https:\/\/cosyowl.com\/sv\/guides\/2023-spring-fragrance-oil-trends\">Doftoljor<\/a> \u00e4r skr\u00e4ddarsydda best\u00e4llningsvaror och har en leveranstid p\u00e5 upp till 6 veckor, vilket inte \u00e5terspeglas i de leveransalternativ som presenteras p\u00e5 <a href=\"https:\/\/cosyowl.com\/sv\/checkout\">kassan<\/a>. Om din <a href=\"https:\/\/cosyowl.com\/sv\/basket\">ordning<\/a> inkluderar alla 5 kg, 10 kg eller 25 kg doftoljor, kommer ledtiden f\u00f6r hela best\u00e4llningen att vara upp till 6 veckor. 5 kg, 10 kg eller 25 kg skr\u00e4ddarsydda best\u00e4llda doftoljor \u00e5terbetalas inte heller.<\/strong><\/p>\n<p>Tillverkad med <a href=\"https:\/\/cosyowl.com\/sv\/candle-making-supplies\/fragrance-oils-for-candle-making\/all-fragrances\/honey-fragrance-oil\">naturlig<\/a> ingredienser och eteriska oljor*.<\/p>\n<p>V\u00e5r <strong><a href=\"https:\/\/cosyowl.com\/sv\/candle-making-supplies\/fragrance-oils-for-candle-making\/all-fragrances\/strawberry-fragrance-oil\">Jordgubbar<\/a> Bon Bon Typ <a href=\"https:\/\/cosyowl.com\/sv\/candle-making-supplies\/fragrance-oils-for-candle-making\/premium-fragrance-oils\/cosy-owl-premium-1-million-type-fragrance-oil\">Doftolja<\/a><\/strong> har utformats speciellt f\u00f6r att frig\u00f6ra den fantastiska doften som f\u00f6rknippas med denna popul\u00e4ra konfektyr som har funnits i \u00e5rtionden. Doften ger initialt en stark och framtr\u00e4dande lukt f\u00f6rknippad med<strong> <a href=\"https:\/\/cosyowl.com\/sv\/candle-making-supplies\/fragrance-oils-for-candle-making\/all-fragrances\/lemon-lavender-fragrance-oil\">citronskal<\/a> och spunnet socker<\/strong>. Denna arom \u00e4r den mest uttalade n\u00e4r din <a href=\"https:\/\/cosyowl.com\/sv\/guides\/a-summers-beach-gel-votive-candle\">ljus<\/a> b\u00f6rjar brinna och fyller ditt rum med en doft som sedan f\u00f6rst\u00e4rks av l\u00e4tta undertoner av <strong>jordgubbar, kanel och mj\u00f6lkiga toner<\/strong>. I formuleringen av denna distinkta doft ing\u00e5r en underbar eftersmak av <strong>mjuk vanilj och <a href=\"https:\/\/cosyowl.com\/sv\/candle-making-supplies\/fragrance-oils-for-candle-making\/all-fragrances\/french-vanilla-fragrance-oil\">kr\u00e4mig<\/a> mysk<\/strong>.<\/p>\n<p>Alla v\u00e5ra doftoljor \u00e4r exklusiva f\u00f6r <a href=\"https:\/\/cosyowl.com\/sv\/\">Mysig uggla<\/a> och har utvecklats av v\u00e5ra experter f\u00f6r \u00f6verl\u00e4gsen doftspridning i ett ljus och har optimerats f\u00f6r anv\u00e4ndning med v\u00e5rt vax. V\u00e5ra oljor \u00e4r 100% koncentrerade och \u00e4r helt kompatibla f\u00f6r anv\u00e4ndning med alla v\u00e5ra vaxer.<\/p>\n<p><strong>Hur mycket parfym ska jag tills\u00e4tta?<\/strong><\/p>\n<p>Alla v\u00e5ra dofter \u00e4r av h\u00f6g <a href=\"https:\/\/cosyowl.com\/sv\/candle-wicks\/wedo-lx-wick-raw\">kvalitet<\/a> och s\u00e4rskilt utformade f\u00f6r utm\u00e4rkt doftspridning, vilket inneb\u00e4r att mindre i allm\u00e4nhet \u00e4r mer. Hur mycket man ska tills\u00e4tta \u00e4r lite komplicerat och vi har utvecklat en <a href=\"https:\/\/cosyowl.com\/sv\/guides\/a-guide-to-creating-your-own-soap-products\">guide<\/a> f\u00f6r att ge dig mer information h\u00e4r. Generellt sett \u00e4r det dock en bra id\u00e9 att b\u00f6rja med mellan 5-8% och upp till 10% f\u00f6r mindre starka dofter b\u00f6r ge dig mer \u00e4n tillr\u00e4ckligt med doftkast. Det \u00e4r alltid b\u00e4st att experimentera med varje doft- och vaxkombination och b\u00f6rja l\u00e5gt och arbeta upp. S\u00e5 l\u00e4nge du f\u00f6ljer guiden och observerar flampunkten kommer du att f\u00e5 vackert doftande ljus med lite \u00f6vning. Generellt sett b\u00f6r du aldrig l\u00e4gga i mer \u00e4n 12% doft eftersom ljuset bokstavligen kommer att b\u00f6rja svettas eller l\u00e4cka doften.<\/p>\n<p>Alla doftoljor har en s\u00e5 kallad flampunkt - den temperatur vid vilken oljan b\u00f6rjar f\u00f6rbr\u00e4nnas och doften frig\u00f6rs.<\/p>\n<p>Den <strong>Flampunkten f\u00f6r Strawberry Bon Bon \u00e4r 90\u00b0C<\/strong>, f\u00f6r mer information om Flash Points f\u00f6lj denna l\u00e4nk <a href=\"https:\/\/cosyowl.com\/sv\/guider\/hur-man-anvander-doftoljor\/?wmc-currency=EUR\">https:\/\/www.cosyowl.com\/guides\/how-to-use-fragrance-oils\/<\/a><\/p>\n<p>L\u00e4s ocks\u00e5 v\u00e5r CLP-information om anv\u00e4ndning av doftoljor i ljus innan du k\u00f6per. Denna information avser oljans kemiska sammans\u00e4ttning tillsammans med varningsinformation om eventuella allergiska reaktioner.<\/p>\n<p><strong> Vi rekommenderar alla kunder att testa dofterna med v\u00e5ra 10 ml testflaskor innan de best\u00e4ller st\u00f6rre storlekar eller kvantiteter, om du mot f\u00f6rmodan skulle vara missn\u00f6jd med en doftolja. V\u00e4nligen se v\u00e5r <a href=\"\/sv\/leveransinformation\/?wmc-currency=EUR\" target=\"_blank\" rel=\"noopener\">Leverans och returer<\/a> sida f\u00f6r fullst\u00e4ndig <a href=\"https:\/\/cosyowl.com\/sv\/privacy\">Villkor<\/a> och villkor.<\/strong><\/p>\n<p>*Den h\u00e4r doften inneh\u00e5ller naturliga element (<a href=\"https:\/\/cosyowl.com\/sv\/guides\/essential-oil-benefits\">eteriska oljor<\/a>, extrakt, hartser, isolat) men \u00e4r inte helt naturliga. V\u00e5ra doftoljor har utformats f\u00f6r att vara s\u00e5 enkla som m\u00f6jligt, <a href=\"https:\/\/cosyowl.com\/sv\/candle-making-supplies\/glitters\/pure-white-biodegradable\">ren<\/a> och naturliga som m\u00f6jligt, samtidigt som de ger den b\u00e4sta doftupplevelsen och det b\u00e4sta utbudet av doftnoter. F\u00f6reningar som inte kommer direkt fr\u00e5n naturen \u00e4r antingen kemiskt identiska med naturligt f\u00f6rekommande f\u00f6reningar, artificiellt skapade eller n\u00e5got modifierade, vanligtvis f\u00f6r att ge en n\u00e5got starkare doft. Ibland anv\u00e4nds doft\u00e4mnen som inte finns i naturen f\u00f6r att ge den distinkta doft som kr\u00e4vs f\u00f6r vissa mer artificiella doft\u00e4mnen. Detta \u00e4r samma sak som f\u00f6r alla doftoljor p\u00e5 marknaden idag.<\/p>\n<p>Doftoljor har vanligtvis ett \u00e5rs utg\u00e5ngsdatum fr\u00e5n tillverkningsdatumet, men m\u00e5nga doftoljor kan h\u00e5lla m\u00e5nader eller till och med \u00e5r efter detta datum om de f\u00f6rvaras korrekt. Tester (vi erbjuder inte denna tj\u00e4nst) kan utf\u00f6ras p\u00e5 doftoljor f\u00f6r att fastst\u00e4lla deras l\u00e4mplighet efter h\u00e5llbarhetstiden.<\/p>","protected":false},"excerpt":{"rendered":"<p>Please note &#8211; all 5kg, 10kg and 25kg Fragrance Oils are bespoke made-to-order items and have an up to 6-week delivery lead time which isn\u2019t reflected in the shipping options presented at checkout. If your order includes any 5kg, 10kg or 25kg Fragrance Oils, lead time for the entirety of the order will be up [&hellip;]<\/p>\n","protected":false},"featured_media":11871,"comment_status":"open","ping_status":"closed","template":"","meta":{"_acf_changed":false},"product_brand":[],"product_cat":[504,759,517,790,636,586,509,512,511,843,516],"product_tag":[1595,908,1593],"class_list":{"0":"post-10580","1":"product","2":"type-product","3":"status-publish","4":"has-post-thumbnail","6":"product_cat-fragrance-oils-all-fragrances","7":"product_cat-best-of-british-fragrance-oils","8":"product_cat-fragrance-oils-cravings","9":"product_cat-easter","10":"product_cat-body-care-fragrance-oils","11":"product_cat-hair-care-fragrance-oils","12":"product_cat-soap-making-supplies-fragrances","13":"product_cat-wax-melts-fragrances","14":"product_cat-beard-oil-fragrances","15":"product_cat-halloween","16":"product_cat-fragrance-oils-sweet","17":"product_tag-easter","18":"product_tag-fragrance-oil","19":"product_tag-halloween","20":"product_shipping_class-royal_mail","21":"pa_bottle-size-100ml","22":"pa_bottle-size-10kg","23":"pa_bottle-size-250ml","24":"pa_bottle-size-25kg","25":"pa_bottle-size-500ml","26":"pa_bottle-size-50ml","27":"pa_bottle-size-950ml","28":"pa_bottle-size-sample","30":"first","31":"instock","32":"taxable","33":"shipping-taxable","34":"purchasable","35":"product-type-variable"},"acf":[],"_links":{"self":[{"href":"https:\/\/cosyowl.com\/sv\/wp-json\/wp\/v2\/product\/10580","targetHints":{"allow":["GET"]}}],"collection":[{"href":"https:\/\/cosyowl.com\/sv\/wp-json\/wp\/v2\/product"}],"about":[{"href":"https:\/\/cosyowl.com\/sv\/wp-json\/wp\/v2\/types\/product"}],"replies":[{"embeddable":true,"href":"https:\/\/cosyowl.com\/sv\/wp-json\/wp\/v2\/comments?post=10580"}],"wp:featuredmedia":[{"embeddable":true,"href":"https:\/\/cosyowl.com\/sv\/wp-json\/wp\/v2\/media\/11871"}],"wp:attachment":[{"href":"https:\/\/cosyowl.com\/sv\/wp-json\/wp\/v2\/media?parent=10580"}],"wp:term":[{"taxonomy":"product_brand","embeddable":true,"href":"https:\/\/cosyowl.com\/sv\/wp-json\/wp\/v2\/product_brand?post=10580"},{"taxonomy":"product_cat","embeddable":true,"href":"https:\/\/cosyowl.com\/sv\/wp-json\/wp\/v2\/product_cat?post=10580"},{"taxonomy":"product_tag","embeddable":true,"href":"https:\/\/cosyowl.com\/sv\/wp-json\/wp\/v2\/product_tag?post=10580"}],"curies":[{"name":"wp","href":"https:\/\/api.w.org\/{rel}","templated":true}]}}