{"id":10462,"date":"2021-07-01T06:05:00","date_gmt":"2021-07-01T05:05:00","guid":{"rendered":"https:\/\/cosyowl.com\/product\/uncategorized\/import-placeholder-for-tcdl-ccon-bowl-ctin5-313"},"modified":"2026-04-30T16:22:50","modified_gmt":"2026-04-30T15:22:50","slug":"silver-hjarta-ljusburk-20ml","status":"publish","type":"product","link":"https:\/\/cosyowl.com\/sv\/candle-making-supplies\/candle-containers\/metal-containers\/silver-heart-candle-tin-20ml","title":{"rendered":"Silverhj\u00e4rtad ljusburk - 20ml"},"content":{"rendered":"<p>Denna produkt \u00e4r en romantiskt hj\u00e4rtformad matt silverf\u00e4rgad <a href=\"https:\/\/cosyowl.com\/sv\/guides\/a-summers-beach-gel-votive-candle\">ljus<\/a> ljusburk med en silvergl\u00e4nsande kant runt lockets ovansida. Locket har en m\u00f6rk silverf\u00e4rgad betoning f\u00f6r att skilja den fr\u00e5n andra mer traditionella ljusburkar. Alla v\u00e5ra ljusstakar \u00e4r mycket konkurrenskraftigt prissatta och kan verkligen ge en touch av klass till alla rum.<\/p>\n<p>V\u00e5r <a href=\"https:\/\/cosyowl.com\/sv\/\">Mysig uggla<\/a> Ljusstakarna finns i flera olika storlekar och finns \u00e4ven i f\u00e4rgerna White och Rose med guldf\u00e4rgade kanter.<\/p>\n<p>Storlek och volym:<\/p>\n<ul>\n<li style=\"list-style-type: none\">\n<ul>\n<li>Denna 20 ml burk rymmer ca 16 g vax*.<\/li>\n<li>Storlek: 45 mm (L) x 45 mm (B) x 20 mm (H)<\/li>\n<\/ul>\n<\/li>\n<\/ul>\n<h3>Rekommendationer f\u00f6r Wick**<\/h3>\n<p><strong>Klicka p\u00e5 l\u00e4nken nedan f\u00f6r att utforska v\u00e5r veke <a href=\"https:\/\/cosyowl.com\/sv\/guides\/using-cotton-wicks-with-soyaluna-container-wax-recommendations\">rekommendationer<\/a> skr\u00e4ddarsydda f\u00f6r dina behov vid ljustillverkning.<\/strong><\/p>\n<p><a href=\"https:\/\/cosyowl.com\/sv\/guider\/procentsatser-och-matt\/?wmc-currency=EUR\">Cosy Owl Wick Rekommendationer<\/a><\/p>\n<p>*Observera att den rekommenderade m\u00e4ngden vax \u00e4r en <a href=\"https:\/\/cosyowl.com\/sv\/guides\/a-guide-to-creating-your-own-soap-products\">guide<\/a> och baseras p\u00e5 maxkapaciteten f\u00f6r den specifika beh\u00e5llaren. Det \u00e4r d\u00e4rf\u00f6r m\u00f6jligt att anv\u00e4nda mindre vax, men vi rekommenderar inte att man \u00f6verskrider den maximala kapaciteten. Vi rekommenderar att du anv\u00e4nder de angivna m\u00e4ngderna vax endast som en utg\u00e5ngspunkt och justerar dessa <a href=\"https:\/\/cosyowl.com\/sv\/guides\/weighing-fragrance\">m\u00e4tningar<\/a> enligt dina preferenser.<\/p>\n<p>**Observera att alla rekommendationer f\u00f6r veken endast baseras p\u00e5 anv\u00e4ndning med v\u00e5rt vax. Den minsta <a href=\"https:\/\/cosyowl.com\/sv\/guides\/candle-wick-size-chart\">Wick storlek<\/a> rekommenderas endast f\u00f6r anv\u00e4ndning med vax. Den st\u00f6rsta Wick-storlek som rekommenderas \u00e4r f\u00f6r anv\u00e4ndning n\u00e4r <a href=\"https:\/\/cosyowl.com\/sv\/candle-making-supplies\/fragrance-oils-for-candle-making\/premium-fragrance-oils\/cosy-owl-premium-1-million-type-fragrance-oil\">Doftolja<\/a> och\/eller f\u00e4rg\u00e4mne \u00e4r n\u00e4rvarande. All information som tillhandah\u00e5lls ska endast anv\u00e4ndas som en guide f\u00f6r att hj\u00e4lpa till att hitta en utg\u00e5ngspunkt n\u00e4r man experimenterar med vekar eftersom varierande temperaturer och <a href=\"https:\/\/cosyowl.com\/sv\/guides\/2023-spring-fragrance-oil-trends\">Doftoljor<\/a> p\u00e5verkar hur framg\u00e5ngsrik en Wick \u00e4r.<\/p>","protected":false},"excerpt":{"rendered":"<p>This product is a romantically heart shaped matt silver finished candle tin featuring a shiny silver coloured rim around the top of the lid. The lid has a dark silver coloured emphasis to set it apart from other more traditional candle tins. All of our candle tins are very competively priced and really can bring [&hellip;]<\/p>\n","protected":false},"featured_media":11964,"comment_status":"open","ping_status":"closed","template":"","meta":{"_acf_changed":false},"product_brand":[],"product_cat":[501,639,752,642,584,717,750],"product_tag":[918,1596],"class_list":{"0":"post-10462","1":"product","2":"type-product","3":"status-publish","4":"has-post-thumbnail","6":"product_cat-metal-containers","7":"product_cat-body-care-containers","8":"product_cat-sale-containers","9":"product_cat-hair-care-containers","10":"product_cat-lip-balm-containers","11":"product_cat-sale","12":"product_cat-valentines-day","13":"product_tag-candle-tin","14":"product_tag-valentines","16":"first","17":"instock","18":"sale","19":"taxable","20":"shipping-taxable","21":"purchasable","22":"product-type-variable"},"acf":[],"_links":{"self":[{"href":"https:\/\/cosyowl.com\/sv\/wp-json\/wp\/v2\/product\/10462","targetHints":{"allow":["GET"]}}],"collection":[{"href":"https:\/\/cosyowl.com\/sv\/wp-json\/wp\/v2\/product"}],"about":[{"href":"https:\/\/cosyowl.com\/sv\/wp-json\/wp\/v2\/types\/product"}],"replies":[{"embeddable":true,"href":"https:\/\/cosyowl.com\/sv\/wp-json\/wp\/v2\/comments?post=10462"}],"wp:featuredmedia":[{"embeddable":true,"href":"https:\/\/cosyowl.com\/sv\/wp-json\/wp\/v2\/media\/11964"}],"wp:attachment":[{"href":"https:\/\/cosyowl.com\/sv\/wp-json\/wp\/v2\/media?parent=10462"}],"wp:term":[{"taxonomy":"product_brand","embeddable":true,"href":"https:\/\/cosyowl.com\/sv\/wp-json\/wp\/v2\/product_brand?post=10462"},{"taxonomy":"product_cat","embeddable":true,"href":"https:\/\/cosyowl.com\/sv\/wp-json\/wp\/v2\/product_cat?post=10462"},{"taxonomy":"product_tag","embeddable":true,"href":"https:\/\/cosyowl.com\/sv\/wp-json\/wp\/v2\/product_tag?post=10462"}],"curies":[{"name":"wp","href":"https:\/\/api.w.org\/{rel}","templated":true}]}}