{"id":10440,"date":"2021-10-01T06:05:00","date_gmt":"2021-10-01T05:05:00","guid":{"rendered":"https:\/\/cosyowl.com\/product\/uncategorized\/bamboo-lid-for-30cl-karen-round-glass"},"modified":"2026-03-03T13:44:31","modified_gmt":"2026-03-03T13:44:31","slug":"bambu-lock-till-30cl-karen-runda-glas","status":"publish","type":"product","link":"https:\/\/cosyowl.com\/sv\/candle-making-supplies\/candle-containers\/candle-glasses\/bamboo-lid-for-30cl-karen-round-glass","title":{"rendered":"Bambulock f\u00f6r 30cl Karen runt glas"},"content":{"rendered":"<p>Detta tr\u00e4lock \u00e4r s\u00e4rskilt avsett f\u00f6r anv\u00e4ndning med <a href=\"https:\/\/cosyowl.com\/sv\/candle-making-supplies\/candle-containers\/candle-glasses\/glass-candle-container-30cl-karen-round\">Karen Round<\/a> <a href=\"https:\/\/cosyowl.com\/sv\/candle-making-supplies\/candle-containers\/candle-glasses\/karen-30cl-candle-glass-frosted-amber-pack-of-12\">30 cl<\/a> <a href=\"https:\/\/cosyowl.com\/sv\/craft-supplies\/reed-diffuser-supplies\/reed-diffuser-bottles\/glass-container-200ml-karen-diffuser-bottle\">Glasbeh\u00e5llare<\/a>. Diameter: 81 mm.<\/p>","protected":false},"excerpt":{"rendered":"<p>Detta tr\u00e4lock \u00e4r s\u00e4rskilt avsett att anv\u00e4ndas med Karen Round 30cl glasbeh\u00e5llare. Diameter: 81 mm.<\/p>","protected":false},"featured_media":11957,"comment_status":"open","ping_status":"closed","template":"","meta":{"_acf_changed":false},"product_brand":[],"product_cat":[527],"product_tag":[924],"class_list":{"0":"post-10440","1":"product","2":"type-product","3":"status-publish","4":"has-post-thumbnail","6":"product_cat-candle-glasses","7":"product_tag-lid","8":"product_shipping_class-royal_mail","10":"first","11":"instock","12":"taxable","13":"shipping-taxable","14":"purchasable","15":"product-type-simple"},"acf":[],"_links":{"self":[{"href":"https:\/\/cosyowl.com\/sv\/wp-json\/wp\/v2\/product\/10440","targetHints":{"allow":["GET"]}}],"collection":[{"href":"https:\/\/cosyowl.com\/sv\/wp-json\/wp\/v2\/product"}],"about":[{"href":"https:\/\/cosyowl.com\/sv\/wp-json\/wp\/v2\/types\/product"}],"replies":[{"embeddable":true,"href":"https:\/\/cosyowl.com\/sv\/wp-json\/wp\/v2\/comments?post=10440"}],"wp:featuredmedia":[{"embeddable":true,"href":"https:\/\/cosyowl.com\/sv\/wp-json\/wp\/v2\/media\/11957"}],"wp:attachment":[{"href":"https:\/\/cosyowl.com\/sv\/wp-json\/wp\/v2\/media?parent=10440"}],"wp:term":[{"taxonomy":"product_brand","embeddable":true,"href":"https:\/\/cosyowl.com\/sv\/wp-json\/wp\/v2\/product_brand?post=10440"},{"taxonomy":"product_cat","embeddable":true,"href":"https:\/\/cosyowl.com\/sv\/wp-json\/wp\/v2\/product_cat?post=10440"},{"taxonomy":"product_tag","embeddable":true,"href":"https:\/\/cosyowl.com\/sv\/wp-json\/wp\/v2\/product_tag?post=10440"}],"curies":[{"name":"wp","href":"https:\/\/api.w.org\/{rel}","templated":true}]}}