{"id":10436,"date":"2021-01-10T06:05:00","date_gmt":"2021-01-10T06:05:00","guid":{"rendered":"https:\/\/cosyowl.com\/product\/uncategorized\/metal-shelled-diffuser-cap-gloss-silver"},"modified":"2026-03-03T13:44:30","modified_gmt":"2026-03-03T13:44:30","slug":"metallholje-for-diffusorlock-glansigt-silver","status":"publish","type":"product","link":"https:\/\/cosyowl.com\/sv\/craft-supplies\/reed-diffuser-supplies\/reed-diffuser-bottles\/metal-shelled-diffuser-cap-gloss-silver","title":{"rendered":"Diffusorlock med metallskal - Glansigt silver"},"content":{"rendered":"<p>\u2018<\/p>\n<p>Detta glansiga silver <a href=\"https:\/\/cosyowl.com\/sv\/craft-supplies\/reed-diffuser-supplies\/reed-diffuser-bottles\/metal-shelled-diffuser-cap-gloss-gold\">Diffusorlock med metallskal<\/a> kan placeras ovanp\u00e5 beh\u00e5llaren f\u00f6r att ge ett mer estetiskt tilltalande utseende. Den <a href=\"https:\/\/cosyowl.com\/sv\/guides\/a-beginners-guide-to-making-reed-diffusers\">Vassdiffusorer<\/a> helt enkelt fr\u00e5n flaskan och ut genom h\u00e5let i locket.<\/p>\n<p>Observera att flaskproppar f\u00f6r diffusorer s\u00e4ljs separat.<\/p>","protected":false},"excerpt":{"rendered":"<p>\u2018 Det h\u00e4r metallh\u00f6ljda diffusorlocket i silverglans kan placeras ovanp\u00e5 beh\u00e5llaren f\u00f6r att ge ett mer estetiskt tilltalande utseende. Vassdiffusorerna sticker helt enkelt ut fr\u00e5n flaskan och ut genom h\u00e5let i locket. Observera att proppar f\u00f6r diffusorflaskor s\u00e4ljs separat.<\/p>","protected":false},"featured_media":11953,"comment_status":"open","ping_status":"closed","template":"","meta":{"_acf_changed":false},"product_brand":[],"product_cat":[650],"product_tag":[920],"class_list":{"0":"post-10436","1":"product","2":"type-product","3":"status-publish","4":"has-post-thumbnail","6":"product_cat-reed-diffusers-bottles","7":"product_tag-cap","8":"product_shipping_class-royal_mail","10":"first","11":"instock","12":"taxable","13":"shipping-taxable","14":"purchasable","15":"product-type-simple"},"acf":[],"_links":{"self":[{"href":"https:\/\/cosyowl.com\/sv\/wp-json\/wp\/v2\/product\/10436","targetHints":{"allow":["GET"]}}],"collection":[{"href":"https:\/\/cosyowl.com\/sv\/wp-json\/wp\/v2\/product"}],"about":[{"href":"https:\/\/cosyowl.com\/sv\/wp-json\/wp\/v2\/types\/product"}],"replies":[{"embeddable":true,"href":"https:\/\/cosyowl.com\/sv\/wp-json\/wp\/v2\/comments?post=10436"}],"wp:featuredmedia":[{"embeddable":true,"href":"https:\/\/cosyowl.com\/sv\/wp-json\/wp\/v2\/media\/11953"}],"wp:attachment":[{"href":"https:\/\/cosyowl.com\/sv\/wp-json\/wp\/v2\/media?parent=10436"}],"wp:term":[{"taxonomy":"product_brand","embeddable":true,"href":"https:\/\/cosyowl.com\/sv\/wp-json\/wp\/v2\/product_brand?post=10436"},{"taxonomy":"product_cat","embeddable":true,"href":"https:\/\/cosyowl.com\/sv\/wp-json\/wp\/v2\/product_cat?post=10436"},{"taxonomy":"product_tag","embeddable":true,"href":"https:\/\/cosyowl.com\/sv\/wp-json\/wp\/v2\/product_tag?post=10436"}],"curies":[{"name":"wp","href":"https:\/\/api.w.org\/{rel}","templated":true}]}}