{"id":10431,"date":"2021-10-01T06:05:00","date_gmt":"2021-10-01T05:05:00","guid":{"rendered":"https:\/\/cosyowl.com\/product\/uncategorized\/import-placeholder-for-tcdl-clid-bowl-nkrn-s30cl-292"},"modified":"2026-03-03T13:44:31","modified_gmt":"2026-03-03T13:44:31","slug":"metallock-for-30cl-behallare","status":"publish","type":"product","link":"https:\/\/cosyowl.com\/sv\/candle-making-supplies\/candle-containers\/candle-glasses\/metal-lid-for-30cl-container","title":{"rendered":"Metallock f\u00f6r 30cl beh\u00e5llare"},"content":{"rendered":"<p>Metallock f\u00f6r 30 cl beh\u00e5llare, finns i <a href=\"https:\/\/cosyowl.com\/sv\/candle-making-supplies\/candle-containers\/other-containers\/wax-melt-christmas-tree-mould-3\">3<\/a> f\u00e4rger - silver, koppar och m\u00e4ssing. Observera att dessa lock inte har n\u00e5gon integrerad silikont\u00e4tning.<\/p>\n<p>Yttre m\u00e5tt - H10 mm x B85 mm<\/p>\n<p>Inv\u00e4ndiga m\u00e5tt - H8mm x B83mm<\/p>","protected":false},"excerpt":{"rendered":"<p>Metallock f\u00f6r 30 cl beh\u00e5llare, finns i 3 f\u00e4rger - silver, koppar och m\u00e4ssing. Observera att dessa lock inte har n\u00e5gon integrerad silikont\u00e4tning. Ytterm\u00e5tt - H10 mm x B85 mm Innerm\u00e5tt - H8 mm x B83 mm<\/p>","protected":false},"featured_media":53718,"comment_status":"open","ping_status":"closed","template":"","meta":{"_acf_changed":false},"product_brand":[],"product_cat":[527,501],"product_tag":[924],"class_list":{"0":"post-10431","1":"product","2":"type-product","3":"status-publish","4":"has-post-thumbnail","6":"product_cat-candle-glasses","7":"product_cat-metal-containers","8":"product_tag-lid","9":"product_shipping_class-royal_mail","11":"first","12":"instock","13":"taxable","14":"shipping-taxable","15":"purchasable","16":"product-type-variable"},"acf":[],"_links":{"self":[{"href":"https:\/\/cosyowl.com\/sv\/wp-json\/wp\/v2\/product\/10431","targetHints":{"allow":["GET"]}}],"collection":[{"href":"https:\/\/cosyowl.com\/sv\/wp-json\/wp\/v2\/product"}],"about":[{"href":"https:\/\/cosyowl.com\/sv\/wp-json\/wp\/v2\/types\/product"}],"replies":[{"embeddable":true,"href":"https:\/\/cosyowl.com\/sv\/wp-json\/wp\/v2\/comments?post=10431"}],"wp:featuredmedia":[{"embeddable":true,"href":"https:\/\/cosyowl.com\/sv\/wp-json\/wp\/v2\/media\/53718"}],"wp:attachment":[{"href":"https:\/\/cosyowl.com\/sv\/wp-json\/wp\/v2\/media?parent=10431"}],"wp:term":[{"taxonomy":"product_brand","embeddable":true,"href":"https:\/\/cosyowl.com\/sv\/wp-json\/wp\/v2\/product_brand?post=10431"},{"taxonomy":"product_cat","embeddable":true,"href":"https:\/\/cosyowl.com\/sv\/wp-json\/wp\/v2\/product_cat?post=10431"},{"taxonomy":"product_tag","embeddable":true,"href":"https:\/\/cosyowl.com\/sv\/wp-json\/wp\/v2\/product_tag?post=10431"}],"curies":[{"name":"wp","href":"https:\/\/api.w.org\/{rel}","templated":true}]}}