{"id":10424,"date":"2021-01-10T06:04:00","date_gmt":"2021-01-10T06:04:00","guid":{"rendered":"https:\/\/cosyowl.com\/product\/uncategorized\/glass-container-100ml-diffuser-cube"},"modified":"2026-03-03T13:44:29","modified_gmt":"2026-03-03T13:44:29","slug":"glasbehallare-100ml-diffusor-kub","status":"publish","type":"product","link":"https:\/\/cosyowl.com\/sv\/craft-supplies\/reed-diffuser-supplies\/reed-diffuser-bottles\/glass-container-100ml-diffuser-cube","title":{"rendered":"Glasbeh\u00e5llare - 100ml Diffuser Cube"},"content":{"rendered":"<p>\u2018<\/p>\n<p>Detta \u00e4r en snygg och stark <a href=\"https:\/\/cosyowl.com\/sv\/craft-supplies\/reed-diffuser-supplies\/reed-diffuser-bottles\/glass-container-200ml-karen-diffuser-bottle\">glasbeh\u00e5llare<\/a> l\u00e4mplig f\u00f6r att h\u00e5lla upp till 100 ml doft. Som du kan se av dess utseende har den en <a href=\"https:\/\/cosyowl.com\/sv\/fragrance-oils\/coffee\">robust<\/a> kubform. Anv\u00e4nd dig av v\u00e5r <a href=\"https:\/\/cosyowl.com\/sv\/guides\/2023-spring-fragrance-oil-trends\">doftoljor<\/a> f\u00f6r att skapa en fantastisk doft som fyller alla bostadsutrymmen.<\/p>\n<p><strong>Storlek <\/strong> Bredd\/Djup: 59mm H\u00f6jd: 77mm med skruvlock.<\/p>","protected":false},"excerpt":{"rendered":"<p>\u2018Det h\u00e4r \u00e4r en snygg och stark glasbeh\u00e5llare som rymmer upp till 100 ml doft. Som du kan se av dess utseende har den en robust kubform. Anv\u00e4nd v\u00e5ra doftoljor f\u00f6r att skapa en fantastisk doft som fyller alla utrymmen. Storlek - Bredd\/Djup: 59mm H\u00f6jd: 77mm med skruvlock.<\/p>","protected":false},"featured_media":11943,"comment_status":"open","ping_status":"closed","template":"","meta":{"_acf_changed":false},"product_brand":[],"product_cat":[650],"product_tag":[921],"class_list":{"0":"post-10424","1":"product","2":"type-product","3":"status-publish","4":"has-post-thumbnail","6":"product_cat-reed-diffusers-bottles","7":"product_tag-glass-container","8":"product_shipping_class-royal_mail","10":"first","11":"instock","12":"taxable","13":"shipping-taxable","14":"purchasable","15":"product-type-simple"},"acf":[],"_links":{"self":[{"href":"https:\/\/cosyowl.com\/sv\/wp-json\/wp\/v2\/product\/10424","targetHints":{"allow":["GET"]}}],"collection":[{"href":"https:\/\/cosyowl.com\/sv\/wp-json\/wp\/v2\/product"}],"about":[{"href":"https:\/\/cosyowl.com\/sv\/wp-json\/wp\/v2\/types\/product"}],"replies":[{"embeddable":true,"href":"https:\/\/cosyowl.com\/sv\/wp-json\/wp\/v2\/comments?post=10424"}],"wp:featuredmedia":[{"embeddable":true,"href":"https:\/\/cosyowl.com\/sv\/wp-json\/wp\/v2\/media\/11943"}],"wp:attachment":[{"href":"https:\/\/cosyowl.com\/sv\/wp-json\/wp\/v2\/media?parent=10424"}],"wp:term":[{"taxonomy":"product_brand","embeddable":true,"href":"https:\/\/cosyowl.com\/sv\/wp-json\/wp\/v2\/product_brand?post=10424"},{"taxonomy":"product_cat","embeddable":true,"href":"https:\/\/cosyowl.com\/sv\/wp-json\/wp\/v2\/product_cat?post=10424"},{"taxonomy":"product_tag","embeddable":true,"href":"https:\/\/cosyowl.com\/sv\/wp-json\/wp\/v2\/product_tag?post=10424"}],"curies":[{"name":"wp","href":"https:\/\/api.w.org\/{rel}","templated":true}]}}