{"id":10423,"date":"2021-01-10T06:04:00","date_gmt":"2021-01-10T06:04:00","guid":{"rendered":"https:\/\/cosyowl.com\/product\/uncategorized\/glass-container-5cl-gabrielle"},"modified":"2026-03-03T13:44:29","modified_gmt":"2026-03-03T13:44:29","slug":"glasbehallare-5cl-gabrielle","status":"publish","type":"product","link":"https:\/\/cosyowl.com\/sv\/candle-making-supplies\/candle-containers\/candle-glasses\/glass-candle-container-5cl-gabrielle","title":{"rendered":"Ljusbeh\u00e5llare i glas - 5cl Gabrielle"},"content":{"rendered":"<p>\u2018<\/p>\n<p>Detta \u00e4r en stark v\u00e4rmebest\u00e4ndig <a href=\"https:\/\/cosyowl.com\/sv\/craft-supplies\/reed-diffuser-supplies\/reed-diffuser-bottles\/glass-container-200ml-karen-diffuser-bottle\">glasbeh\u00e5llare<\/a> l\u00e4mplig f\u00f6r tillverkning av sm\u00e5 ljus. Som du kan se av dess utseende har den en <a href=\"https:\/\/cosyowl.com\/sv\/candle-tins\/silver-round-candle-tin-with-window-lid-50ml\">liten<\/a> rund form. Anv\u00e4nd dig av v\u00e5r <a href=\"https:\/\/cosyowl.com\/sv\/guides\/2023-spring-fragrance-oil-trends\">doftoljor<\/a> f\u00f6r att skapa en fantastisk doft som f\u00f6rst\u00e4rker k\u00e4nslan.<\/p>\n<p><strong>Storlek <\/strong> Diameter p\u00e5 det bredaste st\u00e4llet: 45 mm H\u00f6jd: 53 mm<\/p>\n<p>5Cl Gabrielle rymmer ca 40 g vax*.<\/p>\n<p>Observera att f\u00f6rv\u00e4rmning av glasbeh\u00e5llaren till ca 45\u00b0C kan bidra till att minska risken f\u00f6r att fel uppst\u00e5r i din <a href=\"https:\/\/cosyowl.com\/sv\/guides\/a-summers-beach-gel-votive-candle\">ljus<\/a> n\u00e4r den stelnar.<\/p>\n<h3>Rekommendationer f\u00f6r Wick**<\/h3>\n<table class=\"notesTableBorder\">\n<tbody>\n<tr>\n<th>Kerasoy-vax (soja)<\/th>\n<th>Kerawax (paraffin)<\/th>\n<th>B\u00e5de soja och paraffin<\/th>\n<th>Flera veken <a href=\"https:\/\/cosyowl.com\/sv\/guides\/using-cotton-wicks-with-soyaluna-container-wax-recommendations\">rekommendationer<\/a><\/th>\n<\/tr>\n<tr>\n<td>ECO 0,5<\/td>\n<td>LX 10<\/td>\n<td>TCR 21\/12<\/td>\n<td>N\/A<\/td>\n<\/tr>\n<tr>\n<td>ECO 0,75<\/td>\n<td>LX 12<\/td>\n<td>TCR 24\/12<\/td>\n<td>N\/A<\/td>\n<\/tr>\n<\/tbody>\n<\/table>\n<p>*Observera att den rekommenderade m\u00e4ngden vax \u00e4r en <a href=\"https:\/\/cosyowl.com\/sv\/guides\/a-guide-to-creating-your-own-soap-products\">guide<\/a> och baseras p\u00e5 maxkapaciteten f\u00f6r den specifika beh\u00e5llaren. Det \u00e4r d\u00e4rf\u00f6r m\u00f6jligt att anv\u00e4nda mindre vax, men vi rekommenderar inte att man \u00f6verskrider den maximala kapaciteten. Vi rekommenderar att du anv\u00e4nder de angivna m\u00e4ngderna vax endast som en utg\u00e5ngspunkt och justerar dessa <a href=\"https:\/\/cosyowl.com\/sv\/guides\/weighing-fragrance\">m\u00e4tningar<\/a> enligt dina preferenser.<\/p>\n<p>**Observera att alla rekommendationer f\u00f6r veken endast baseras p\u00e5 anv\u00e4ndning med v\u00e5rt vax. Den minsta <a href=\"https:\/\/cosyowl.com\/sv\/guides\/candle-wick-size-chart\">Wick storlek<\/a> rekommenderas endast f\u00f6r anv\u00e4ndning med vax. Den st\u00f6rsta Wick-storlek som rekommenderas \u00e4r f\u00f6r anv\u00e4ndning n\u00e4r <a href=\"https:\/\/cosyowl.com\/sv\/candle-making-supplies\/fragrance-oils-for-candle-making\/premium-fragrance-oils\/cosy-owl-premium-1-million-type-fragrance-oil\">Doftolja<\/a> och\/eller f\u00e4rg\u00e4mne \u00e4r n\u00e4rvarande. All information som tillhandah\u00e5lls ska endast anv\u00e4ndas som en guide f\u00f6r att hj\u00e4lpa till att hitta en utg\u00e5ngspunkt n\u00e4r du experimenterar med vekar eftersom varierande temperaturer och doftoljor p\u00e5verkar hur bra en veke lyckas.<\/p>","protected":false},"excerpt":{"rendered":"<p>&#8216; This is a strong heat-resistant glass container suitable for making small sized candles. As you can see from its appearance it has a petite round shape. Make use of our fragrance oils to create a tremendous aroma to augment the sensation. Size &#8211; Diameter at its widest: 45mm Height: 53mm The 5Cl Gabrielle will [&hellip;]<\/p>\n","protected":false},"featured_media":96521,"comment_status":"open","ping_status":"closed","template":"","meta":{"_acf_changed":false},"product_brand":[],"product_cat":[527],"product_tag":[921],"class_list":{"0":"post-10423","1":"product","2":"type-product","3":"status-publish","4":"has-post-thumbnail","6":"product_cat-candle-glasses","7":"product_tag-glass-container","8":"product_shipping_class-royal_mail","10":"first","11":"instock","12":"taxable","13":"shipping-taxable","14":"purchasable","15":"product-type-simple"},"acf":[],"_links":{"self":[{"href":"https:\/\/cosyowl.com\/sv\/wp-json\/wp\/v2\/product\/10423","targetHints":{"allow":["GET"]}}],"collection":[{"href":"https:\/\/cosyowl.com\/sv\/wp-json\/wp\/v2\/product"}],"about":[{"href":"https:\/\/cosyowl.com\/sv\/wp-json\/wp\/v2\/types\/product"}],"replies":[{"embeddable":true,"href":"https:\/\/cosyowl.com\/sv\/wp-json\/wp\/v2\/comments?post=10423"}],"wp:featuredmedia":[{"embeddable":true,"href":"https:\/\/cosyowl.com\/sv\/wp-json\/wp\/v2\/media\/96521"}],"wp:attachment":[{"href":"https:\/\/cosyowl.com\/sv\/wp-json\/wp\/v2\/media?parent=10423"}],"wp:term":[{"taxonomy":"product_brand","embeddable":true,"href":"https:\/\/cosyowl.com\/sv\/wp-json\/wp\/v2\/product_brand?post=10423"},{"taxonomy":"product_cat","embeddable":true,"href":"https:\/\/cosyowl.com\/sv\/wp-json\/wp\/v2\/product_cat?post=10423"},{"taxonomy":"product_tag","embeddable":true,"href":"https:\/\/cosyowl.com\/sv\/wp-json\/wp\/v2\/product_tag?post=10423"}],"curies":[{"name":"wp","href":"https:\/\/api.w.org\/{rel}","templated":true}]}}