{"id":10413,"date":"2021-01-10T06:04:00","date_gmt":"2021-01-10T06:04:00","guid":{"rendered":"https:\/\/cosyowl.com\/product\/uncategorized\/kerasoy-4120-pillar-wax"},"modified":"2026-04-09T14:06:26","modified_gmt":"2026-04-09T13:06:26","slug":"kerasoy-4120-pelarvax","status":"publish","type":"product","link":"https:\/\/cosyowl.com\/sv\/candle-making-supplies\/candle-wax\/soy-wax\/kerasoy-4120-pillar-wax","title":{"rendered":"KeraSoy 4120 Vax f\u00f6r pelare"},"content":{"rendered":"<p>Detta brittiskt producerade sojavax 100% \u00e4r oerh\u00f6rt sl\u00e4tt i textur och utseende; \u00e4r <a href=\"https:\/\/cosyowl.com\/sv\/candle-making-supplies\/glitters\/apple-green-biodegradable\">biologiskt nedbrytbar<\/a> och veganv\u00e4nligt och denna formulering \u00e4r s\u00e4rskilt utvecklad f\u00f6r tillverkning av pelarvaxljus. Detta sojavax kr\u00e4ver inga tillsatser, f\u00f6rutom doft och f\u00e4rg som kan k\u00f6pas separat p\u00e5 <a href=\"https:\/\/cosyowl.com\/sv\/\">Mysig uggla<\/a>. N\u00e4r du k\u00f6per vekar till dina sojavaxpelarljus, var medveten om att som en del av gruppen av <a href=\"https:\/\/cosyowl.com\/sv\/candle-making-supplies\/fragrance-oils-for-candle-making\/all-fragrances\/honey-fragrance-oil\">Naturligt<\/a> vaxer som finns p\u00e5 marknaden, beh\u00f6vs en n\u00e5got st\u00f6rre veke j\u00e4mf\u00f6rt med den som du skulle anv\u00e4nda med <a href=\"https:\/\/cosyowl.com\/sv\/guides\/the-truth-about-paraffin-wax-being-vegan-friendly\">paraffinvax<\/a>. KeraSoy Pillar wax har utformats f\u00f6r doft i niv\u00e5er mellan 5 - 10%.<\/p>\n<p>N\u00e4r sojavax sm\u00e4lts ger processen st\u00f6rre flexibilitet \u00e4n med andra vaxer. Tillf\u00e4lligt h\u00f6ga temperaturer (upp till 90\u00b0C) har ingen negativ effekt s\u00e5 l\u00e4nge vaxet snabbt kyls ned igen. H\u00f6gre temperaturer kan dock leda till att vaxet missf\u00e4rgas. L\u00e5t vaxet ligga <a href=\"https:\/\/cosyowl.com\/sv\/candle-making-supplies\/glitters\/lake-blue-biodegradable\">cool<\/a> till \u00f6nskad h\u00e4lltemperatur, tills\u00e4tt doft\u00e4mnet och blanda v\u00e4l. Var noga med att r\u00f6ra om\/blanda vaxet under sm\u00e4ltningen. Om du anv\u00e4nder metallformar, undvik s\u00e5dana som inneh\u00e5ller koppar och zink eftersom detta kan p\u00e5skynda missf\u00e4rgning - rostfritt st\u00e5l \u00e4r det material som v\u00e4ljs, \u00e4ven om mjukt st\u00e5l kan accepteras.<br \/>\nKeraSoy Pillar-vax \u00e4r formulerat f\u00f6r att bara kr\u00e4va en enda h\u00e4ll till skillnad fr\u00e5n andra vaxer, \u00e4ven om det f\u00f6r vissa stora pelare kan kr\u00e4vas en liten p\u00e5fyllning f\u00f6r att uppn\u00e5 b\u00e4sta <a href=\"https:\/\/cosyowl.com\/sv\/guides\/a-summers-beach-gel-votive-candle\">ljus<\/a> yta. En liten m\u00e4ngd sojavax med en n\u00e5got varmare temperatur \u00e4n den som ljuset h\u00e4lldes i kan anv\u00e4ndas f\u00f6r att fylla p\u00e5 ljuset innan ljuset har svalnat helt (om du h\u00e4ller p\u00e5 n\u00e4r ljuset har svalnat helt kan det leda till att vidh\u00e4ftningen till pelaren minskar).<\/p>\n<p>Sojan som anv\u00e4nds i Kerasoys vaxer kommer fr\u00e5n Nordamerika och Brasilien fr\u00e5n etiska och icke-genetiskt modifierade k\u00e4llor. En fullst\u00e4ndig granskning av leveranskedjan har genomf\u00f6rts och endast etiska leverant\u00f6rer har valts som inte bidrar till skogsavverkning.<\/p>\n<p>Den prim\u00e4ra best\u00e5ndsdelen i detta vax \u00e4r soja, men f\u00f6r att f\u00e5 de utm\u00e4rkta prestandaegenskaperna blandas det med prestandaf\u00f6rb\u00e4ttrande tillsatser, huvudsakligen fr\u00e5n vegetabiliska material men med tillsats av sterinsyra. Om produkten var 100% sojavax skulle den inte fungera bra f\u00f6r <a href=\"https:\/\/cosyowl.com\/sv\/guides\/how-to-make-a-candle\">tillverkning av ljus<\/a>.<\/p>\n<p>Produkter som tillverkas med denna produkt kan beskrivas som huds\u00e4kra, dermatologiskt testade och kliniskt testade, f\u00f6rutsatt att eventuella tillsatser ocks\u00e5 uppfyller dessa kriterier.<\/p>","protected":false},"excerpt":{"rendered":"<p>This UK produced 100% soy wax is tremendously smooth in texture and appearance; is biodegradable and vegan friendly and this formulation is specifically developed for making pillar wax candles. This Soy Wax does not require additives, other than fragrance and colour which can be purchased separately on Cosy Owl. When purchasing wicks for your soy [&hellip;]<\/p>\n","protected":false},"featured_media":53315,"comment_status":"open","ping_status":"closed","template":"","meta":{"_acf_changed":false},"product_brand":[],"product_cat":[528,495],"product_tag":[928],"class_list":{"0":"post-10413","1":"product","2":"type-product","3":"status-publish","4":"has-post-thumbnail","6":"product_cat-soy-wax","7":"product_cat-wax-melts-wax","8":"product_tag-wax","10":"first","11":"instock","12":"taxable","13":"shipping-taxable","14":"purchasable","15":"product-type-variable"},"acf":[],"_links":{"self":[{"href":"https:\/\/cosyowl.com\/sv\/wp-json\/wp\/v2\/product\/10413","targetHints":{"allow":["GET"]}}],"collection":[{"href":"https:\/\/cosyowl.com\/sv\/wp-json\/wp\/v2\/product"}],"about":[{"href":"https:\/\/cosyowl.com\/sv\/wp-json\/wp\/v2\/types\/product"}],"replies":[{"embeddable":true,"href":"https:\/\/cosyowl.com\/sv\/wp-json\/wp\/v2\/comments?post=10413"}],"wp:featuredmedia":[{"embeddable":true,"href":"https:\/\/cosyowl.com\/sv\/wp-json\/wp\/v2\/media\/53315"}],"wp:attachment":[{"href":"https:\/\/cosyowl.com\/sv\/wp-json\/wp\/v2\/media?parent=10413"}],"wp:term":[{"taxonomy":"product_brand","embeddable":true,"href":"https:\/\/cosyowl.com\/sv\/wp-json\/wp\/v2\/product_brand?post=10413"},{"taxonomy":"product_cat","embeddable":true,"href":"https:\/\/cosyowl.com\/sv\/wp-json\/wp\/v2\/product_cat?post=10413"},{"taxonomy":"product_tag","embeddable":true,"href":"https:\/\/cosyowl.com\/sv\/wp-json\/wp\/v2\/product_tag?post=10413"}],"curies":[{"name":"wp","href":"https:\/\/api.w.org\/{rel}","templated":true}]}}