{"id":10386,"date":"2021-01-10T06:04:00","date_gmt":"2021-01-10T06:04:00","guid":{"rendered":"https:\/\/cosyowl.com\/product\/uncategorized\/import-placeholder-for-tcdl-cwax-bker-n4130-cscp-271"},"modified":"2026-04-09T14:05:05","modified_gmt":"2026-04-09T13:05:05","slug":"kerasoy-4130-vax-for-behallare","status":"publish","type":"product","link":"https:\/\/cosyowl.com\/sv\/candle-making-supplies\/candle-wax\/soy-wax\/kerasoy-4130-container-wax","title":{"rendered":"KeraSoy 4130 Vax f\u00f6r beh\u00e5llare"},"content":{"rendered":"<p>Detta brittiskt producerade sojavax 100% \u00e4r oerh\u00f6rt sl\u00e4tt i textur och utseende; \u00e4r <a href=\"https:\/\/cosyowl.com\/sv\/candle-making-supplies\/glitters\/apple-green-biodegradable\">biologiskt nedbrytbar<\/a> och veganv\u00e4nlig och denna formulering \u00e4r speciellt utvecklad f\u00f6r tillverkning av vaxljus i beh\u00e5llare. Detta sojavax kr\u00e4ver inga tillsatser, f\u00f6rutom doft och f\u00e4rg som kan k\u00f6pas separat p\u00e5 <a href=\"https:\/\/cosyowl.com\/sv\/\">Mysig uggla<\/a>. N\u00e4r du k\u00f6per vekar till dina sojavaxbeh\u00e5llarljus, var medveten om att som en del av gruppen <a href=\"https:\/\/cosyowl.com\/sv\/candle-making-supplies\/fragrance-oils-for-candle-making\/all-fragrances\/honey-fragrance-oil\">Naturligt<\/a> vaxer som finns p\u00e5 marknaden, beh\u00f6vs en n\u00e5got st\u00f6rre veke j\u00e4mf\u00f6rt med den som du skulle anv\u00e4nda med <a href=\"https:\/\/cosyowl.com\/sv\/guides\/the-truth-about-paraffin-wax-being-vegan-friendly\">paraffinvax<\/a>. KeraSoy containervax har utformats f\u00f6r doft i niv\u00e5er mellan 10 - 12%.<\/p>\n<p>H\u00e4lltemperaturen f\u00f6r sojavax till beh\u00e5llare kan variera beroende p\u00e5 typ och storlek av form, doft- och f\u00e4rg\u00e4mnen som anv\u00e4nds och de effekter du \u00f6nskar. St\u00f6rre vidh\u00e4ftning till beh\u00e5llare kan uppn\u00e5s genom att h\u00e4lla vid en temperatur n\u00e4ra sammanfogningspunkten (ca 45-55\u00b0C). Parfym b\u00f6r tills\u00e4ttas och blandas omedelbart f\u00f6re h\u00e4llning d\u00e4r det \u00e4r praktiskt. Om du upplever problem med h\u00e4lltemperaturen kan du prova en l\u00e4gre eller h\u00f6gre temperatur i steg om 5-10\u00b0C. \u00d6verv\u00e4g att h\u00e4lla i f\u00f6ruppv\u00e4rmda formar f\u00f6r b\u00e4ttre vidh\u00e4ftning till glasbeh\u00e5llare.<br \/>\nKeraSoy containervax \u00e4r formulerat s\u00e5 att det till skillnad fr\u00e5n andra vaxer endast kr\u00e4ver en enda h\u00e4llning, \u00e4ven om det f\u00f6r vissa st\u00f6rre containrar kan kr\u00e4vas en liten p\u00e5fyllning f\u00f6r att uppn\u00e5 b\u00e4sta <a href=\"https:\/\/cosyowl.com\/sv\/guides\/a-summers-beach-gel-votive-candle\">ljus<\/a> yta. En liten m\u00e4ngd sojavax med en n\u00e5got varmare temperatur \u00e4n ljuset h\u00e4lldes i kan anv\u00e4ndas f\u00f6r att fylla p\u00e5 ljuset innan ljuset \u00e4r helt f\u00e4rdigt. <a href=\"https:\/\/cosyowl.com\/sv\/candle-making-supplies\/glitters\/lake-blue-biodegradable\">cool<\/a> (Om man h\u00e4ller p\u00e5fyllningen n\u00e4r ljuset \u00e4r helt kallt kan det leda till att vidh\u00e4ftningen till beh\u00e5llaren minskar).<\/p>\n<p>Sojan som anv\u00e4nds i Kerasoys vaxer kommer fr\u00e5n Nordamerika och Brasilien fr\u00e5n etiska och icke-genetiskt modifierade k\u00e4llor. En fullst\u00e4ndig granskning av leveranskedjan har genomf\u00f6rts och endast etiska leverant\u00f6rer har valts som inte bidrar till skogsavverkning.<\/p>\n<p>Den prim\u00e4ra best\u00e5ndsdelen i detta vax \u00e4r soja, men f\u00f6r att f\u00e5 de utm\u00e4rkta prestandaegenskaperna blandas det med prestandaf\u00f6rb\u00e4ttrande tillsatser, huvudsakligen fr\u00e5n vegetabiliska material, men med tillsats av sterinsyra. Om produkten var 100% sojavax skulle den inte fungera bra f\u00f6r <a href=\"https:\/\/cosyowl.com\/sv\/guides\/how-to-make-a-candle\">tillverkning av ljus<\/a>.<\/p>\n<p>Produkter som tillverkas med denna produkt kan beskrivas som huds\u00e4kra, dermatologiskt testade och kliniskt testade, f\u00f6rutsatt att eventuella tillsatser ocks\u00e5 uppfyller dessa kriterier.<\/p>","protected":false},"excerpt":{"rendered":"<p>This UK produced 100% soy wax is tremendously smooth in texture and appearance; is biodegradable and vegan friendly and this formulation is specifically developed for making container wax candles. This Soy Wax does not require additives, other than fragrance and colour which can be purchased separately on Cosy Owl. When purchasing wicks for your soy [&hellip;]<\/p>\n","protected":false},"featured_media":53316,"comment_status":"open","ping_status":"closed","template":"","meta":{"_acf_changed":false},"product_brand":[],"product_cat":[528],"product_tag":[928],"class_list":{"0":"post-10386","1":"product","2":"type-product","3":"status-publish","4":"has-post-thumbnail","6":"product_cat-soy-wax","7":"product_tag-wax","9":"first","10":"instock","11":"taxable","12":"shipping-taxable","13":"purchasable","14":"product-type-variable"},"acf":[],"_links":{"self":[{"href":"https:\/\/cosyowl.com\/sv\/wp-json\/wp\/v2\/product\/10386","targetHints":{"allow":["GET"]}}],"collection":[{"href":"https:\/\/cosyowl.com\/sv\/wp-json\/wp\/v2\/product"}],"about":[{"href":"https:\/\/cosyowl.com\/sv\/wp-json\/wp\/v2\/types\/product"}],"replies":[{"embeddable":true,"href":"https:\/\/cosyowl.com\/sv\/wp-json\/wp\/v2\/comments?post=10386"}],"wp:featuredmedia":[{"embeddable":true,"href":"https:\/\/cosyowl.com\/sv\/wp-json\/wp\/v2\/media\/53316"}],"wp:attachment":[{"href":"https:\/\/cosyowl.com\/sv\/wp-json\/wp\/v2\/media?parent=10386"}],"wp:term":[{"taxonomy":"product_brand","embeddable":true,"href":"https:\/\/cosyowl.com\/sv\/wp-json\/wp\/v2\/product_brand?post=10386"},{"taxonomy":"product_cat","embeddable":true,"href":"https:\/\/cosyowl.com\/sv\/wp-json\/wp\/v2\/product_cat?post=10386"},{"taxonomy":"product_tag","embeddable":true,"href":"https:\/\/cosyowl.com\/sv\/wp-json\/wp\/v2\/product_tag?post=10386"}],"curies":[{"name":"wp","href":"https:\/\/api.w.org\/{rel}","templated":true}]}}