{"id":10024,"date":"2021-01-10T06:00:00","date_gmt":"2021-01-10T06:00:00","guid":{"rendered":"https:\/\/cosyowl.com\/product\/uncategorized\/import-placeholder-for-tcdl-cwik-bwed-ctl-212"},"modified":"2026-05-01T13:08:49","modified_gmt":"2026-05-01T12:08:49","slug":"varmeljusveke-tl15-40mm-lang","status":"publish","type":"product","link":"https:\/\/cosyowl.com\/sv\/candle-wicks\/tealight-wick-tl15","title":{"rendered":"Wick till v\u00e4rmeljusljus (TL15) - 40 mm l\u00e5ng"},"content":{"rendered":"<p><a href=\"https:\/\/cosyowl.com\/sv\/\">Mysig uggla<\/a> levererar Wedo-veke (inbyggd i b\u00e4rare) f\u00f6r anv\u00e4ndning vid tillverkning av v\u00e4rmeljus. TL-serien \u00e4r speciellt framtagen f\u00f6r detta \u00e4ndam\u00e5l. Vekarna har en k\u00e4rnl\u00f6s konstruktion med stabila tr\u00e5dar f\u00f6r att ge den h\u00f6ga strukturella styrka som kr\u00e4vs b\u00e5de vid tillverkning av v\u00e4rmeljus och vid br\u00e4nning. F\u00f6rutom fl\u00e4ttekniken anv\u00e4nds n\u00e5gra av de tunnaste ringspunna bomullstr\u00e5dar av h\u00f6g kvalitet som finns tillg\u00e4ngliga, f\u00f6r att hj\u00e4lpa v\u00e5ra kunder att n\u00e5 de niv\u00e5er av konsekvens och precision som kr\u00e4vs i <a href=\"https:\/\/cosyowl.com\/sv\/privacy\">Villkor<\/a> av f\u00f6rbrukningshastigheter och flamstorlekar etc som kr\u00e4vs av dagens v\u00e4rmeljusmarknad.<\/p>\n<p>Denna T-Light-veke \u00e4r 40 mm l\u00e5ng och passar f\u00f6r beh\u00e5llare med en bredd p\u00e5 upp till 38 mm. Wedos veken kombinerar veken av h\u00f6gsta kvalitet, toppmodern fl\u00e4tnings- och spolningsteknik samt bepr\u00f6vade, testade och <a href=\"https:\/\/cosyowl.com\/sv\/finance-accepted\">godk\u00e4nd<\/a> kemiska behandlingar f\u00f6r att ge den renaste och s\u00e4kraste m\u00f6jliga f\u00f6rbr\u00e4nningen av materialen i fr\u00e5ga. Materialen och processerna s\u00e4kerst\u00e4ller ocks\u00e5 en konsekvent produkt <a href=\"https:\/\/cosyowl.com\/sv\/candle-wicks\/wedo-lx-wick-raw\">kvalitet<\/a> fr\u00e5n b\u00f6rjan till slut och fr\u00e5n batch till batch. Den sj\u00e4lvtrimmande veken minimerar eller eliminerar bildandet av kolavlagringar och minskar kraftigt eftergl\u00f6den.<\/p>\n<p>Som ackrediterad leverant\u00f6r tillverkar Wedo endast vekar som uppfyller de str\u00e4nga kraven i den europeiska kvalitetsm\u00e4rkningen RAL GZ 041. Wedo \u00e4r certifierat enligt EN ISO 9001:2008.<\/p>","protected":false},"excerpt":{"rendered":"<p>Cosy Owl supplies Wedo wick (incorporated into sustainers) for use with the making of tealights. The TL series is designed specifically for this purpose. The wicks have a coreless construction with stability threads to provide the high level of structural strength required both during tealight manufacture and burning. In addition to the braiding technique, some [&hellip;]<\/p>\n","protected":false},"featured_media":11930,"comment_status":"open","ping_status":"closed","template":"","meta":{"_acf_changed":false},"product_brand":[],"product_cat":[499],"product_tag":[946],"class_list":{"0":"post-10024","1":"product","2":"type-product","3":"status-publish","4":"has-post-thumbnail","6":"product_cat-candle-wicks","7":"product_tag-tea-light-wicks","9":"first","10":"instock","11":"taxable","12":"shipping-taxable","13":"purchasable","14":"product-type-variable"},"acf":[],"_links":{"self":[{"href":"https:\/\/cosyowl.com\/sv\/wp-json\/wp\/v2\/product\/10024","targetHints":{"allow":["GET"]}}],"collection":[{"href":"https:\/\/cosyowl.com\/sv\/wp-json\/wp\/v2\/product"}],"about":[{"href":"https:\/\/cosyowl.com\/sv\/wp-json\/wp\/v2\/types\/product"}],"replies":[{"embeddable":true,"href":"https:\/\/cosyowl.com\/sv\/wp-json\/wp\/v2\/comments?post=10024"}],"wp:featuredmedia":[{"embeddable":true,"href":"https:\/\/cosyowl.com\/sv\/wp-json\/wp\/v2\/media\/11930"}],"wp:attachment":[{"href":"https:\/\/cosyowl.com\/sv\/wp-json\/wp\/v2\/media?parent=10024"}],"wp:term":[{"taxonomy":"product_brand","embeddable":true,"href":"https:\/\/cosyowl.com\/sv\/wp-json\/wp\/v2\/product_brand?post=10024"},{"taxonomy":"product_cat","embeddable":true,"href":"https:\/\/cosyowl.com\/sv\/wp-json\/wp\/v2\/product_cat?post=10024"},{"taxonomy":"product_tag","embeddable":true,"href":"https:\/\/cosyowl.com\/sv\/wp-json\/wp\/v2\/product_tag?post=10024"}],"curies":[{"name":"wp","href":"https:\/\/api.w.org\/{rel}","templated":true}]}}