{"id":10023,"date":"2021-01-10T06:00:00","date_gmt":"2021-01-10T06:00:00","guid":{"rendered":"https:\/\/cosyowl.com\/product\/uncategorized\/import-placeholder-for-tcdl-csus-bwed-c20x3-211"},"modified":"2026-03-03T13:43:55","modified_gmt":"2026-03-03T13:43:55","slug":"vekehallare-20-mm-bas-3-mm-hojd","status":"publish","type":"product","link":"https:\/\/cosyowl.com\/sv\/candle-wicks\/wick-sustainers-20mm-3mm","title":{"rendered":"H\u00e5llare f\u00f6r ljusvekar - 20 mm bas - 3 mm h\u00f6jd"},"content":{"rendered":"<p>Wick Sustainers (\u00e4ven kallade metallflikar) kr\u00e4vs f\u00f6r att h\u00e5lla veken p\u00e5 plats i botten av den v\u00e4rmet\u00e5liga beh\u00e5llaren och hindrar veken fr\u00e5n att flyta upp till ytan av beh\u00e5llaren. <a href=\"https:\/\/cosyowl.com\/sv\/guides\/a-summers-beach-gel-votive-candle\">ljus<\/a> n\u00e4r du h\u00e4ller i det sm\u00e4lta vaxet. Anv\u00e4nd veken genom att krympa den och placera den i h\u00e5let i h\u00e5llaren - om du tycker att det \u00e4r sv\u00e5rt kan du prova att anv\u00e4nda sm\u00e5 plymer. Du kan ocks\u00e5 anv\u00e4nda en liten m\u00e4ngd lim som du placerar i h\u00e5let i f\u00f6rv\u00e4g och sedan l\u00e5ter det stelna med veken p\u00e5 plats.<\/p>\n<p>Om du har Blu Tac till hands kan du placera en mycket liten m\u00e4ngd av det p\u00e5 botten av beh\u00e5llaren och sedan klistra fast det p\u00e5 botten av beh\u00e5llaren. Alternativt kan du anv\u00e4nda en dubbelsidig klisterlapp som finns i alla bra pappersvaruhus och i vissa livsmedelsbutiker.<\/p>\n<p>Den h\u00e4r h\u00e5llaren \u00e4r 20 mm bred, l\u00e4mplig f\u00f6r relativt stora containrar och tillverkad av Mild Steel. Om du anv\u00e4nder en liten till medelstor beh\u00e5llare v\u00e4ljer du alternativet 15 mm. H\u00e5llarens h\u00f6jd kan v\u00e4ljas i rullgardinsmenyn ovan. Om du inte \u00e4r van vid att anv\u00e4nda h\u00e5llare kan den st\u00f6rre av de tv\u00e5 (6 mm) g\u00f6ra det n\u00e5got l\u00e4ttare att h\u00e5lla veken p\u00e5 plats.<\/p>","protected":false},"excerpt":{"rendered":"<p>Wick Sustainers (also referred to as Metal Tabs) are required to hold your wick in place at the bottom of the heat resistant container and stops the wick from simply floating to the surface of the candle when you pour in the molten wax. To use, crimp the wick and place into the hole in [&hellip;]<\/p>\n","protected":false},"featured_media":11929,"comment_status":"open","ping_status":"closed","template":"","meta":{"_acf_changed":false},"product_brand":[],"product_cat":[499],"product_tag":[941],"class_list":{"0":"post-10023","1":"product","2":"type-product","3":"status-publish","4":"has-post-thumbnail","6":"product_cat-candle-wicks","7":"product_tag-wick-sustainers","9":"first","10":"instock","11":"taxable","12":"shipping-taxable","13":"purchasable","14":"product-type-variable"},"acf":[],"_links":{"self":[{"href":"https:\/\/cosyowl.com\/sv\/wp-json\/wp\/v2\/product\/10023","targetHints":{"allow":["GET"]}}],"collection":[{"href":"https:\/\/cosyowl.com\/sv\/wp-json\/wp\/v2\/product"}],"about":[{"href":"https:\/\/cosyowl.com\/sv\/wp-json\/wp\/v2\/types\/product"}],"replies":[{"embeddable":true,"href":"https:\/\/cosyowl.com\/sv\/wp-json\/wp\/v2\/comments?post=10023"}],"wp:featuredmedia":[{"embeddable":true,"href":"https:\/\/cosyowl.com\/sv\/wp-json\/wp\/v2\/media\/11929"}],"wp:attachment":[{"href":"https:\/\/cosyowl.com\/sv\/wp-json\/wp\/v2\/media?parent=10023"}],"wp:term":[{"taxonomy":"product_brand","embeddable":true,"href":"https:\/\/cosyowl.com\/sv\/wp-json\/wp\/v2\/product_brand?post=10023"},{"taxonomy":"product_cat","embeddable":true,"href":"https:\/\/cosyowl.com\/sv\/wp-json\/wp\/v2\/product_cat?post=10023"},{"taxonomy":"product_tag","embeddable":true,"href":"https:\/\/cosyowl.com\/sv\/wp-json\/wp\/v2\/product_tag?post=10023"}],"curies":[{"name":"wp","href":"https:\/\/api.w.org\/{rel}","templated":true}]}}