{"id":90,"date":"2020-11-11T12:50:31","date_gmt":"2020-11-11T12:50:31","guid":{"rendered":"https:\/\/cosyowl.com\/?page_id=90"},"modified":"2025-11-25T15:07:50","modified_gmt":"2025-11-25T15:07:50","slug":"valkommen-till-cosy-owl-candle-suppliers-kann-dig-som-hemma","status":"publish","type":"page","link":"https:\/\/cosyowl.com\/sv\/","title":{"rendered":"V\u00e4lkommen till Cosy Owl Candle Suppliers, k\u00e4nn dig som hemma..."},"content":{"rendered":"<h2>V\u00e4lkommen till Cosy Owl Candle supplies, k\u00e4nn dig som hemma...<\/h2>\n<p>H\u00e4r p\u00e5 Cosy Owl \u00e4r vi mycket stolta \u00f6ver den m\u00e5ngfald och <a href=\"https:\/\/cosyowl.com\/sv\/candle-wicks\/wedo-lx-wick-raw\">kvalitet<\/a> av f\u00f6rn\u00f6denheterna f\u00f6r att g\u00f6ra ljus. Oavsett om du g\u00f6r dina f\u00f6rsta gropar i hobbyn eller \u00e4r en fullfj\u00e4drad <a href=\"https:\/\/cosyowl.com\/sv\/guides\/a-summers-beach-gel-votive-candle\">ljus<\/a> Cosy Owl har ett stort urval av produkter f\u00f6r att tillgodose dina behov.<\/p>\n<p>Fr\u00e5n en m\u00e4ngd olika <a href=\"https:\/\/cosyowl.com\/sv\/candle-making-supplies\/fragrance-oils-for-candle-making\/all-fragrances\/honey-fragrance-oil\">naturlig<\/a> Cosy Owl har allt du beh\u00f6ver f\u00f6r att g\u00f6ra ett ljus, oavsett om det \u00e4r det minsta v\u00e4rmeljuset eller den st\u00f6rsta bordsdekorationen, fr\u00e5n mineralvaxer till personliga vekar och en stor samling doftoljor och f\u00e4rg\u00e4mnen. F\u00f6rutom den utrustning och de material du beh\u00f6ver f\u00f6r att g\u00f6ra ljus har Cosy Owl ocks\u00e5 ett brett utbud av beh\u00e5llare f\u00f6r dina ljus, inklusive burkar, glas och aluminiumkoppar, med ett lika stort utbud av f\u00e4rger och former att v\u00e4lja mellan.<\/p>\n<p>Vi k\u00f6per endast in v\u00e5ra material och produkter fr\u00e5n kvalitetstillverkare, inklusive n\u00e5gra av de mest k\u00e4nda vaxf\u00e4rgarna och vektillverkarna, och vi g\u00f6r ocks\u00e5 v\u00e5rt yttersta f\u00f6r att s\u00e4kerst\u00e4lla att allt vi s\u00e4ljer \u00e4r s\u00e4kert och giftfritt.<\/p>","protected":false},"excerpt":{"rendered":"<p>Welcome to Cosy Owl Candle supplies, please make yourself at home\u2026 Here at Cosy Owl we take great pride in the variety and quality of the supplies for making candles. Whether you&#8217;re making your first furrows into the hobby or are a fully-fledged candle producing business, Cosy Owl has a huge selection of products to [&hellip;]<\/p>\n","protected":false},"author":3,"featured_media":0,"parent":0,"menu_order":0,"comment_status":"closed","ping_status":"closed","template":"template-canvas.php","meta":{"_acf_changed":false,"footnotes":""},"class_list":["post-90","page","type-page","status-publish","hentry"],"acf":[],"_links":{"self":[{"href":"https:\/\/cosyowl.com\/sv\/wp-json\/wp\/v2\/pages\/90","targetHints":{"allow":["GET"]}}],"collection":[{"href":"https:\/\/cosyowl.com\/sv\/wp-json\/wp\/v2\/pages"}],"about":[{"href":"https:\/\/cosyowl.com\/sv\/wp-json\/wp\/v2\/types\/page"}],"author":[{"embeddable":true,"href":"https:\/\/cosyowl.com\/sv\/wp-json\/wp\/v2\/users\/3"}],"replies":[{"embeddable":true,"href":"https:\/\/cosyowl.com\/sv\/wp-json\/wp\/v2\/comments?post=90"}],"version-history":[{"count":0,"href":"https:\/\/cosyowl.com\/sv\/wp-json\/wp\/v2\/pages\/90\/revisions"}],"wp:attachment":[{"href":"https:\/\/cosyowl.com\/sv\/wp-json\/wp\/v2\/media?parent=90"}],"curies":[{"name":"wp","href":"https:\/\/api.w.org\/{rel}","templated":true}]}}