{"id":67939,"date":"2023-11-07T10:50:34","date_gmt":"2023-11-07T10:50:34","guid":{"rendered":"https:\/\/cosyowl.com\/?page_id=67939"},"modified":"2023-11-28T10:58:46","modified_gmt":"2023-11-28T10:58:46","slug":"12-dagars-adventsgava","status":"publish","type":"page","link":"https:\/\/cosyowl.com\/sv\/12-day-advent-giveaway","title":{"rendered":"12 dagars advent Giveaway"},"content":{"rendered":"<p><img loading=\"lazy\" decoding=\"async\" class=\"alignnone wp-image-67940\" src=\"https:\/\/cosyowl.com\/wp-content\/uploads\/2023\/11\/Pink-Green-Modern-Animated-Newsletter-Sign-up-Facebook-Post.png\" alt=\"\" width=\"637\" height=\"534\" title=\"\" srcset=\"https:\/\/cosyowl.com\/wp-content\/uploads\/2023\/11\/Pink-Green-Modern-Animated-Newsletter-Sign-up-Facebook-Post.png 940w, https:\/\/cosyowl.com\/wp-content\/uploads\/2023\/11\/Pink-Green-Modern-Animated-Newsletter-Sign-up-Facebook-Post-300x251.png 300w, https:\/\/cosyowl.com\/wp-content\/uploads\/2023\/11\/Pink-Green-Modern-Animated-Newsletter-Sign-up-Facebook-Post-768x644.png 768w, https:\/\/cosyowl.com\/wp-content\/uploads\/2023\/11\/Pink-Green-Modern-Animated-Newsletter-Sign-up-Facebook-Post-200x168.png 200w, https:\/\/cosyowl.com\/wp-content\/uploads\/2023\/11\/Pink-Green-Modern-Animated-Newsletter-Sign-up-Facebook-Post-400x335.png 400w, https:\/\/cosyowl.com\/wp-content\/uploads\/2023\/11\/Pink-Green-Modern-Animated-Newsletter-Sign-up-Facebook-Post-600x503.png 600w, https:\/\/cosyowl.com\/wp-content\/uploads\/2023\/11\/Pink-Green-Modern-Animated-Newsletter-Sign-up-Facebook-Post-800x671.png 800w, https:\/\/cosyowl.com\/wp-content\/uploads\/2023\/11\/Pink-Green-Modern-Animated-Newsletter-Sign-up-Facebook-Post-500x419.png 500w, https:\/\/cosyowl.com\/wp-content\/uploads\/2023\/11\/Pink-Green-Modern-Animated-Newsletter-Sign-up-Facebook-Post-700x587.png 700w, https:\/\/cosyowl.com\/wp-content\/uploads\/2023\/11\/Pink-Green-Modern-Animated-Newsletter-Sign-up-Facebook-Post-64x54.png 64w\" sizes=\"auto, (max-width: 637px) 100vw, 637px\" \/><\/p>\n<p>G\u00f6r dig redo att vinna ett pris varje dag i 12 dagar fram till jul, med priser fr\u00e5n fantastiska f\u00f6retag fr\u00e5n hela Storbritannien.<\/p>\n<p>Anm\u00e4l dig till v\u00e5r <a href=\"https:\/\/cosyowl.com\/sv\/guides\/food-lovers-cravings-competition\">giveaway<\/a> e-postmeddelanden kommer att inneb\u00e4ra att du kommer att meddelas med de underbara prisuppgifterna varje dag och vi kommer att meddela dig s\u00e5 snart du kan delta!<\/p>\n<p>*Giveaway kommer att k\u00f6ras p\u00e5 v\u00e5r Facebook- och Instagram-sida<\/p>\n<p>&nbsp;<\/p>\n<p>T's&amp;C's: Anm\u00e4lningar kan g\u00f6ras p\u00e5 v\u00e5rt Instagram- och Facebook-inl\u00e4gg. Du m\u00e5ste vara bosatt i Storbritannien f\u00f6r att vara ber\u00e4ttigad att vinna och ta emot detta pris. Giveaway st\u00e4nger: 17:00 den dagen och vinnaren kommer att v\u00e4ljas slumpm\u00e4ssigt och meddelas p\u00e5 v\u00e5r advent giveaway blogg! Detta <a href=\"https:\/\/cosyowl.com\/sv\/guides\/2k-followers-celebratory-giveaway-competition\">t\u00e4vling<\/a> \u00e4r inte ansluten till Facebook eller Instagram, och vinnarna kommer att tillk\u00e4nnages av <a href=\"https:\/\/cosyowl.com\/sv\/\">Mysig uggla<\/a> BARA.<\/p>","protected":false},"excerpt":{"rendered":"<p>Get ready to win a prize everyday for 12 days in the lead up to Christmas, with prizes from wonderful companies from around the UK. Signing up to our giveaway emails will mean you will be notified with the wonderful prize details each day and we will let you know as soon as you can [&hellip;]<\/p>\n","protected":false},"author":111220,"featured_media":0,"parent":0,"menu_order":0,"comment_status":"closed","ping_status":"closed","template":"","meta":{"_acf_changed":false,"footnotes":""},"class_list":["post-67939","page","type-page","status-publish","hentry"],"acf":[],"_links":{"self":[{"href":"https:\/\/cosyowl.com\/sv\/wp-json\/wp\/v2\/pages\/67939","targetHints":{"allow":["GET"]}}],"collection":[{"href":"https:\/\/cosyowl.com\/sv\/wp-json\/wp\/v2\/pages"}],"about":[{"href":"https:\/\/cosyowl.com\/sv\/wp-json\/wp\/v2\/types\/page"}],"author":[{"embeddable":true,"href":"https:\/\/cosyowl.com\/sv\/wp-json\/wp\/v2\/users\/111220"}],"replies":[{"embeddable":true,"href":"https:\/\/cosyowl.com\/sv\/wp-json\/wp\/v2\/comments?post=67939"}],"version-history":[{"count":0,"href":"https:\/\/cosyowl.com\/sv\/wp-json\/wp\/v2\/pages\/67939\/revisions"}],"wp:attachment":[{"href":"https:\/\/cosyowl.com\/sv\/wp-json\/wp\/v2\/media?parent=67939"}],"curies":[{"name":"wp","href":"https:\/\/api.w.org\/{rel}","templated":true}]}}