{"id":4844,"date":"2020-12-18T12:15:48","date_gmt":"2020-12-18T12:15:48","guid":{"rendered":"https:\/\/cosyowl.com\/?page_id=4844"},"modified":"2024-10-02T18:18:45","modified_gmt":"2024-10-02T17:18:45","slug":"om","status":"publish","type":"page","link":"https:\/\/cosyowl.com\/sv\/about","title":{"rendered":"Om oss"},"content":{"rendered":"<p>H\u00e4r p\u00e5 <a href=\"https:\/\/cosyowl.com\/sv\/\">Mysig uggla<\/a> vi \u00e4r mycket stolta \u00f6ver den m\u00e5ngfald och <a href=\"https:\/\/cosyowl.com\/sv\/candle-wicks\/wedo-lx-wick-raw\">kvalitet<\/a> av de produkter vi tillhandah\u00e5ller f\u00f6r att g\u00f6ra ljus. Oavsett om du g\u00f6r dina f\u00f6rsta f\u00e5ror i hobbyn eller \u00e4r en fullfj\u00e4drad <a href=\"https:\/\/cosyowl.com\/sv\/guides\/a-summers-beach-gel-votive-candle\">ljus<\/a> Cosy Owl har ett stort urval av produkter f\u00f6r att tillgodose dina behov.<\/p>\n<p>Fr\u00e5n en m\u00e4ngd olika <a href=\"https:\/\/cosyowl.com\/sv\/candle-making-supplies\/fragrance-oils-for-candle-making\/all-fragrances\/honey-fragrance-oil\">naturlig<\/a> Cosy Owl har allt du beh\u00f6ver f\u00f6r att g\u00f6ra ett ljus, oavsett om det \u00e4r det minsta v\u00e4rmeljuset eller den st\u00f6rsta bordsdekorationen, fr\u00e5n mineralvaxer till personliga vekar och en stor samling doftoljor och f\u00e4rg\u00e4mnen. F\u00f6rutom den utrustning och de material du beh\u00f6ver f\u00f6r att g\u00f6ra ljus har Cosy Owl ocks\u00e5 ett brett utbud av beh\u00e5llare f\u00f6r dina ljus, inklusive burkar, glas och aluminiumkoppar, med ett lika stort utbud av f\u00e4rger och former att v\u00e4lja mellan.<\/p>\n<p>Vi k\u00f6per endast in v\u00e5ra material och produkter fr\u00e5n kvalitetstillverkare, inklusive n\u00e5gra av de mest k\u00e4nda vaxf\u00e4rgarna och vektillverkarna, och vi g\u00f6r ocks\u00e5 v\u00e5rt yttersta f\u00f6r att s\u00e4kerst\u00e4lla att allt vi s\u00e4ljer \u00e4r s\u00e4kert och giftfritt.<\/p>\n<p>Om du har drabbats av att Craftovator har g\u00e5tt i konkurs kan du <a href=\"https:\/\/cosyowl.com\/sv\/contact-us\">Kontakta oss<\/a> <a href=\"https:\/\/cosyowl.com\/sv\/guider\/craftovator-utan-verksamhet\/?wmc-currency=EUR\">h\u00e4r f\u00f6r att beg\u00e4ra produktsourcing<\/a>.<\/p>","protected":false},"excerpt":{"rendered":"<p>Here at Cosy Owl we take great pride in the variety and quality of the products we provide for making candles. Whether you\u2019re making your first furrows into the hobby or are a fully-fledged candle producing business, Cosy Owl has a huge selection of products to meet your needs. From a variety of natural and [&hellip;]<\/p>\n","protected":false},"author":1,"featured_media":0,"parent":0,"menu_order":0,"comment_status":"closed","ping_status":"closed","template":"","meta":{"_acf_changed":false,"footnotes":""},"class_list":["post-4844","page","type-page","status-publish","hentry"],"acf":[],"_links":{"self":[{"href":"https:\/\/cosyowl.com\/sv\/wp-json\/wp\/v2\/pages\/4844","targetHints":{"allow":["GET"]}}],"collection":[{"href":"https:\/\/cosyowl.com\/sv\/wp-json\/wp\/v2\/pages"}],"about":[{"href":"https:\/\/cosyowl.com\/sv\/wp-json\/wp\/v2\/types\/page"}],"author":[{"embeddable":true,"href":"https:\/\/cosyowl.com\/sv\/wp-json\/wp\/v2\/users\/1"}],"replies":[{"embeddable":true,"href":"https:\/\/cosyowl.com\/sv\/wp-json\/wp\/v2\/comments?post=4844"}],"version-history":[{"count":0,"href":"https:\/\/cosyowl.com\/sv\/wp-json\/wp\/v2\/pages\/4844\/revisions"}],"wp:attachment":[{"href":"https:\/\/cosyowl.com\/sv\/wp-json\/wp\/v2\/media?parent=4844"}],"curies":[{"name":"wp","href":"https:\/\/api.w.org\/{rel}","templated":true}]}}