{"id":4796,"date":"2020-12-16T02:21:45","date_gmt":"2020-12-16T02:21:45","guid":{"rendered":"https:\/\/cosyowl.com\/?page_id=4796"},"modified":"2024-05-15T23:21:52","modified_gmt":"2024-05-15T22:21:52","slug":"grossisttillbehor-for-ljusstopning","status":"publish","type":"page","link":"https:\/\/cosyowl.com\/sv\/wholesale-candle-making-supplies","title":{"rendered":"Partihandel med tillbeh\u00f6r f\u00f6r ljustillverkning"},"content":{"rendered":"<link rel='stylesheet' href='\/wp-content\/themes\/shoptimizer-child-theme\/wholesale.css' type='text\/css' media='all' \/>\r\n\r\n<div class=\"section1\">\r\n\t<h2>Cosy Owl \u00e4r glada \u00f6ver att kunna lansera v\u00e5r grossisttj\u00e4nst f\u00f6r ljustillbeh\u00f6r<\/h2>\r\n\t<p>Exklusivt f\u00f6r handelskunder erbjuder vi nu skr\u00e4ddarsydda priser och kontohantering f\u00f6r v\u00e5ra vanliga handelskunder<\/p>\r\n<\/div>\r\n\r\n<div class=\"section2\">\r\n\t<p>Baserat p\u00e5 den enkla principen att ju mer du spenderar desto mer rabatt f\u00e5r du \u00f6ver <a href=\"https:\/\/cosyowl.com\/sv\/shop\">alla produkter<\/a>. MEN viktigast av allt \u00e4r att v\u00e5ra rabatterade grossistpriser f\u00f6rblir konstanta oavsett hur mycket du placerar med varje <a href=\"https:\/\/cosyowl.com\/sv\/checkout\">ordning<\/a> eller hur m\u00e5nga av varje produkt du k\u00f6per.<\/p>\r\n\t<p>S\u00e5 du kan f\u00f6rlita dig p\u00e5 en konsekvent kostnadsbas f\u00f6r ditt f\u00f6retag oavsett om du beh\u00f6ver 1 eller <a href=\"https:\/\/cosyowl.com\/sv\/candle-making-supplies\/tools-equipment\/glue-dots-pack-of-1000\">1000<\/a> artiklar i en order.<\/p>\r\n\t<p>Som uppskattad \u00e5terf\u00f6rs\u00e4ljare <a href=\"https:\/\/cosyowl.com\/sv\/communication-preferences\">kund<\/a> du kommer ocks\u00e5 att f\u00e5 dedikerad kontohantering, exklusiv tillg\u00e5ng till nya produkter, medlemsf\u00f6rm\u00e5ner och marknadsf\u00f6ring av ditt f\u00f6retag via v\u00e5r blogg och sociala medier.<\/p>\r\n<\/div>\r\n\r\n<div class=\"section3\">\r\n<ul>\r\n\t<li class=\"item1\">Personliga rabatter p\u00e5 hela webbplatsen baserade p\u00e5 totala ink\u00f6p - inte ink\u00f6p per order eller per produkt<\/li>\r\n\t<li class=\"item2\">Dedikerad kundansvarig<\/li>\r\n\t<li class=\"item3\">F\u00e5 alltid din avtalade rabatt oavsett hur mycket du best\u00e4ller vid ett och samma tillf\u00e4lle<\/li>\r\n\t<li class=\"item4\">H\u00f6j dina rabatter i takt med att ditt f\u00f6retag v\u00e4xer och dina ink\u00f6p hos oss \u00f6kar<\/li>\r\n\t<li class=\"item5\">Rabatter baserade p\u00e5 totala utgifter snarare \u00e4n kvantitet i varje order = konsekvent kostnadsbas f\u00f6r ditt f\u00f6retag<\/li>\r\n\t<li class=\"item6\">Exklusiv tillg\u00e5ng till nya produkter och funktioner<\/li>\r\n\t<li class=\"item7\">Rabatter \u00e4ven p\u00e5 <a href=\"https:\/\/cosyowl.com\/sv\/wholesale-store\">bulk<\/a> ink\u00f6pspriser<\/li>\r\n\t<li class=\"item8\">Anv\u00e4nd oss f\u00f6r att marknadsf\u00f6ra ditt f\u00f6retag - vi marknadsf\u00f6r v\u00e5ra handelskunder p\u00e5 sociala medier och i v\u00e5r blogg<\/li>\r\n<\/ul>\r\n<br class=\"clearBoth\" \/>\r\n<\/div>\r\n\r\n<div class=\"section4\"><\/div>\r\n\r\n<div class=\"section5\">\r\n\t<div class=\"zigzag\"><\/div>\r\n\t<a name=\"apply\"><\/a>\r\n\t<h2>S\u00e5 h\u00e4r blir du kund hos Cosy Owl Trade<\/h2>\r\n\t\r\n\t<div class=\"flowchart\">\r\n\t\t<div class=\"flowchart1\">\r\n\t\t\t<h3>\u00c4r du redan kund hos oss?<\/h3>\r\n\t\t\t<img decoding=\"async\" src=\"https:\/\/cosyowl.com\/wp-content\/uploads\/design\/owl-avatar-winking-200.png\" alt=\"Mysig uggla avatar\" title=\"\">\r\n\t\t\t<p>En kontoansvarig kommer att granska ditt konto och n\u00e4r du har spenderat \u00f6ver \u00a3 150 per m\u00e5nad under tv\u00e5 m\u00e5nader i f\u00f6ljd kommer de att st\u00e4lla in dig p\u00e5 ett relevant rabattband och kontakta dig f\u00f6r att bekr\u00e4fta. Kom ih\u00e5g att ju mer du spenderar desto b\u00e4ttre rabattband kommer att till\u00e4mpas.<\/p>\r\n\t\t<\/div>\r\n\t\t\r\n\t\t<div class=\"flowchart2\">\r\n\t\t\t<h3>Ny Cosy Owler?<\/h3>\r\n\t\t\t<img decoding=\"async\" src=\"https:\/\/cosyowl.com\/wp-content\/uploads\/design\/owl-avatar-looking-up-200.png\" alt=\"Mysig uggla avatar\" title=\"\">\r\n\t\t\t<p class=\"wholesale-button\"><a href=\"\/sv\/konto\/?wmc-currency=EUR\">Klicka h\u00e4r f\u00f6r att registrera dig.<\/a><\/p>\r\n\t\t\t<p>Fyll i registreringsformul\u00e4ret. Kryssa i \"\u00c4r du en handelskund?\" och fyll i detaljerna inklusive uppskattade m\u00e5natliga utgifter. Skicka in formul\u00e4ret.<\/p>\r\n\t\t\t<p>N\u00e4r du har lagt order p\u00e5 150 \u00a3 eller mer per m\u00e5nad under tv\u00e5 p\u00e5 varandra f\u00f6ljande m\u00e5nader kommer en kontoansvarig att kontakta dig och st\u00e4lla in ditt rabattband. Ju mer du spenderar desto b\u00e4ttre rabattband kommer att till\u00e4mpas.<\/p>\r\n\t\t<\/div>\r\n\t\t\r\n\t\t<div class=\"flowchart3\">\t\t\r\n\t\t\t<p><b>N\u00e4r installationen \u00e4r klar<\/b> <br\/>Varje g\u00e5ng du loggar in ser du dina rabatterade priser p\u00e5 alla produkter.<\/p>\r\n\t\t<\/div>\r\n\t<\/div>\r\n<\/div>\r\n\r\n<div class=\"section4\"><\/div>","protected":false},"excerpt":{"rendered":"<p>Cosy Owl are delighted to launch our wholesale candle supplies facility Exclusively for trade customers, we now offer tailor made pricing and account management for our regular trade customers Based on the simple principle of the more you spend the more discount you get across all products. BUT importantly our discounted wholesale prices remain constant [&hellip;]<\/p>\n","protected":false},"author":10,"featured_media":0,"parent":0,"menu_order":0,"comment_status":"closed","ping_status":"closed","template":"template-fullwidth.php","meta":{"_acf_changed":false,"footnotes":""},"class_list":["post-4796","page","type-page","status-publish","hentry"],"acf":[],"_links":{"self":[{"href":"https:\/\/cosyowl.com\/sv\/wp-json\/wp\/v2\/pages\/4796","targetHints":{"allow":["GET"]}}],"collection":[{"href":"https:\/\/cosyowl.com\/sv\/wp-json\/wp\/v2\/pages"}],"about":[{"href":"https:\/\/cosyowl.com\/sv\/wp-json\/wp\/v2\/types\/page"}],"author":[{"embeddable":true,"href":"https:\/\/cosyowl.com\/sv\/wp-json\/wp\/v2\/users\/10"}],"replies":[{"embeddable":true,"href":"https:\/\/cosyowl.com\/sv\/wp-json\/wp\/v2\/comments?post=4796"}],"version-history":[{"count":0,"href":"https:\/\/cosyowl.com\/sv\/wp-json\/wp\/v2\/pages\/4796\/revisions"}],"wp:attachment":[{"href":"https:\/\/cosyowl.com\/sv\/wp-json\/wp\/v2\/media?parent=4796"}],"curies":[{"name":"wp","href":"https:\/\/api.w.org\/{rel}","templated":true}]}}