{"id":3,"date":"2020-10-31T22:54:05","date_gmt":"2020-10-31T22:54:05","guid":{"rendered":"https:\/\/cosyowl.com\/?page_id=3"},"modified":"2023-06-29T12:18:39","modified_gmt":"2023-06-29T11:18:39","slug":"integritetspolicy","status":"publish","type":"page","link":"https:\/\/cosyowl.com\/sv\/privacy","title":{"rendered":"Integritetspolicy"},"content":{"rendered":"<p><a href=\"https:\/\/cosyowl.com\/sv\/\">V\u00e4lkommen<\/a> till Cosy Owl. Cosy Owl uppr\u00e4tth\u00e5ller denna webbplats (\"Webbplatsen\") f\u00f6r din personliga anv\u00e4ndning och tillhandah\u00e5ller information om v\u00e5ra produkter och tj\u00e4nster. Cosy Owl respekterar integritetsfr\u00e5gorna f\u00f6r anv\u00e4ndarna av webbplatsen och har skapat denna sekretess <a href=\"https:\/\/cosyowl.com\/sv\/candle-making-supplies\/candle-containers\/candle-glasses\/glass-candle-container-100cl-classic-jar-with-lid\">uttalande<\/a> f\u00f6r att f\u00f6rklara vilken information vi samlar in fr\u00e5n ditt bes\u00f6k p\u00e5 webbplatsen och hur s\u00e5dan information kan anv\u00e4ndas. Cosy Owl \u00e4r registrerad enligt de allm\u00e4nna dataskyddsbest\u00e4mmelserna som tr\u00e4dde i kraft i maj 2018.<\/p>\n<h2>Insamling och anv\u00e4ndning av information<\/h2>\n<p>Som en allm\u00e4n <a href=\"https:\/\/cosyowl.com\/sv\/shippinginfo\">politik<\/a>P\u00e5 denna webbplats beg\u00e4rs eller samlas ingen personligt identifierbar information in, s\u00e5som ditt namn, din adress, ditt\/dina telefonnummer eller din e-postadress. Om du v\u00e4ljer att k\u00f6pa varor eller skapa ett konto p\u00e5 denna webbplats kommer du dock att bli ombedd att f\u00f6rse oss med viss personligt identifierbar information, t.ex. ditt namn, hem- eller postadress, telefonnummer eller e-postadress. Personligt identifierbar information kommer inte att s\u00e4ljas och kommer inte att ges till tredje part utan ditt samtycke.<\/p>\n<p>Av juridiska sk\u00e4l lagrar vi inneh\u00e5llet i avtalet om f\u00f6rs\u00e4ljning av varor och kommer att skicka dig information om din <a href=\"https:\/\/cosyowl.com\/sv\/checkout\">ordning<\/a> samt v\u00e5ra allm\u00e4nna villkor via e-post. Du kan hitta <a href=\"https:\/\/cosyowl.com\/sv\/villkor\/?wmc-currency=EUR\">f\u00f6rs\u00e4ljningsvillkor<\/a> p\u00e5 webbplatsen. Uppgifterna om dina senaste best\u00e4llningar finns i din <a href=\"https:\/\/cosyowl.com\/sv\/konto\/?wmc-currency=EUR\">kundinloggning<\/a> eller av <a href=\"https:\/\/cosyowl.com\/sv\/kontakta-oss\/?wmc-currency=EUR\">kontakta oss<\/a> p\u00e5 annat s\u00e4tt.<\/p>\n<p>Dina personuppgifter kommer att anv\u00e4ndas f\u00f6r att tillhandah\u00e5lla den information, varor och tj\u00e4nster som erbjuds via webbplatsen till dig, f\u00f6r fakturering och orderuppfyllelse. Dessutom, f\u00f6r kunder som v\u00e4ljer den nyhetsbrevstj\u00e4nst som erbjuds, kommer din information, till exempel din e-postadress, att anv\u00e4ndas av Cosy Owl endast f\u00f6r marknadsf\u00f6rings\u00e4ndam\u00e5l f\u00f6r att h\u00e5lla dig informerad om eventuella erbjudanden eller erbjudanden som du kan vara intresserad av. Observera att du frivilligt m\u00e5ste v\u00e4lja att delta eftersom det h\u00e4r alternativet inte \u00e4r standard f\u00f6r att du ska v\u00e4lja att delta. Vi vidarebefordrar aldrig dina uppgifter till tredje part, utom n\u00e4r det kr\u00e4vs f\u00f6r orderuppfyllelse, f\u00f6r <a href=\"https:\/\/cosyowl.com\/sv\/pbf-representative-example\">Exempel<\/a> n\u00e4r ett budf\u00f6retag beh\u00f6ver ditt namn, din adress och ibland ditt telefonnummer f\u00f6r att kunna leverera varor som du har best\u00e4llt fr\u00e5n oss.<\/p>\n<p>Tveka inte att h\u00f6ra av dig till <a href=\"https:\/\/cosyowl.com\/sv\/kontakta-oss\/?wmc-currency=EUR\">Kontakta oss<\/a> om du vill ha mer information om vilken information som lagras av oss och\/eller om du vill att vi ska radera din information fr\u00e5n v\u00e5rt system. Information som \u00e4r direkt relaterad till f\u00f6rs\u00e4ljningsorder kan inte raderas eftersom dessa order m\u00e5ste sparas av f\u00f6retaget av juridiska redovisningssk\u00e4l (under en period p\u00e5 7 \u00e5r). Det kan ta upp till fem arbetsdagar innan informationen raderas (\u00e4ven om det normalt kan ske snabbare).<\/p>\n<p>Du har laglig r\u00e4tt att f\u00e5 en kopia av all information som Cosy Owl har om dig - en avgift p\u00e5 10,00 \u00a3 kan tas ut f\u00f6r att t\u00e4cka administrativa kostnader i samband med insamling och s\u00e4ndning av denna information till dig.<\/p>\n<p>Om du har ett klagom\u00e5l ang\u00e5ende v\u00e5rt innehav och behandling av information som r\u00f6r dig,\u00a0<a href=\"https:\/\/www.cosyowl.com\/index.php?main_page=contact_us\">v\u00e4nligen kontakta oss i f\u00f6rsta hand<\/a>\u00a0och vi \u00e4r s\u00e4kra p\u00e5 att vi kommer att kunna l\u00f6sa ditt klagom\u00e5l omedelbart och till din bel\u00e5tenhet. I den osannolika h\u00e4ndelsen att vi inte kan g\u00f6ra det kan du kontakta ICO (Information Commissioner's Office) f\u00f6r att klaga - kontaktuppgifter finns p\u00e5\u00a0<a href=\"https:\/\/ico.org.uk\/\" target=\"_blank\" rel=\"noopener\">https:\/\/ico.org.uk\/<\/a>. ICO kommer sedan att kontakta Cosy Owl och rekommendera en \u00e5tg\u00e4rd f\u00f6r att p\u00e5 l\u00e4mpligt s\u00e4tt ta itu med ditt klagom\u00e5l.<\/p>\n<h2>Dina r\u00e4ttigheter<\/h2>\n<p>Som registrerad har du f\u00f6ljande r\u00e4ttigheter i enlighet med:<\/p>\n<ul>\n<li>art. 15 GDPR, r\u00e4tten att f\u00e5 information om dina personuppgifter som vi behandlar, inom den omfattning som beskrivs d\u00e4ri;<\/li>\n<li>art. 16 GDPR, r\u00e4tten att omedelbart kr\u00e4va r\u00e4ttelse av felaktiga eller komplettering av dina personuppgifter som lagras av oss;<\/li>\n<li>art. 17 GDPR, r\u00e4tt att beg\u00e4ra radering av dina personuppgifter som lagras hos oss, s\u00e5vida inte ytterligare behandling kr\u00e4vs;\n<ul>\n<li>att ut\u00f6va r\u00e4tten till yttrande- och informationsfrihet;<\/li>\n<li>f\u00f6r att uppfylla r\u00e4ttsliga f\u00f6rpliktelser;<\/li>\n<li>av h\u00e4nsyn till allm\u00e4nintresset eller<\/li>\n<li>f\u00f6r att fastst\u00e4lla, ut\u00f6va eller f\u00f6rsvara r\u00e4ttsliga anspr\u00e5k;<\/li>\n<\/ul>\n<\/li>\n<li>art. 18 GDPR, r\u00e4tten att beg\u00e4ra begr\u00e4nsning av behandlingen av dina personuppgifter, i den m\u00e5n\n<ul>\n<li>riktigheten i uppgifterna bestrids av dig;<\/li>\n<li>behandlingen \u00e4r olaglig, men du v\u00e4grar att l\u00e5ta dem raderas;<\/li>\n<li>vi inte l\u00e4ngre beh\u00f6ver uppgifterna, men du beh\u00f6ver dem f\u00f6r att fastst\u00e4lla, g\u00f6ra g\u00e4llande eller f\u00f6rsvara r\u00e4ttsliga anspr\u00e5k eller<\/li>\n<li>du har gjort en inv\u00e4ndning mot behandlingen i enlighet med art. 21 GDPR;<\/li>\n<\/ul>\n<\/li>\n<li>art. 20 GDPR, r\u00e4tten att f\u00e5 dina personuppgifter som du har l\u00e4mnat till oss i ett strukturerat, allm\u00e4nt anv\u00e4nt och maskinl\u00e4sbart format eller att beg\u00e4ra att de \u00f6verf\u00f6rs till en annan personuppgiftsansvarig;<\/li>\n<li>art. 77 GDPR, r\u00e4tten att klaga till en tillsynsmyndighet.  Som regel kan du kontakta tillsynsmyndigheten p\u00e5 din vanliga bostadsort eller arbetsplats eller p\u00e5 v\u00e5rt f\u00f6retags huvudkontor.<\/li>\n<\/ul>\n<h2>S\u00e4kerhet<\/h2>\n<p>S\u00e4kerheten f\u00f6r all personligt identifierbar information \u00e4r extremt viktig f\u00f6r oss. Av denna anledning anv\u00e4nder vi den senaste SSL-krypteringstekniken (Secure Socket Layer). Tyv\u00e4rr kan ingen data\u00f6verf\u00f6ring \u00f6ver Internet garanteras att vara 100% s\u00e4ker. Som ett resultat, medan vi str\u00e4var efter att skydda din personliga information, kan Cosy Owl inte s\u00e4kerst\u00e4lla eller garantera s\u00e4kerheten f\u00f6r all information du \u00f6verf\u00f6r till oss, och du g\u00f6r det p\u00e5 egen risk. N\u00e4r vi har f\u00e5tt din \"\u00f6verf\u00f6ring\" (information som l\u00e4mnats till oss) g\u00f6r vi alla m\u00f6jliga anstr\u00e4ngningar f\u00f6r att s\u00e4kerst\u00e4lla dess s\u00e4kerhet i v\u00e5ra system.<\/p>\n<h2>\u00c5ldersrelaterad tillg\u00e5ng<\/h2>\n<p>Denna webbplats \u00e4r varken riktad till eller anpassad f\u00f6r personer under 18 \u00e5r.<\/p>\n<h2>Kakor<a name=\"cookies\"><\/a><\/h2>\n<p>Cookies \u00e4r information som \u00f6verf\u00f6rs fr\u00e5n en webbplats och lagras p\u00e5 din dator\/enhet f\u00f6r registrerings\u00e4ndam\u00e5l. Cookies kan tala om f\u00f6r oss vilka delar av webbplatsen du bes\u00f6ker och hur l\u00e4nge du stannar d\u00e4r, s\u00e5 att vi kan skr\u00e4ddarsy webbplatsen efter v\u00e5ra befintliga och framtida kunders preferenser. Vissa cookies raderas n\u00e4r du st\u00e4nger webbl\u00e4sarsessionen (sessionscookies), medan andra cookies lagras p\u00e5 din enhet och g\u00f6r det m\u00f6jligt f\u00f6r oss att k\u00e4nna igen dig n\u00e4r du bes\u00f6ker oss igen (permanenta cookies).\u00a0<b>Cookies inneh\u00e5ller inte personligt identifierbar information<\/b>. F\u00f6ljande \u00e4r olika typer av cookies som kan anv\u00e4ndas p\u00e5 en webbplats:<\/p>\n<ul>\n<li><b>Strikt n\u00f6dv\u00e4ndiga cookies:<\/b>\u00a0Det h\u00e4r \u00e4r cookies som \u00e4r n\u00f6dv\u00e4ndiga f\u00f6r att en webbplats ska fungera. De inkluderar cookies som g\u00f6r att du kan logga in p\u00e5 s\u00e4kra omr\u00e5den p\u00e5 en webbplats eller anv\u00e4nda en varukorg.<\/li>\n<li><b>Cookies f\u00f6r analys\/prestanda:<\/b>\u00a0Dessa cookies g\u00f6r det m\u00f6jligt f\u00f6r oss att k\u00e4nna igen och r\u00e4kna antalet bes\u00f6kare p\u00e5 en webbplats och att se hur bes\u00f6karna r\u00f6r sig p\u00e5 webbplatsen n\u00e4r de anv\u00e4nder den. Detta hj\u00e4lper oss att f\u00f6rb\u00e4ttra hur en webbplats fungerar, till exempel genom att se till att anv\u00e4ndarna l\u00e4tt hittar det de s\u00f6ker.<\/li>\n<li><b>Funktionalitetscookies:<\/b>\u00a0Dessa cookies anv\u00e4nds f\u00f6r att k\u00e4nna igen dig n\u00e4r du \u00e5terv\u00e4nder till en webbplats. Detta g\u00f6r det m\u00f6jligt f\u00f6r oss att anpassa inneh\u00e5llet till dig, h\u00e4lsa p\u00e5 dig med namn och komma ih\u00e5g dina preferenser (till exempel ditt val av spr\u00e5k eller region).<\/li>\n<li><b>Riktade cookies:<\/b>\u00a0Dessa cookies registrerar ditt bes\u00f6k p\u00e5 en webbplats, vilka sidor du har bes\u00f6kt och vilka l\u00e4nkar du har f\u00f6ljt. Denna information anv\u00e4nds f\u00f6r att g\u00f6ra en webbplats och den reklam som visas p\u00e5 den mer relevant f\u00f6r dina intressen. Denna information kan ocks\u00e5 delas med tredje part f\u00f6r detta \u00e4ndam\u00e5l.<\/li>\n<\/ul>\n<p>I tabellen nedan hittar du mer information om de enskilda cookies som vi anv\u00e4nder och de syften f\u00f6r vilka vi anv\u00e4nder dem:<\/p>\n<table class=\"bordered\">\n<tbody>\n<tr>\n<th>Kaka<\/th>\n<th>Typ<\/th>\n<th>Syfte<\/th>\n<th>Utg\u00e5ng<\/th>\n<\/tr>\n<tr>\n<td>zenid<\/td>\n<td>Strikt n\u00f6dv\u00e4ndigt<\/td>\n<td>Anv\u00e4nds f\u00f6r att beh\u00e5lla artiklar i kundkorgen och m\u00f6jligg\u00f6ra slutf\u00f6randet av ett k\u00f6p<\/td>\n<td>slutet av webbl\u00e4sarsessionen<\/td>\n<\/tr>\n<tr>\n<td>_ga<\/td>\n<td>Prestanda<\/td>\n<td>Anv\u00e4nds f\u00f6r att s\u00e4rskilja anv\u00e4ndare (Google Analytics)<\/td>\n<td>2 \u00e5r<\/td>\n<\/tr>\n<tr>\n<td>_gid<\/td>\n<td>Prestanda<\/td>\n<td>Anv\u00e4nds f\u00f6r att s\u00e4rskilja anv\u00e4ndare (Google Analytics)<\/td>\n<td>24 timmar<\/td>\n<\/tr>\n<tr>\n<td>_gat<\/td>\n<td>Prestanda<\/td>\n<td>Anv\u00e4nds f\u00f6r att begr\u00e4nsa antalet f\u00f6rfr\u00e5gningar (Google Analytics)<\/td>\n<td>1 minut<\/td>\n<\/tr>\n<tr>\n<td>__utma<\/td>\n<td>Prestanda<\/td>\n<td>Anv\u00e4nds f\u00f6r att s\u00e4rskilja anv\u00e4ndare (Google Analytics)<\/td>\n<td>2 \u00e5r<\/td>\n<\/tr>\n<tr>\n<td>__utmb<\/td>\n<td>Prestanda<\/td>\n<td>Anv\u00e4nds f\u00f6r att fastst\u00e4lla nya sessioner\/bes\u00f6k (Google Analytics)<\/td>\n<td>30 minuter<\/td>\n<\/tr>\n<tr>\n<td>__utmt<\/td>\n<td>Prestanda<\/td>\n<td>Anv\u00e4nds f\u00f6r att begr\u00e4nsa antalet f\u00f6rfr\u00e5gningar (Google Analytics)<\/td>\n<td>10 minuter<\/td>\n<\/tr>\n<tr>\n<td>__utmz<\/td>\n<td>Prestanda<\/td>\n<td>Lagrar trafikk\u00e4llan eller kampanjen som f\u00f6rklarar hur anv\u00e4ndaren n\u00e5dde webbplatsen (Google Analytics)<\/td>\n<td>6 m\u00e5nader<\/td>\n<\/tr>\n<tr>\n<td>gwcc<\/td>\n<td>Prestanda<\/td>\n<td>Sp\u00e5rar eventuella samtalskonverteringar p\u00e5 mobila enheter, till exempel om en kund klickar p\u00e5 ett telefonnummer (Google)<\/td>\n<td><a href=\"https:\/\/cosyowl.com\/sv\/candle-making-supplies\/candle-containers\/other-containers\/wax-melt-christmas-tree-mould-3\">3<\/a> m\u00e5nader<\/td>\n<\/tr>\n<tr>\n<td>__zlcmid<\/td>\n<td>Funktionalitet<\/td>\n<td><a href=\"https:\/\/cosyowl.com\/sv\/guides\/multi-wick-candles-tutorial-and-live-chat\">Live chatt<\/a> widget (ZopIM)<\/td>\n<td>1 \u00e5r<\/td>\n<\/tr>\n<\/tbody>\n<\/table>\n<p>&nbsp;<\/p>\n<p><b>Aktivera\/avaktivera cookies:<\/b>\u00a0Olika webbl\u00e4sare har olika s\u00e4tt att l\u00e5ta dig aktivera eller radera cookies, eller begr\u00e4nsa vilka typer av cookies som kan placeras p\u00e5 din dator. N\u00e4r du v\u00e4ljer webbl\u00e4sare (t.ex. Google Chrome eller Safari) kan du fundera \u00f6ver vilken som b\u00e4st passar dina integritetsinst\u00e4llningar. F\u00f6r att kolla in <a href=\"https:\/\/cosyowl.com\/sv\/communication-preferences\">inst\u00e4llningar<\/a> i en webbl\u00e4sare, anv\u00e4nd fliken \"hj\u00e4lp\" eller titta under \"verktyg\" f\u00f6r inst\u00e4llningar som \"alternativ\" eller \"integritet\". D\u00e4r kan du eventuellt radera cookies eller kontrollera n\u00e4r de f\u00e5r placeras.<\/p>\n<h2>L\u00e4nkar till icke anslutna webbplatser<\/h2>\n<p>Cosy Owl ansvarar inte f\u00f6r inneh\u00e5ll eller praxis p\u00e5 icke-anslutna tredjepartswebbplatser som kan vara l\u00e4nkade till eller fr\u00e5n denna webbplats. Det rekommenderas att om du bes\u00f6ker icke-anslutna tredjepartswebbplatser b\u00f6r du h\u00e4nvisa till dessa webbplatsers respektive sekretesspolicy och praxis innan du tittar p\u00e5 n\u00e5got inneh\u00e5ll eller g\u00f6r n\u00e5gra ink\u00f6p av varor eller tj\u00e4nster som \u00e4r associerade med tredjepartswebbplatsen.<\/p>\n<h2>Samtycke till uppr\u00e4tth\u00e5llande och behandling av personlig information<\/h2>\n<p>Genom att anv\u00e4nda denna webbplats samtycker du otvetydigt till behandlingen av din personliga information i samband med ink\u00f6p av v\u00e5ra varor i Storbritannien, av Cosy Owl. En p\u00e5minnelse om en tidigare punkt om att kunder kan beg\u00e4ra detaljer om exakt vilken information som kan lagras och anv\u00e4ndas av Cosy Owl och \u00e5terkalla samtycke till \u00e5tkomst och anv\u00e4ndning av denna information n\u00e4r som helst. Observera att all information som \u00e4r kopplad till <a href=\"https:\/\/cosyowl.com\/sv\/finance-referred\">Betalning<\/a> f\u00f6r varor som du har k\u00f6pt fr\u00e5n Cosy Owl sparas inte i v\u00e5rt datorsystem eller i n\u00e5gra pappersregister. Denna information anv\u00e4nds endast vid den tidpunkt d\u00e5 f\u00f6rs\u00e4ljningen \u00e4ger rum.<\/p>\n<h2>E-postmarknadsf\u00f6ring<\/h2>\n<p>E-postreklam om du prenumererar p\u00e5 nyhetsbrevet. Om du prenumererar p\u00e5 v\u00e5rt nyhetsbrev kommer vi regelbundet att skicka dig v\u00e5rt nyhetsbrev via e-post baserat p\u00e5 ditt samtycke enligt art. 6 (1) 1 lit. a) GDPR, med hj\u00e4lp av de uppgifter som kr\u00e4vs eller som du har l\u00e4mnat separat f\u00f6r detta \u00e4ndam\u00e5l. Du kan n\u00e4r som helst avregistrera dig fr\u00e5n nyhetsbrevstj\u00e4nsten.  F\u00f6r detta \u00e4ndam\u00e5l kan du antingen skicka ett meddelande till det kontaktalternativ som anges ovan eller anv\u00e4nda l\u00e4nken f\u00f6r avregistrering i nyhetsbrevet.  Vid avregistrering kommer vi att radera din e-postadress om du inte uttryckligen har samtyckt till vidare anv\u00e4ndning av dina uppgifter eller om vi f\u00f6rbeh\u00e5ller oss r\u00e4tten att vidare anv\u00e4nda dina personuppgifter p\u00e5 det s\u00e4tt som till\u00e5ts enligt den lag som vi informerar dig om i detta meddelande.<\/p>\n<h2>Kontakta oss<\/h2>\n<p>Om du har n\u00e5gra <a href=\"https:\/\/cosyowl.com\/sv\/guides\/faq\">fr\u00e5gor<\/a> eller funderingar om denna sekretesspolicy, Cosy Owl:s allm\u00e4nna praxis eller din interaktion med webbplatsen, tveka inte att kontakta <a href=\"https:\/\/cosyowl.com\/sv\/kontakta-oss\/?wmc-currency=EUR\">Kontakta oss<\/a> via e-post, telefon eller brev till oss. Vi v\u00e4lkomnar alla f\u00f6rslag som du kan t\u00e4nkas vilja komma med.<\/p>\n<h2>Din acceptans av dessa villkor<\/h2>\n<p>Genom att p\u00e5 n\u00e5got s\u00e4tt anv\u00e4nda denna webbplats godk\u00e4nner du detta f\u00f6retags integritetspolicy. Om du inte samtycker till denna policy, kan du efter eget gottfinnande vilja avst\u00e5 fr\u00e5n att g\u00f6ra n\u00e5gra ink\u00f6p. Cosy Owl f\u00f6rbeh\u00e5ller sig r\u00e4tten att modifiera, \u00e4ndra eller p\u00e5 annat s\u00e4tt uppdatera denna policy n\u00e4r som helst; d\u00e4rf\u00f6r uppmuntras du att granska denna policy d\u00e5 och d\u00e5 om du k\u00e4nner dig n\u00f6dv\u00e4ndig f\u00f6re eller n\u00e4r du g\u00f6r n\u00e5gra ink\u00f6p. Din fortsatta anv\u00e4ndning av webbplatsen efter publicering av eventuella \u00e4ndringar av dessa villkor inneb\u00e4r att du accepterar dessa \u00e4ndringar.<\/p>","protected":false},"excerpt":{"rendered":"<p>Welcome to Cosy Owl. Cosy Owl maintains this site (the &#8220;Site&#8221;) for your personal use, providing information regarding our products and services. Cosy Owl respects the privacy concerns of the users of the Site and has created this privacy statement to explain what information we gather from your visit to the Site, and how such [&hellip;]<\/p>\n","protected":false},"author":1,"featured_media":0,"parent":0,"menu_order":0,"comment_status":"closed","ping_status":"open","template":"","meta":{"_acf_changed":false,"footnotes":""},"class_list":["post-3","page","type-page","status-publish","hentry"],"acf":[],"_links":{"self":[{"href":"https:\/\/cosyowl.com\/sv\/wp-json\/wp\/v2\/pages\/3","targetHints":{"allow":["GET"]}}],"collection":[{"href":"https:\/\/cosyowl.com\/sv\/wp-json\/wp\/v2\/pages"}],"about":[{"href":"https:\/\/cosyowl.com\/sv\/wp-json\/wp\/v2\/types\/page"}],"author":[{"embeddable":true,"href":"https:\/\/cosyowl.com\/sv\/wp-json\/wp\/v2\/users\/1"}],"replies":[{"embeddable":true,"href":"https:\/\/cosyowl.com\/sv\/wp-json\/wp\/v2\/comments?post=3"}],"version-history":[{"count":0,"href":"https:\/\/cosyowl.com\/sv\/wp-json\/wp\/v2\/pages\/3\/revisions"}],"wp:attachment":[{"href":"https:\/\/cosyowl.com\/sv\/wp-json\/wp\/v2\/media?parent=3"}],"curies":[{"name":"wp","href":"https:\/\/api.w.org\/{rel}","templated":true}]}}