{"id":13350,"date":"2021-07-01T10:24:10","date_gmt":"2021-07-01T09:24:10","guid":{"rendered":"https:\/\/cosyowl.com\/?page_id=13350"},"modified":"2021-07-01T10:24:37","modified_gmt":"2021-07-01T09:24:37","slug":"lets-get-cosy-with-sustainability","status":"publish","type":"page","link":"https:\/\/cosyowl.com\/sv\/sustainability","title":{"rendered":"L\u00e5t oss g\u00f6ra det mysigt med h\u00e5llbarhet"},"content":{"rendered":"<p>H\u00e4r p\u00e5 <a href=\"https:\/\/cosyowl.com\/sv\/\">Mysig uggla<\/a>\u00e4r vi seri\u00f6sa n\u00e4r det g\u00e4ller <a href=\"https:\/\/cosyowl.com\/sv\/guides\/the-truth-about-paraffin-wax-being-vegan-friendly\">H\u00e5llbarhet<\/a>. Vi arbetar st\u00e4ndigt med v\u00e5ra leverant\u00f6rer f\u00f6r att s\u00e4kerst\u00e4lla att v\u00e5ra material kommer fr\u00e5n lokala leverant\u00f6rer, d\u00e4r s\u00e5 \u00e4r m\u00f6jligt, f\u00f6r att undvika on\u00f6diga transporter. D\u00e4rf\u00f6r arbetar vi bara med leverant\u00f6rer som arbetar etiskt och h\u00e5llbart samtidigt som de producerar h\u00f6gkvalitativa <a href=\"https:\/\/cosyowl.com\/sv\/candle-wicks\/wedo-lx-wick-raw\">kvalitet<\/a> produkter som v\u00e5ra kunder har kommit att \u00e4lska och f\u00f6rv\u00e4nta sig.<\/p>\n<h2>V\u00e5ra \u00e5taganden<\/h2>\n<p style=\"font-size: 1.2em; margin-bottom: 2em; font-style: italic; color: #666\">\"Vi \u00e4r fast beslutna att bli en ledande leverant\u00f6r av h\u00e5llbart producerade hantverksprodukter.\"<\/p>\n<p>I <a href=\"https:\/\/cosyowl.com\/sv\/checkout\">ordning<\/a> F\u00f6r att uppn\u00e5 detta m\u00e5l ser vi kontinuerligt \u00f6ver v\u00e5ra processer och rutiner:<\/p>\n<ul>\n<li>Vi str\u00e4var efter att vara <strong>98% plastfri<\/strong> f\u00f6rpackningar senast i slutet av 2021. Vi anv\u00e4nder redan \u00e5tervinningsbara f\u00f6rpackningar n\u00e4r vi hanterar best\u00e4llningar.<\/li>\n<li>V\u00e5r nya <strong>100% <a href=\"https:\/\/cosyowl.com\/sv\/candle-making-supplies\/glitters\/apple-green-biodegradable\">biologiskt nedbrytbar<\/a> v\u00e4skor<\/strong> kommer att ers\u00e4tta de sista plastelementen i v\u00e5ra f\u00f6rpackningar senast i september 2021.<\/li>\n<li>Vi \u00e4r ocks\u00e5 fast beslutna att anv\u00e4nda etiskt framst\u00e4llda <a href=\"https:\/\/cosyowl.com\/sv\/candle-making-supplies\/fragrance-oils-for-candle-making\/all-fragrances\/honey-fragrance-oil\">naturlig<\/a> b\u00e4raroljor som \u00e4r certifierade av organisationer som RSPO.<\/li>\n<li>Vi k\u00f6per <strong>100% f\u00f6rnybara ingredienser<\/strong> n\u00e4r det \u00e4r m\u00f6jligt.<\/li>\n<li>V\u00e5r <strong>kurirer \u00e4r prisbel\u00f6nta<\/strong> och v\u00e4rldsledande n\u00e4r det g\u00e4ller att minska milj\u00f6p\u00e5verkan fr\u00e5n sina verksamheter.<\/li>\n<li>Vi arbetar med de ledande globala leverant\u00f6rerna av naturliga doftingredienser f\u00f6r att s\u00e4kerst\u00e4lla att de uppfyller kraven i <strong>h\u00f6gsta etiska och <a href=\"https:\/\/cosyowl.com\/sv\/candle-wicks\/wedo-eco-wick-raw\">h\u00e5llbar<\/a> ink\u00f6p<\/strong> standarder i branschen.<\/li>\n<li>Vi k\u00f6per el fr\u00e5n <strong><a href=\"https:\/\/cosyowl.com\/sv\/fragrance-oils\/fresh-cut-grass\">gr\u00f6n<\/a> endast k\u00e4llor<\/strong>Vi v\u00e4rmer v\u00e5ra anl\u00e4ggningar med h\u00e5llbar energi och har utvecklat arbetsmetoder som minimerar v\u00e5r p\u00e5verkan.<\/li>\n<li><strong>Vi kommer att \u00f6verg\u00e5 fr\u00e5n doftflaskor av plast<\/strong> till glas- och aluminiumflaskor. Vi har redan p\u00e5b\u00f6rjat processen och kommer att forts\u00e4tta att fasa in detta f\u00f6r att slutf\u00f6ra \u00f6verg\u00e5ngen i slutet av \u00e5ret.<\/li>\n<li>Sist men inte minst, <strong>vi \u00e5tar oss att tillhandah\u00e5lla uppdaterad och saklig information<\/strong> till v\u00e5ra kunder.<\/li>\n<\/ul>\n<p>H\u00e5ll dig uppdaterad om v\u00e5ra p\u00e5g\u00e5ende \u00e5taganden. Prenumerera p\u00e5 v\u00e5rt nyhetsbrev i sidfoten nedan.<\/p>\n<h2>Ett faktabaserat f\u00f6rh\u00e5llningss\u00e4tt<\/h2>\n<p style=\"font-size: 1.2em; margin-bottom: 2em; font-style: italic; color: #666\">\"Ett av de st\u00f6rsta hindren f\u00f6r h\u00e5llbarhet \u00e4r<br \/>\n\u00e4r felaktig information\"<\/p>\n<p>Alla v\u00e5ra produkter \u00e4r m\u00e4rkta med '<strong>Cruelty Free<\/strong>\u2018, \u2018<strong>veganv\u00e4nlig<\/strong>', denna information \u00e4r fullst\u00e4ndigt dokumenterad fr\u00e5n leverans till produktion och leverans.<\/p>\n<p>N\u00e4rhelst produkter som vi anv\u00e4nder \u00e4r f\u00f6rem\u00e5l f\u00f6r h\u00e5llbarhetsfr\u00e5gor, t.ex. <strong>Sojavax<\/strong>Vi ser till att deras leverant\u00f6rer intygar att deras produkter uteslutande kommer fr\u00e5n h\u00e5llbara k\u00e4llor.<\/p>\n<p>M\u00e5nga vanliga <a href=\"https:\/\/cosyowl.com\/sv\/privacy\">Villkor<\/a> och begrepp kan vara missvisande om de inte f\u00f6rklaras ordentligt, det \u00e4r d\u00e4rf\u00f6r vi st\u00e4ndigt uppdaterar v\u00e5r <a href=\"https:\/\/cosyowl.com\/sv\/guider\/?wmc-currency=EUR\">Blogg<\/a> med artiklar, anv\u00e4ndbara guider och utbildningsk\u00e4llor om h\u00e5llbarhet, produkter, processer och mycket mer.<\/p>\n<p>Vet du vad termer som<strong>naturligt identiska<\/strong>\u2018, \u2018<strong>organisk<\/strong>' och m\u00e5nga andra betyder? Tycker du att sojavax \u00e4r en h\u00e5llbar produkt?<\/p>\n<p>L\u00e4s mer om h\u00e5llbarhet och hantverksbranschen med dessa artiklar:<\/p>\n<ul>\n<li><a href=\"https:\/\/cosyowl.com\/sv\/guider\/nyckelbegrepp\/?wmc-currency=EUR\">Viktiga termer<\/a><\/li>\n<li><a href=\"https:\/\/cosyowl.com\/sv\/guider\/sanningen-om-att-paraffinvax-ar-veganvanligt\/?wmc-currency=EUR\">Sanningen om att paraffinvax \u00e4r veganv\u00e4nligt<\/a><\/li>\n<li><a href=\"https:\/\/cosyowl.com\/sv\/guider\/sojavax-for-ljustillverkning-en-nyborjarguide\/?wmc-currency=EUR\">Sojavax f\u00f6r ljustillverkning. En guide f\u00f6r nyb\u00f6rjare<\/a><\/li>\n<\/ul>\n<p><strong>L\u00e5t oss <a href=\"https:\/\/cosyowl.com\/sv\/guides\/how-to-make-wax-melts-at-home\">hantverk<\/a> en h\u00e5llbar framtid!<\/strong><\/p>","protected":false},"excerpt":{"rendered":"<p>Here at Cosy Owl, we are serious about sustainability. We work incessantly with our suppliers to ensure our materials are sourced locally, wherever possible, to avoid unnecessary transportation, that&#8217;s why we only work with suppliers who operate ethically and sustainably whilst producing the high quality products that our customers have come to love and expect. [&hellip;]<\/p>\n","protected":false},"author":3,"featured_media":0,"parent":0,"menu_order":0,"comment_status":"closed","ping_status":"closed","template":"","meta":{"_acf_changed":false,"footnotes":""},"class_list":["post-13350","page","type-page","status-publish","hentry"],"acf":[],"_links":{"self":[{"href":"https:\/\/cosyowl.com\/sv\/wp-json\/wp\/v2\/pages\/13350","targetHints":{"allow":["GET"]}}],"collection":[{"href":"https:\/\/cosyowl.com\/sv\/wp-json\/wp\/v2\/pages"}],"about":[{"href":"https:\/\/cosyowl.com\/sv\/wp-json\/wp\/v2\/types\/page"}],"author":[{"embeddable":true,"href":"https:\/\/cosyowl.com\/sv\/wp-json\/wp\/v2\/users\/3"}],"replies":[{"embeddable":true,"href":"https:\/\/cosyowl.com\/sv\/wp-json\/wp\/v2\/comments?post=13350"}],"version-history":[{"count":0,"href":"https:\/\/cosyowl.com\/sv\/wp-json\/wp\/v2\/pages\/13350\/revisions"}],"wp:attachment":[{"href":"https:\/\/cosyowl.com\/sv\/wp-json\/wp\/v2\/media?parent=13350"}],"curies":[{"name":"wp","href":"https:\/\/api.w.org\/{rel}","templated":true}]}}