{"id":1331,"date":"2020-12-09T09:12:07","date_gmt":"2020-12-09T09:12:07","guid":{"rendered":"https:\/\/cosyowl.com\/pbf-representative-example\/"},"modified":"2020-12-09T09:12:07","modified_gmt":"2020-12-09T09:12:07","slug":"pbf-representativt-exempel","status":"publish","type":"page","link":"https:\/\/cosyowl.com\/sv\/pbf-representative-example","title":{"rendered":"PBF Representativt exempel"},"content":{"rendered":"<p>Representativt exempel: Kontantpris , Ins\u00e4ttning , L\u00e5nebelopp , % APR representativt, R\u00e4ntesats % fast,  m\u00e5natliga amorteringar p\u00e5 , Total l\u00f6ptid p\u00e5 l\u00e5neavtalet  m\u00e5nader, Total avgift f\u00f6r kredit , Totalt belopp att betala<\/p>","protected":false},"excerpt":{"rendered":"<p>Representativt exempel: Kontantpris , Ins\u00e4ttning , L\u00e5nebelopp , % APR representativt, R\u00e4ntesats % fast,  m\u00e5natliga amorteringar p\u00e5 , Total l\u00f6ptid p\u00e5 l\u00e5neavtalet  m\u00e5nader, Total avgift f\u00f6r kredit , Totalt belopp att betala<\/p>","protected":false},"author":1,"featured_media":0,"parent":0,"menu_order":0,"comment_status":"closed","ping_status":"closed","template":"","meta":{"_acf_changed":false,"footnotes":""},"class_list":["post-1331","page","type-page","status-publish","hentry"],"acf":[],"_links":{"self":[{"href":"https:\/\/cosyowl.com\/sv\/wp-json\/wp\/v2\/pages\/1331","targetHints":{"allow":["GET"]}}],"collection":[{"href":"https:\/\/cosyowl.com\/sv\/wp-json\/wp\/v2\/pages"}],"about":[{"href":"https:\/\/cosyowl.com\/sv\/wp-json\/wp\/v2\/types\/page"}],"author":[{"embeddable":true,"href":"https:\/\/cosyowl.com\/sv\/wp-json\/wp\/v2\/users\/1"}],"replies":[{"embeddable":true,"href":"https:\/\/cosyowl.com\/sv\/wp-json\/wp\/v2\/comments?post=1331"}],"version-history":[{"count":0,"href":"https:\/\/cosyowl.com\/sv\/wp-json\/wp\/v2\/pages\/1331\/revisions"}],"wp:attachment":[{"href":"https:\/\/cosyowl.com\/sv\/wp-json\/wp\/v2\/media?parent=1331"}],"curies":[{"name":"wp","href":"https:\/\/api.w.org\/{rel}","templated":true}]}}