{"id":1330,"date":"2020-12-09T09:12:06","date_gmt":"2020-12-09T09:12:06","guid":{"rendered":"https:\/\/cosyowl.com\/finance-referred\/"},"modified":"2020-12-09T09:12:06","modified_gmt":"2020-12-09T09:12:06","slug":"finans-hanvisade","status":"publish","type":"page","link":"https:\/\/cosyowl.com\/sv\/finance-referred","title":{"rendered":"Finans Refererad"},"content":{"rendered":"<p><script src=\"https:\/\/woo.pbffinancecalculator.info\/shopify\/static\/handback.js\"><\/script><\/p>\n<div class=\"page-head\">\n<h3>Din ans\u00f6kan har h\u00e4nvisats<\/h3>\n<\/p><\/div>\n<p>Tack f\u00f6r att du v\u00e4ljer PaybyFinance som din metod f\u00f6r att <a href=\"https:\/\/cosyowl.com\/sv\/finance-declined\">Betalning<\/a> f\u00f6r ditt k\u00f6p fr\u00e5n . Din <a href=\"https:\/\/cosyowl.com\/sv\/guides\/how-to-use-fragrance-oils\">Till\u00e4mpning<\/a> har h\u00e4nvisats (<span id=\"order_id\"><\/span>).<\/p>\n<p>Hitachi Capital utv\u00e4rderar din ans\u00f6kan och om de beh\u00f6ver ytterligare information kommer de att kontakta dig.<\/p>\n<p>Hitachi Capital kommer normalt att l\u00e4mna ett slutligt besked inom de n\u00e4rmaste 24 timmarna.<\/p>","protected":false},"excerpt":{"rendered":"<p>Your Application has been referred Thank you for choosing PaybyFinance as your method of payment for your purchase from . Your Application has been referred (). Hitachi Capital are assessing your application and if they require any further information they will contact you. Hitachi Capital will normally provide a final decision within the next 24 [&hellip;]<\/p>\n","protected":false},"author":1,"featured_media":0,"parent":0,"menu_order":0,"comment_status":"closed","ping_status":"closed","template":"","meta":{"_acf_changed":false,"footnotes":""},"class_list":["post-1330","page","type-page","status-publish","hentry"],"acf":[],"_links":{"self":[{"href":"https:\/\/cosyowl.com\/sv\/wp-json\/wp\/v2\/pages\/1330","targetHints":{"allow":["GET"]}}],"collection":[{"href":"https:\/\/cosyowl.com\/sv\/wp-json\/wp\/v2\/pages"}],"about":[{"href":"https:\/\/cosyowl.com\/sv\/wp-json\/wp\/v2\/types\/page"}],"author":[{"embeddable":true,"href":"https:\/\/cosyowl.com\/sv\/wp-json\/wp\/v2\/users\/1"}],"replies":[{"embeddable":true,"href":"https:\/\/cosyowl.com\/sv\/wp-json\/wp\/v2\/comments?post=1330"}],"version-history":[{"count":0,"href":"https:\/\/cosyowl.com\/sv\/wp-json\/wp\/v2\/pages\/1330\/revisions"}],"wp:attachment":[{"href":"https:\/\/cosyowl.com\/sv\/wp-json\/wp\/v2\/media?parent=1330"}],"curies":[{"name":"wp","href":"https:\/\/api.w.org\/{rel}","templated":true}]}}